{"id":36920,"date":"2016-09-25T23:28:37","date_gmt":"2016-09-25T23:28:37","guid":{"rendered":"https:\/\/www.myaquastore.com\/product\/bomba-cascata-para-lago-sunsun-ce-gs-140w-cqb-8003\/"},"modified":"2025-03-16T08:45:02","modified_gmt":"2025-03-16T08:45:02","slug":"bomba-cascata-para-lago-sunsun-ce-gs-140w-cqb-8003","status":"publish","type":"product","link":"https:\/\/www.myaquastore.com\/pt-br\/produto\/bomba-cascata-para-lago-sunsun-ce-gs-140w-cqb-8003\/","title":{"rendered":"Bomba cascata para lago SUNSUN CE\/GS 140w CQB-8003"},"content":{"rendered":"<div style=\"clear:both\"><\/div>\n<p><span style=\"font-size:18px\"><strong><span style=\"font-family:'Times New Roman'\">Recursos<\/span><\/strong><\/span><\/p>\n<p><span style=\"font-size:10.5pt;font-family:'Times New Roman'\">1.esta bomba \u00e9 adequada para lagos e aqu\u00e1rios tanques<\/span><\/p>\n<p><span style=\"font-size:10.5pt;font-family:'Times New Roman'\">2.o design da cesta de filtro grande torna a manuten\u00e7\u00e3o t\u00e3o longa<\/span><\/p>\n<p><span style=\"font-size:10.5pt;font-family:'Times New Roman'\">3.o motor de assincronismo produz baixo ru\u00eddo e baixo consumo<\/span><\/p>\n<p><span style=\"font-size:10.5pt;font-family:'Times New Roman'\">4.design de rotor especial. Ambos para frescos e marinhos<\/span><\/p>\n<p><span style=\"font-size:10.5pt;font-family:'Times New Roman'\">5.design de ajustador duplo pode transformar fontes e outras exibi\u00e7\u00f5es de \u00e1gua t\u00e3o facilmente.<\/span><\/p>\n<\/p>\n<p><strong><span style=\"font-size:18px;font-family:'Times New Roman'\">Par\u00e2metro<\/span><\/strong><\/p>\n<p><strong><span style=\"font-size:18px;font-family:'Times New Roman'\"><img loading=\"lazy\" decoding=\"async\" alt=\"SUNSUN CE\/GS 140w Bomba Cachoeira para Lagoa CQB-8003\" src=\"http:\/\/localhost\/media\/import\/detail\/551299683_550.jpg\" width=\"700\" height=\"256\"><\/span><\/strong><\/p>\n<p><strong><\/strong> <\/p>\n<p><strong><span style=\"font-size:18px;font-family:'Times New Roman'\">Curvas de fun\u00e7\u00e3o<\/span><\/strong><\/p>\n<p><strong><span style=\"font-size:18px;font-family:'Times New Roman'\"><img decoding=\"async\" alt=\"SUNSUN CE\/GS 140w Pond Waterfall Pump CQB-8003\" src=\"http:\/\/localhost\/media\/import\/detail\/551350615_954.jpg\"><\/span><\/strong><\/p>\n<\/p>\n<p><img decoding=\"async\" alt=\"SUNSUN CE\/GS 140w Bomba Cachoeira para Lagoa CQB-8003\" src=\"http:\/\/localhost\/media\/import\/detail\/809230047_259.jpg\"><\/p>\n<p><span style=\"font-size:18px\"><strong> Bomba cascata para lago<\/strong><\/span><\/p>\n<p><span style=\"font-size:10.5pt;font-family:'Times New Roman'\"><img loading=\"lazy\" decoding=\"async\" alt=\"SUNSUN CE\/GS 140w Bomba cascata para lago CQB-8003\" src=\"http:\/\/localhost\/media\/import\/detail\/518122431_847.jpg\" width=\"500\" height=\"500\"><\/span><\/p>\n<div style=\"clear:both\"><\/div>\n","protected":false},"excerpt":{"rendered":"<p>Bomba cascata para lago SUNSUN CE\/GS 140w CQB-8003<\/p>\n","protected":false},"featured_media":5847,"comment_status":"open","ping_status":"closed","template":"","meta":[],"product_brand":[],"product_cat":[1374],"product_tag":[],"class_list":{"0":"post-36920","1":"product","2":"type-product","3":"status-publish","4":"has-post-thumbnail","6":"product_cat-bombas-de-agua-e-cabecas-poderosas","8":"first","9":"instock","10":"shipping-taxable","11":"purchasable","12":"product-type-simple"},"_links":{"self":[{"href":"https:\/\/www.myaquastore.com\/pt-br\/wp-json\/wp\/v2\/product\/36920","targetHints":{"allow":["GET"]}}],"collection":[{"href":"https:\/\/www.myaquastore.com\/pt-br\/wp-json\/wp\/v2\/product"}],"about":[{"href":"https:\/\/www.myaquastore.com\/pt-br\/wp-json\/wp\/v2\/types\/product"}],"replies":[{"embeddable":true,"href":"https:\/\/www.myaquastore.com\/pt-br\/wp-json\/wp\/v2\/comments?post=36920"}],"wp:featuredmedia":[{"embeddable":true,"href":"https:\/\/www.myaquastore.com\/pt-br\/wp-json\/wp\/v2\/media\/5847"}],"wp:attachment":[{"href":"https:\/\/www.myaquastore.com\/pt-br\/wp-json\/wp\/v2\/media?parent=36920"}],"wp:term":[{"taxonomy":"product_brand","embeddable":true,"href":"https:\/\/www.myaquastore.com\/pt-br\/wp-json\/wp\/v2\/product_brand?post=36920"},{"taxonomy":"product_cat","embeddable":true,"href":"https:\/\/www.myaquastore.com\/pt-br\/wp-json\/wp\/v2\/product_cat?post=36920"},{"taxonomy":"product_tag","embeddable":true,"href":"https:\/\/www.myaquastore.com\/pt-br\/wp-json\/wp\/v2\/product_tag?post=36920"}],"curies":[{"name":"wp","href":"https:\/\/api.w.org\/{rel}","templated":true}]}}