{"id":36929,"date":"2016-09-25T23:28:37","date_gmt":"2016-09-25T23:28:37","guid":{"rendered":"https:\/\/www.myaquastore.com\/product\/luz-uv-1500l-h-do-tanque-de-peixes-de-sunsun-ce-gs-cuv-209\/"},"modified":"2025-03-16T08:45:05","modified_gmt":"2025-03-16T08:45:05","slug":"luz-uv-1500l-h-do-tanque-de-peixes-de-sunsun-ce-gs-cuv-209","status":"publish","type":"product","link":"https:\/\/www.myaquastore.com\/pt-br\/produto\/luz-uv-1500l-h-do-tanque-de-peixes-de-sunsun-ce-gs-cuv-209\/","title":{"rendered":"Luz uv 1500L\/h do tanque de peixes de SUNSUN CE\/GS CUV-209"},"content":{"rendered":"<div style=\"clear:both\"><\/div>\n<p align=\"center\"><span style=\"font-size:24px\"><strong><span style=\"font-family:'Arial','sans-serif';color:red\">SUNSUN <\/span><\/strong><strong><span style=\"font-family:'Arial','sans-serif';color:black\"> CUV-209<\/span><\/strong><span style=\"font-family:'Arial','sans-serif';color:black\"> <strong><span style=\"font-family:'Arial','sans-serif';background:white\">Luz UV do aqu\u00e1rio<\/span><\/strong><\/span><\/span> <\/p>\n<p><span style=\"background-color:#ffff00\"><strong><span style=\"font-size:18pt;font-family:'Arial','sans-serif';color:black\">CUV-209 <\/span><\/strong><strong><span style=\"font-size:13.5pt;font-family:Arial, sans-serif;color:black\">Tanque UV Light <\/span><\/strong><strong><span style=\"font-size:14pt;font-family:Arial, sans-serif;color:black\">Par\u00e2metro<\/span><\/strong><\/span><\/p>\n<p><span style=\"font-size:13.5pt;font-family:'Arial','sans-serif';color:black\">Tens\u00e3o: 110V\/220V\/240V<\/span><\/p>\n<p><span style=\"font-size:13.5pt;font-family:'Arial','sans-serif';color:black\">Frequ\u00eancia: 50Hz\/60Hz <\/span><\/p>\n<p><span style=\"font-size:13.5pt;font-family:'Arial','sans-serif';color:black\">Pot\u00eancia: 12W<\/span><\/p>\n<p><span style=\"font-size:13.5pt;font-family:'Arial','sans-serif';color:black\">Pot\u00eancia UV: 1x9W<\/span><\/p>\n<p><span style=\"font-size:13.5pt;font-family:'Arial','sans-serif';color:black\">Capacidade: 8000L<\/span><\/p>\n<p><span style=\"font-size:13.5pt;font-family:'Arial','sans-serif';color:black\">Press\u00e3o m\u00e1xima: 0,3par<\/span><\/p>\n<p><span style=\"font-size:13.5pt;font-family:'Arial','sans-serif';color:black\">Fluxo de \u00e1gua: 1500L\/h<\/span><\/p>\n<p><span style=\"font-size:13.5pt;font-family:'Arial','sans-serif';color:black\">Comprimento: 276mm<\/span><\/p>\n<p><strong><span style=\"font-size:14pt;font-family:'Arial','sans-serif';color:red\">Garantia GRATUITA de 12 meses!!!<\/span><\/strong><\/p>\n<p><span style=\"font-size:9pt;font-family:Arial, sans-serif;color:#ffffff\"> tank uv light <\/span><\/p>\n<p><span style=\"background-color:#ffff00\"><strong><span style=\"font-size:13.5pt;font-family:Arial, sans-serif;color:black\">Luz UV do tanque <\/span><\/strong><strong><span style=\"font-size:14pt;font-family:Arial, sans-serif;color:black\">Recursos<\/span><\/strong><\/span><\/p>\n<p><span style=\"font-size:medium;font-family:'Arial','sans-serif';color:black\">1. Forte libera\u00e7\u00e3o de energia de raios ultravioleta, efetivamente limpa as bact\u00e9rias prejudiciais na \u00e1gua<\/span><\/p>\n<p><span style=\"font-size:medium;font-family:'Arial','sans-serif';color:black\">2. Design especial de inv\u00f3lucro girat\u00f3rio do cilindro interno, fornecendo a \u00e1gua <\/span><span style=\"font-size:medium;font-family:'Arial','sans-serif';color:black\">fluxo de esteriliza\u00e7\u00e3o totalmente eficiente<\/span><\/p>\n<p><span style=\"font-size:medium;font-family:'Arial','sans-serif';color:black\">3. 360 ??rota\u00e7\u00e3o livre da sa\u00edda de \u00e1gua e entrada de \u00e1gua.<\/span><\/p>\n<p><span style=\"font-size:medium;font-family:'Arial','sans-serif';color:black\">4. Carca\u00e7a de pl\u00e1stico resistente a UV, poder de borracha resistente \u00e0 \u00e1gua de alta qualidade <\/span><span style=\"font-family:'Arial','sans-serif';color:black\"><span style=\"font-size:medium\">cord\u00e3o. <\/span><\/span><\/p>\n<p><span style=\"font-size:medium;font-family:'Arial','sans-serif';color:black\">5. Adequado para tanques de peixes e lagoas ao ar livre<\/span><\/p>\n<p><span style=\"font-size:medium;font-family:'Arial','sans-serif';color:black\">6. Tamanho e pot\u00eancia diferentes para escolha. Reator eletr\u00f4nico de 3W a 95W<\/span><\/p>\n<p><span style=\"color:#ffffff\"> tanque de luz uv <\/span><\/p>\n<p><span style=\"background-color:#ffff00\"><strong><span style=\"font-size:14pt;font-family:Arial, sans-serif;color:black\">Outro<\/span><\/strong><strong><span style=\"font-size:13.5pt;font-family:Arial, sans-serif;color:black\"> Luz UV do tanque<\/span><\/strong><\/span><strong><span style=\"font-size:14pt;font-family:'Arial','sans-serif';background:white;color:black\"><span style=\"background-color:#ffff00\"> Par\u00e2metro<\/span><img loading=\"lazy\" decoding=\"async\" alt=\"SUNSUN CE\/GS tanque de peixes luz uv 1500L\/h\" src=\"http:\/\/localhost\/media\/import\/detail\/736346902_007.jpg\" width=\"800\" height=\"251\"><\/span><\/strong><\/p>\n<p><span style=\"font-size:9pt;font-family:'Arial','sans-serif';color:black\"> <img loading=\"lazy\" decoding=\"async\" alt=\"SUNSUN CE\/GS tanque de peixes luz uv 1500L\/h\" src=\"http:\/\/localhost\/media\/import\/detail\/736346896_580.jpg\" width=\"800\" height=\"234\"><\/span><\/p>\n<p><strong><span style=\"font-size:13.5pt;font-family:'Arial','sans-serif';background:white;color:black\">Luz UV do tanque<\/span><\/strong><strong><span style=\"font-size:14pt;font-family:'Arial','sans-serif';background:white;color:black\"> Display<\/span><\/strong><\/p>\n<p><span style=\"font-size:9pt;font-family:'Arial','sans-serif';color:black\"> <img decoding=\"async\" alt=\"SUNSUN CE\/GS tanque de peixes luz uv 1500L\/h\" src=\"http:\/\/localhost\/media\/import\/detail\/739643081_828.jpg\"><img decoding=\"async\" alt=\"SUNSUN CE\/GS tanque de peixes luz uv 1500L\/h\" src=\"http:\/\/localhost\/media\/import\/detail\/739643092_686.jpg\"><img decoding=\"async\" alt=\"SUNSUN CE\/GS aqu\u00e1rio luz uv 1500L\/h\" src=\"http:\/\/localhost\/media\/import\/detail\/739643098_732.jpg\"><img decoding=\"async\" alt=\"SUNSUN CE\/GS aqu\u00e1rio luz uv 1500L\/h\" src=\"http:\/\/localhost\/media\/import\/detail\/739643101_491.jpg\"><img decoding=\"async\" alt=\"SUNSUN CE\/GS tanque de peixes luz uv 1500L\/h\" src=\"http:\/\/localhost\/media\/import\/detail\/739643107_230.jpg\"><img decoding=\"async\" alt=\"SUNSUN CE\/GS tanque de peixes luz uv 1500L\/h\" src=\"http:\/\/localhost\/media\/import\/detail\/739643114_646.jpg\"><\/span><\/p>\n<\/p>\n<p><strong><span style=\"font-size:13.5pt;font-family:'Arial','sans-serif';background:white;color:black\">Aplica\u00e7\u00e3o de tanque UV Luz<\/span><\/strong><\/p>\n<p><strong><\/strong><strong><\/strong><span style=\"font-size:13.5pt;font-family:'Arial','sans-serif';color:black\">Por favor, mantenha a \u00e1gua limpa.<\/span><\/p>\n<p><span style=\"font-size:medium;font-family:'Arial','sans-serif';color:black\">A luz UV pode ser conectada ao filtro da lagoa e \u00e0 bomba diretamente como um sistema para trabalhar profissionalmente em jardins ou lagoas, o primeiro processo para clarificar a \u00e1gua. style=&#8221;font-size:12pt;font-family:&#8217;Arial&#8217;,&#8217;sans-serif&#8217;;color:black;&#8221;&gt;ser usado com nossas bombas de \u00e1gua de aqu\u00e1rio s\u00e9rie HQJ e s\u00e9rie JP.<\/span> <\/span><\/p>\n<\/p>\n<div style=\"clear:both\"><\/div>\n","protected":false},"excerpt":{"rendered":"<p>Luz uv 1500L\/h do tanque de peixes de SUNSUN CE\/GS CUV-209<\/p>\n","protected":false},"featured_media":5865,"comment_status":"open","ping_status":"closed","template":"","meta":[],"product_brand":[],"product_cat":[627],"product_tag":[],"class_list":{"0":"post-36929","1":"product","2":"type-product","3":"status-publish","4":"has-post-thumbnail","6":"product_cat-filtros-de-aquario","8":"first","9":"instock","10":"shipping-taxable","11":"purchasable","12":"product-type-simple"},"_links":{"self":[{"href":"https:\/\/www.myaquastore.com\/pt-br\/wp-json\/wp\/v2\/product\/36929","targetHints":{"allow":["GET"]}}],"collection":[{"href":"https:\/\/www.myaquastore.com\/pt-br\/wp-json\/wp\/v2\/product"}],"about":[{"href":"https:\/\/www.myaquastore.com\/pt-br\/wp-json\/wp\/v2\/types\/product"}],"replies":[{"embeddable":true,"href":"https:\/\/www.myaquastore.com\/pt-br\/wp-json\/wp\/v2\/comments?post=36929"}],"wp:featuredmedia":[{"embeddable":true,"href":"https:\/\/www.myaquastore.com\/pt-br\/wp-json\/wp\/v2\/media\/5865"}],"wp:attachment":[{"href":"https:\/\/www.myaquastore.com\/pt-br\/wp-json\/wp\/v2\/media?parent=36929"}],"wp:term":[{"taxonomy":"product_brand","embeddable":true,"href":"https:\/\/www.myaquastore.com\/pt-br\/wp-json\/wp\/v2\/product_brand?post=36929"},{"taxonomy":"product_cat","embeddable":true,"href":"https:\/\/www.myaquastore.com\/pt-br\/wp-json\/wp\/v2\/product_cat?post=36929"},{"taxonomy":"product_tag","embeddable":true,"href":"https:\/\/www.myaquastore.com\/pt-br\/wp-json\/wp\/v2\/product_tag?post=36929"}],"curies":[{"name":"wp","href":"https:\/\/api.w.org\/{rel}","templated":true}]}}