{"id":36931,"date":"2016-09-25T23:28:37","date_gmt":"2016-09-25T23:28:37","guid":{"rendered":"https:\/\/www.myaquastore.com\/product\/varias-bombas-submersiveis-de-fonte-de-agua-de-lago-bomba-de-agua-de-fonte-de-jardim-bomba-de-fonte-de-agua-jtp-9000rf\/"},"modified":"2025-03-16T08:45:05","modified_gmt":"2025-03-16T08:45:05","slug":"varias-bombas-submersiveis-de-fonte-de-agua-de-lago-bomba-de-agua-de-fonte-de-jardim-bomba-de-fonte-de-agua-jtp-9000rf","status":"publish","type":"product","link":"https:\/\/www.myaquastore.com\/pt-br\/produto\/varias-bombas-submersiveis-de-fonte-de-agua-de-lago-bomba-de-agua-de-fonte-de-jardim-bomba-de-fonte-de-agua-jtp-9000rf\/","title":{"rendered":"V\u00e1rias bombas submers\u00edveis de fonte de \u00e1gua de lago\/bomba de \u00e1gua de fonte de jardim\/bomba de fonte de \u00e1gua JTP-9000RF"},"content":{"rendered":"<div style=\"clear:both\"><\/div>\n<div id=\"ali-anchor-AliPostDhMb-h08k9\" style=\"padding-top:8px\" data-section-title=\"banners\" data-section=\"AliPostDhMb-h08k9\">\n<div style=\"padding-bottom:10px;padding-top:10px;padding-left:0px;padding-right:0px\">\n<\/div>\n<\/div>\n<p style=\"text-align:center\" data-section-blank=\"AliPostDhMb-swcqw\"><span style=\"font-size:32px\"><strong><span style=\"font-size:24px\">V\u00e1rias bombas de fonte de \u00e1gua submers\u00edveis para lago\/bomba de \u00e1gua para fonte de jardim\/bomba de fonte de \u00e1gua<\/span> <\/strong><strong><\/strong><span style=\"font-family:Calibri,zapf dingbats\"><strong><br \/><\/strong><\/span><\/span><\/p>\n<p data-section-blank=\"AliPostDhMb-swcqw\"><span style=\"font-family:Calibri,zapf dingbats\"><img decoding=\"async\" alt=\".jpg\" src=\"http:\/\/localhost\/media\/import\/detail\/HTB1_Vh7FVXXXXc.XFXXq6xXFXXXD.jpg\"> <span style=\"color:#ffffff\">bomba de jardim<\/span> <span style=\"color:#ffffff\">222 bomba para lago bomba para lago <\/span><\/span><span style=\"font-size:24px;font-family:Calibri,zapf dingbats;line-height:36px\"><br \/><\/span><\/p>\n<div id=\"ali-anchor-AliPostDhMb-swcqw\" style=\"padding-top:8px\" data-section-title=\"Descri\u00e7\u00e3o do produto\" data-section=\"AliPostDhMb-swcqw\">\n<div id=\"ali-title-AliPostDhMb-swcqw\" style=\"border-bottom:#ddd 1px solid;padding-bottom:8px;padding-top:8px;padding-left:0px;padding-right:0px\"><span style=\"font-weight:bold;color:#333;padding-bottom:8px;padding-top:8px;padding-left:10px;line-height:12px;padding-right:10px;background-color:#ddd\">Descri\u00e7\u00e3o do produto<\/span><\/div>\n<div style=\"padding-bottom:10px;padding-top:10px;padding-left:10px;padding-right:10px\">\n<p><span style=\"font-family:Calibri,zapf dingbats\"> <\/span><\/p>\n<div style=\"height:42px;width:750px\">\n<div style=\"height:42px;float:left;width:25px;background-color:#00ccff\"><span style=\"font-family:Calibri,zapf dingbats\"> <\/span><\/div>\n<div style=\"height:30px;float:right;color:#ffffff;padding-bottom:5px;padding-top:5px;padding-left:0px;padding-right:0px;width:720px;background-color:#0099ff\">\n<div style=\"font-size:24px;border-top:#ffffff 1px s\u00f3lido\"><span style=\"font-family:Calibri,zapf dingbats\">Par\u00e2metro da bomba da fonte de \u00e1gua da lagoa<\/span><span style=\"font-family:Calibri,zapf dingbats\"> <br \/><\/span><\/div>\n<\/div>\n<\/div>\n<table class=\"aliDataTable\" style=\"height:159px;width:700px\">\n<tbody>\n<tr align=\"left\">\n<td style=\"width:53.25pt\" valign=\"top\">\n<p><span style=\"font-size:16px;font-family:Calibri,zapf dingbats\">Modelo<\/span><\/p>\n<\/td>\n<td style=\"width:53.25pt\" valign=\"top\">\n<p><span style=\"font-size:16px;font-family:Calibri,zapf dingbats\">Tens\u00e3o<\/span><\/p>\n<\/td>\n<td style=\"width:53.25pt\" valign=\"top\">\n<p><span style=\"font-size:16px;font-family:Calibri,zapf dingbats\">Frequ\u00eancia<\/span><\/p>\n<\/td>\n<td style=\"width:53.25pt\" valign=\"top\">\n<p><span style=\"font-size:16px;font-family:Calibri,zapf dingbats\">Poder<\/span><\/p>\n<\/td>\n<td style=\"width:53.25pt\" valign=\"top\">\n<p><span style=\"font-size:16px;font-family:Calibri,zapf dingbats\">H-max<\/span><\/p>\n<\/td>\n<td style=\"width:53.25pt\" valign=\"top\">\n<p><span style=\"font-size:16px;font-family:Calibri,zapf dingbats\">Sa\u00edda<\/span><\/p>\n<\/td>\n<td style=\"width:53.3pt\" valign=\"top\">\n<p><span style=\"font-size:16px;font-family:Calibri,zapf dingbats\">Dimens\u00f5es<\/span><\/p>\n<\/td>\n<\/tr>\n<tr align=\"left\">\n<td valign=\"top\">\n<p><span style=\"font-size:16px;font-family:Calibri,zapf dingbats\">JTP-4000RF<\/span><\/p>\n<\/td>\n<td valign=\"top\">\n<p><span style=\"font-size:16px;font-family:Calibri,zapf dingbats\">110V\/220V\/240V<\/span><\/p>\n<\/td>\n<td valign=\"top\">\n<p><span style=\"font-size:16px;font-family:Calibri,zapf dingbats;background:#ffffff;color:#000000\">50Hz\/60Hz<\/span><\/p>\n<\/td>\n<td valign=\"top\">\n<p><span style=\"font-size:16px;font-family:Calibri,zapf dingbats\">25W<\/span><\/p>\n<\/td>\n<td valign=\"top\">\n<p><span style=\"font-size:16px;font-family:Calibri,zapf dingbats\">3,2m<\/span><\/p>\n<\/td>\n<td valign=\"top\">\n<p><span style=\"font-size:16px;font-family:Calibri,zapf dingbats\">4000L\/h<\/span><\/p>\n<\/td>\n<td valign=\"top\">\n<p><span style=\"font-size:16px;font-family:Calibri,zapf dingbats\">252*123*137mm<\/span><\/p>\n<\/td>\n<\/tr>\n<tr align=\"left\">\n<td valign=\"top\">\n<p><span style=\"font-size:16px;font-family:Calibri,zapf dingbats\">JTP-5000RF<\/span><\/p>\n<\/td>\n<td valign=\"top\">\n<p><span style=\"font-size:16px;font-family:Calibri,zapf dingbats\">110V\/220V\/240V<\/span><\/p>\n<\/td>\n<td valign=\"top\">\n<p><span style=\"font-size:16px;font-family:Calibri,zapf dingbats;background:#ffffff;color:#000000\">50Hz\/60Hz<\/span><\/p>\n<\/td>\n<td valign=\"top\">\n<p><span style=\"font-size:16px;font-family:Calibri,zapf dingbats\">30W<\/span><\/p>\n<\/td>\n<td valign=\"top\">\n<p><span style=\"font-size:16px;font-family:Calibri,zapf dingbats\">3,6m<\/span><\/p>\n<\/td>\n<td valign=\"top\">\n<p><span style=\"font-size:16px;font-family:Calibri,zapf dingbats\">5000L\/h<\/span><\/p>\n<\/td>\n<td valign=\"top\">\n<p><span style=\"font-size:16px;font-family:Calibri,zapf dingbats\">252*123*137mm<\/span><\/p>\n<\/td>\n<\/tr>\n<tr align=\"left\">\n<td valign=\"top\">\n<p><span style=\"font-size:16px;font-family:Calibri,zapf dingbats\">JTP-6000RF<\/span><\/p>\n<\/td>\n<td valign=\"top\">\n<p><span style=\"font-size:16px;font-family:Calibri,zapf dingbats\">110V\/220V\/240V<\/span><\/p>\n<\/td>\n<td valign=\"top\">\n<p><span style=\"font-size:16px;font-family:Calibri,zapf dingbats;background:#ffffff;color:#000000\">50Hz\/60Hz<\/span><\/p>\n<\/td>\n<td valign=\"top\">\n<p><span style=\"font-size:16px;font-family:Calibri,zapf dingbats\">40W<\/span><\/p>\n<\/td>\n<td valign=\"top\">\n<p><span style=\"font-size:16px;font-family:Calibri,zapf dingbats\">4,0m<\/span><\/p>\n<\/td>\n<td valign=\"top\">\n<p><span style=\"font-size:16px;font-family:Calibri,zapf dingbats\">6000L\/h<\/span><\/p>\n<\/td>\n<td valign=\"top\">\n<p><span style=\"font-size:16px;font-family:Calibri,zapf dingbats\">252*123*137mm<\/span><\/p>\n<\/td>\n<\/tr>\n<tr align=\"left\">\n<td valign=\"top\">\n<p><span style=\"font-size:16px;font-family:Calibri,zapf dingbats\">JTP-7000RF<\/span><\/p>\n<\/td>\n<td valign=\"top\">\n<p><span style=\"font-size:16px;font-family:Calibri,zapf dingbats\">110V\/220V\/240V<\/span><\/p>\n<\/td>\n<td valign=\"top\">\n<p><span style=\"font-size:16px;font-family:Calibri,zapf dingbats;background:#ffffff;color:#000000\">50Hz\/60Hz<\/span><\/p>\n<\/td>\n<td valign=\"top\">\n<p><span style=\"font-size:16px;font-family:Calibri,zapf dingbats\">50W<\/span><\/p>\n<\/td>\n<td valign=\"top\">\n<p><span style=\"font-size:16px;font-family:Calibri,zapf dingbats\">4,4m<\/span><\/p>\n<\/td>\n<td valign=\"top\">\n<p><span style=\"font-size:16px;font-family:Calibri,zapf dingbats\">7000L\/h<\/span><\/p>\n<\/td>\n<td valign=\"top\">\n<p><span style=\"font-size:16px;font-family:Calibri,zapf dingbats\">252*123*137mm<\/span><\/p>\n<\/td>\n<\/tr>\n<tr align=\"left\">\n<td valign=\"top\">\n<p><span style=\"font-size:16px;font-family:Calibri,zapf dingbats\">JTP-8000RF<\/span><\/p>\n<\/td>\n<td valign=\"top\">\n<p><span style=\"font-size:16px;font-family:Calibri,zapf dingbats\">110V\/220V\/240V<\/span><\/p>\n<\/td>\n<td valign=\"top\">\n<p><span style=\"font-size:16px;font-family:Calibri,zapf dingbats;background:#ffffff;color:#000000\">50Hz\/60Hz<\/span><\/p>\n<\/td>\n<td valign=\"top\">\n<p><span style=\"font-size:16px;font-family:Calibri,zapf dingbats\">60W<\/span><\/p>\n<\/td>\n<td valign=\"top\">\n<p><span style=\"font-size:16px;font-family:Calibri,zapf dingbats\">4,8m<\/span><\/p>\n<\/td>\n<td valign=\"top\">\n<p><span style=\"font-size:16px;font-family:Calibri,zapf dingbats\">8000L\/h<\/span><\/p>\n<\/td>\n<td valign=\"top\">\n<p><span style=\"font-size:16px;font-family:Calibri,zapf dingbats\">252*123*137mm<\/span><\/p>\n<\/td>\n<\/tr>\n<tr align=\"left\">\n<td valign=\"top\">\n<p><span style=\"font-size:16px;font-family:Calibri,zapf dingbats;background-color:#339966\">JTP-9000RF<\/span><\/p>\n<\/td>\n<td valign=\"top\">\n<p><span style=\"font-size:16px;font-family:Calibri,zapf dingbats\">110V\/220V\/240V<\/span><\/p>\n<\/td>\n<td valign=\"top\">\n<p><span style=\"font-size:16px;font-family:Calibri,zapf dingbats\">50Hz\/60Hz<\/span><\/p>\n<\/td>\n<td valign=\"top\">\n<p><span style=\"font-size:16px;font-family:Calibri,zapf dingbats;background-color:#339966\">70W<\/span><\/p>\n<\/td>\n<td valign=\"top\">\n<p><span style=\"font-size:16px;font-family:Calibri,zapf dingbats;background-color:#339966\">5,2m<\/span><\/p>\n<\/td>\n<td valign=\"top\">\n<p><span style=\"font-size:16px;font-family:Calibri,zapf dingbats\">9000L\/h<\/span><\/p>\n<\/td>\n<td valign=\"top\">\n<p><span style=\"font-size:16px;font-family:Calibri,zapf dingbats;background-color:#339966\">252*123*137mm<br \/><\/span><\/p>\n<\/td>\n<\/tr>\n<\/tbody>\n<\/table>\n<p style=\"text-align:center\"><span style=\"font-size:10px;color:#ffffff\">bomba de fonte <\/span><\/p>\n<p style=\"text-align:center\">\n<div style=\"height:42px;width:750px\">\n<div style=\"height:42px;float:left;width:25px;background-color:#00ccff\"><span style=\"font-family:Calibri,zapf dingbats\"> <\/span><\/div>\n<div style=\"height:30px;float:right;color:#ffffff;padding-bottom:5px;padding-top:5px;padding-left:0px;padding-right:0px;width:720px;background-color:#0099ff\">\n<div style=\"font-size:24px;border-top:#ffffff 1px s\u00f3lido\"><span style=\"font-family:Calibri,zapf dingbats\"><span style=\"font-family:Calibri,zapf dingbats\">Exibi\u00e7\u00e3o da bomba de fonte de \u00e1gua para lago<\/span> <\/span><\/div>\n<\/div>\n<\/div>\n<p style=\"text-align:center\"><span style=\"font-family:Calibri,zapf dingbats\"><img decoding=\"async\" alt=\"Em 2015, v\u00e1rios estilos de bomba submers\u00edvel para fonte de \u00e1gua para lago de jardim\" src=\"http:\/\/localhost\/media\/import\/detail\/HTB1XBlpIXXXXXXvXXXXq6xXFXXXS.jpg\"><img decoding=\"async\" alt=\"Em 2015, v\u00e1rios estilos de bomba de fonte de \u00e1gua submers\u00edvel para lago de jardim\" src=\"http:\/\/localhost\/media\/import\/detail\/HTB1MpRqIXXXXXXmXXXXq6xXFXXXT.jpg\"><img decoding=\"async\" alt=\"Em 2015, v\u00e1rios estilos de bomba de fonte de \u00e1gua submers\u00edvel para lago de jardim\" src=\"http:\/\/localhost\/media\/import\/detail\/HTB1oNXjIXXXXXc6XXXXq6xXFXXXI.jpg\"><img decoding=\"async\" alt=\"Em 2015, v\u00e1rios estilos de bomba de fonte de \u00e1gua submers\u00edvel para lago de jardim\" src=\"http:\/\/localhost\/media\/import\/detail\/HTB1ty4lIXXXXXaKXXXXq6xXFXXX6.jpg\"><img decoding=\"async\" alt=\"Em 2015, v\u00e1rios estilos de bomba submers\u00edvel para fonte de \u00e1gua para lago de jardim\" src=\"http:\/\/localhost\/media\/import\/detail\/HTB10Ps3HVXXXXXRXVXXq6xXFXXX3.jpg\"><\/span><\/p>\n<\/div>\n<\/div>\n<div id=\"ali-anchor-AliPostDhMb-9t12m\" style=\"padding-top:8px\" data-section-title=\"Informa\u00e7\u00f5es da empresa\" data-section=\"AliPostDhMb-9t12m\"> <\/div>\n","protected":false},"excerpt":{"rendered":"<p>V\u00e1rias bombas submers\u00edveis de fonte de \u00e1gua de lago\/bomba de \u00e1gua de fonte de jardim\/bomba de fonte de \u00e1gua JTP-9000RF<\/p>\n","protected":false},"featured_media":5869,"comment_status":"open","ping_status":"closed","template":"","meta":[],"product_brand":[],"product_cat":[1374],"product_tag":[],"class_list":{"0":"post-36931","1":"product","2":"type-product","3":"status-publish","4":"has-post-thumbnail","6":"product_cat-bombas-de-agua-e-cabecas-poderosas","8":"first","9":"instock","10":"shipping-taxable","11":"purchasable","12":"product-type-simple"},"_links":{"self":[{"href":"https:\/\/www.myaquastore.com\/pt-br\/wp-json\/wp\/v2\/product\/36931","targetHints":{"allow":["GET"]}}],"collection":[{"href":"https:\/\/www.myaquastore.com\/pt-br\/wp-json\/wp\/v2\/product"}],"about":[{"href":"https:\/\/www.myaquastore.com\/pt-br\/wp-json\/wp\/v2\/types\/product"}],"replies":[{"embeddable":true,"href":"https:\/\/www.myaquastore.com\/pt-br\/wp-json\/wp\/v2\/comments?post=36931"}],"wp:featuredmedia":[{"embeddable":true,"href":"https:\/\/www.myaquastore.com\/pt-br\/wp-json\/wp\/v2\/media\/5869"}],"wp:attachment":[{"href":"https:\/\/www.myaquastore.com\/pt-br\/wp-json\/wp\/v2\/media?parent=36931"}],"wp:term":[{"taxonomy":"product_brand","embeddable":true,"href":"https:\/\/www.myaquastore.com\/pt-br\/wp-json\/wp\/v2\/product_brand?post=36931"},{"taxonomy":"product_cat","embeddable":true,"href":"https:\/\/www.myaquastore.com\/pt-br\/wp-json\/wp\/v2\/product_cat?post=36931"},{"taxonomy":"product_tag","embeddable":true,"href":"https:\/\/www.myaquastore.com\/pt-br\/wp-json\/wp\/v2\/product_tag?post=36931"}],"curies":[{"name":"wp","href":"https:\/\/api.w.org\/{rel}","templated":true}]}}