{"id":36936,"date":"2016-09-25T23:28:37","date_gmt":"2016-09-25T23:28:37","guid":{"rendered":"https:\/\/www.myaquastore.com\/product\/bomba-submersivel-multifuncional-sunsun-55w-hqb-2500-b\/"},"modified":"2025-03-16T08:45:07","modified_gmt":"2025-03-16T08:45:07","slug":"bomba-submersivel-multifuncional-sunsun-55w-hqb-2500-b","status":"publish","type":"product","link":"https:\/\/www.myaquastore.com\/pt-br\/produto\/bomba-submersivel-multifuncional-sunsun-55w-hqb-2500-b\/","title":{"rendered":"Bomba submers\u00edvel multifuncional SUNSUN 55W HQB-2500\/B"},"content":{"rendered":"<div style=\"clear:both\"><\/div>\n<div id=\"ali-anchor-AliPostDhMb-obj43\" style=\"padding-top:8px\" data-section-title=\"signboard\" data-section=\"AliPostDhMb-obj43\">\n<p><span><\/span><\/p>\n<\/div>\n<p style=\"text-align:center\"><span style=\"font-size:24px;color:#000000\"><strong>Bomba submers\u00edvel multifuncional SUNSUN 55W HQB-2500B<\/strong><\/span><\/p>\n<div id=\"ali-anchor-AliPostDhMb-h69a4\" style=\"padding-top:8px\" data-section-title=\"Descri\u00e7\u00e3o do produto\" data-section=\"AliPostDhMb-h69a4\">\n<div id=\"ali-title-AliPostDhMb-h69a4\" style=\"border-bottom:#ddd 1px solid;padding-bottom:8px;padding-top:8px;padding-left:0px;padding-right:0px\"><span style=\"font-weight:bold;color:#333;padding-bottom:8px;padding-top:8px;padding-left:10px;line-height:12px;padding-right:10px;background-color:#ddd\">Descri\u00e7\u00e3o do produto<\/span><\/div>\n<div style=\"padding-bottom:10px;padding-top:10px;padding-left:0px;padding-right:0px\">\n<p><span style=\"font-size:18px;font-family:arial, helvetica, sans-serif;text-align:center;line-height:27px\">1. Bomba submers\u00edvel super silenciosa<\/span><\/p>\n<p><span style=\"font-family:arial, helvetica, sans-serif\"><span style=\"font-size:18px;text-align:center;line-height:27px\">2. Ele usa n\u00facleo de eixo resistente ao desgaste de alta resist\u00eancia, tem economia de energia altamente eficiente e longa vida \u00fatil. Tem boa resist\u00eancia diel\u00e9trica \u00e0 prova d&#8217;\u00e1gua, alta, \u00e9 seguro e confi\u00e1vel.<\/span><\/span><\/p>\n<p><span style=\"font-family:arial, helvetica, sans-serif\"><span style=\"font-size:18px;line-height:27px\">4. Voc\u00ea pode us\u00e1-lo como bombeamento e fonte.<\/span><\/span><\/p>\n<p><span style=\"font-family:arial, helvetica, sans-serif\"><span style=\"font-size:18px;line-height:27px\">5. Aplicar em aqu\u00e1rios, lagoas, com equipamentos de reciclagem de \u00e1gua correspondentes.<\/span><\/span><\/p>\n<\/div>\n<\/div>\n<p><img decoding=\"async\" alt=\"Bomba submers\u00edvel multifuncional SUNSUN 55W HQB-2500\/B\" src=\"http:\/\/localhost\/media\/import\/detail\/477193547_341.jpg\"><img decoding=\"async\" alt=\"Bomba submers\u00edvel multifuncional SUNSUN 55W HQB-2500\/B\" src=\"http:\/\/localhost\/media\/import\/detail\/477194010_935.jpg\"><img decoding=\"async\" alt=\"Bomba submers\u00edvel multifuncional SUNSUN 55W HQB-2500\/B\" src=\"http:\/\/localhost\/media\/import\/detail\/477194011_567.JPG\"><img decoding=\"async\" alt=\"Bomba submers\u00edvel multifuncional SUNSUN 55W HQB-2500\/B\" src=\"http:\/\/localhost\/media\/import\/detail\/477194014_404.jpg\"><img decoding=\"async\" alt=\"Bomba submers\u00edvel multifuncional SUNSUN 55W HQB-2500\/B\" src=\"http:\/\/localhost\/media\/import\/detail\/477194019_980.jpg\"><\/p>\n","protected":false},"excerpt":{"rendered":"<p>Bomba submers\u00edvel multifuncional SUNSUN 55W HQB-2500\/B<\/p>\n","protected":false},"featured_media":5878,"comment_status":"open","ping_status":"closed","template":"","meta":[],"product_brand":[],"product_cat":[1374],"product_tag":[],"class_list":{"0":"post-36936","1":"product","2":"type-product","3":"status-publish","4":"has-post-thumbnail","6":"product_cat-bombas-de-agua-e-cabecas-poderosas","8":"first","9":"instock","10":"shipping-taxable","11":"purchasable","12":"product-type-simple"},"_links":{"self":[{"href":"https:\/\/www.myaquastore.com\/pt-br\/wp-json\/wp\/v2\/product\/36936","targetHints":{"allow":["GET"]}}],"collection":[{"href":"https:\/\/www.myaquastore.com\/pt-br\/wp-json\/wp\/v2\/product"}],"about":[{"href":"https:\/\/www.myaquastore.com\/pt-br\/wp-json\/wp\/v2\/types\/product"}],"replies":[{"embeddable":true,"href":"https:\/\/www.myaquastore.com\/pt-br\/wp-json\/wp\/v2\/comments?post=36936"}],"wp:featuredmedia":[{"embeddable":true,"href":"https:\/\/www.myaquastore.com\/pt-br\/wp-json\/wp\/v2\/media\/5878"}],"wp:attachment":[{"href":"https:\/\/www.myaquastore.com\/pt-br\/wp-json\/wp\/v2\/media?parent=36936"}],"wp:term":[{"taxonomy":"product_brand","embeddable":true,"href":"https:\/\/www.myaquastore.com\/pt-br\/wp-json\/wp\/v2\/product_brand?post=36936"},{"taxonomy":"product_cat","embeddable":true,"href":"https:\/\/www.myaquastore.com\/pt-br\/wp-json\/wp\/v2\/product_cat?post=36936"},{"taxonomy":"product_tag","embeddable":true,"href":"https:\/\/www.myaquastore.com\/pt-br\/wp-json\/wp\/v2\/product_tag?post=36936"}],"curies":[{"name":"wp","href":"https:\/\/api.w.org\/{rel}","templated":true}]}}