{"id":36947,"date":"2016-09-25T23:28:39","date_gmt":"2016-09-25T23:28:39","guid":{"rendered":"https:\/\/www.myaquastore.com\/product\/kits-de-bomba-de-fonte-de-paisagem-12w-950l-h-hj-923\/"},"modified":"2025-03-16T08:45:10","modified_gmt":"2025-03-16T08:45:10","slug":"kits-de-bomba-de-fonte-de-paisagem-12w-950l-h-hj-923","status":"publish","type":"product","link":"https:\/\/www.myaquastore.com\/pt-br\/produto\/kits-de-bomba-de-fonte-de-paisagem-12w-950l-h-hj-923\/","title":{"rendered":"Kits de bomba de fonte de paisagem 12W 950L\/h HJ-923"},"content":{"rendered":"<div style=\"clear:both\"><\/div>\n<p><span style=\"font-size:24px;color:#000080\"><strong>Kits de bomba de fonte de paisagem 12W 950L\/h HJ-923 <\/strong><\/span><\/p>\n<\/p>\n<div id=\"ali-anchor-AliPostDhMb-ljo15\" style=\"padding-top:8px\" data-section-title=\"Descri\u00e7\u00e3o do produto\" data-section=\"AliPostDhMb-ljo15\">\n<div id=\"ali-title-AliPostDhMb-ljo15\" style=\"border-bottom:#ddd 1px solid;padding-bottom:8px;padding-top:8px;padding-left:0px;padding-right:0px\"><span style=\"font-weight:bold;color:#333;padding-bottom:8px;padding-top:8px;padding-left:10px;line-height:12px;padding-right:10px;background-color:#ddd\">Descri\u00e7\u00e3o do produto<\/span><\/div>\n<div style=\"padding-bottom:10px;padding-top:10px;padding-left:0px;padding-right:0px\">\n<\/div>\n<\/div>\n<p>Especifica\u00e7\u00f5es:<\/p>\n<p>1. Ele usa <em><strong>n\u00facleo de eixo resistente ao desgaste de alta resist\u00eancia<\/strong><\/em>, tem <em><strong>economia de energia altamente eficiente<\/strong><\/em>,<\/p>\n<p>e <em><strong>longa vida \u00fatil<\/strong><\/em>;<\/p>\n<p>2. Possui <em><strong>boa resist\u00eancia \u00e0 \u00e1gua<\/strong><\/em>, <em><strong>alta rigidez diel\u00e9trica<\/strong><\/em>; <em><strong>\u00e9 seguro e confi\u00e1vel<\/strong> <\/em>;<\/p>\n<p>3. Voc\u00ea pode us\u00e1-lo como <em><strong>bombeamento e filtragem<\/strong><\/em>.<\/p>\n<p>4. Muitos tipos de<em><strong>cabe\u00e7as de fonte<\/strong><\/em> para voc\u00ea, ajudando a criar todos os tipos de lindos recursos de fonte.<\/p>\n<\/p>\n<p><span style=\"font-size:14px;color:#3366ff\"><strong>Par\u00e2metros dos kits de bomba de fonte de paisagem<\/strong><\/span><\/p>\n<table class=\"aliDataTable\" style=\"width:80%\" border=\"4\">\n<tbody>\n<tr>\n<td><span style=\"font-size:14px\">Modelo <\/span><\/td>\n<td><span style=\"font-size:14px\">Tens\u00e3o<\/span><\/td>\n<td><span style=\"font-size:14px\">Frequ\u00eancia<\/span><\/td>\n<td><span style=\"font-size:14px\">Pot\u00eancia<\/span><\/td>\n<td><span style=\"font-size:14px\">H-max<\/span><\/td>\n<td><span style=\"font-size:14px\">Sa\u00edda<\/span><\/td>\n<td><span style=\"font-size:14px\">Peso<\/span><\/td>\n<td><span style=\"font-size:14px\">Dimens\u00f5es<\/span><\/td>\n<\/tr>\n<tr>\n<td><span style=\"font-size:14px\">HJ-1843<\/span><\/td>\n<td><span style=\"font-size:14px\">110V\/220V240V<\/span><\/td>\n<td><span style=\"font-size:14px\">50Hz\/60Hz<\/span><\/td>\n<td><span style=\"font-size:14px\">40W<\/span><\/td>\n<td><span style=\"font-size:14px\">2,5m<\/span><\/td>\n<td><span style=\"font-size:14px\">1800L\/h<\/span><\/td>\n<td><span style=\"font-size:14px\">1,4kg<\/span><\/td>\n<td><span style=\"font-size:14px\">155*106*108mm<\/span><\/td>\n<\/tr>\n<tr>\n<td><span style=\"font-size:14px\">HJ-1543<\/span><\/td>\n<td><span style=\"font-size:14px\">110V\/220V240V <\/span><\/td>\n<td><span style=\"font-size:14px\">50Hz\/60Hz<\/span><\/td>\n<td><span style=\"font-size:14px\">28W<\/span><\/td>\n<td><span style=\"font-size:14px\">2,0m<\/span><\/td>\n<td><span style=\"font-size:14px\">1400L\/h<\/span><\/td>\n<td><span style=\"font-size:14px\">1,2kg<\/span><\/td>\n<td><span style=\"font-size:14px\">138*98*100mm<\/span><\/td>\n<\/tr>\n<tr>\n<td><span style=\"font-size:14px\">HJ-1143<\/span><\/td>\n<td><span style=\"font-size:14px\">110V\/220V240V<\/span><\/td>\n<td><span style=\"font-size:14px\">50Hz\/60Hz <\/span><\/td>\n<td><span style=\"font-size:14px\">22W<\/span><\/td>\n<td><span style=\"font-size:14px\">1,6m<\/span><\/td>\n<td><span style=\"font-size:14px\">1000L\/h<\/span><\/td>\n<td><span style=\"font-size:14px\">0,85kg<\/span><\/td>\n<td><span style=\"font-size:14px\">123*82*85mm<\/span><\/td>\n<\/tr>\n<tr>\n<td><span style=\"font-size:14px\">HJ-943<\/span><\/td>\n<td><span style=\"font-size:14px\">110V\/220V240V <\/span><\/td>\n<td><span style=\"font-size:14px\">50Hz\/60Hz<\/span><\/td>\n<td><span style=\"font-size:14px\">16W<\/span><\/td>\n<td><span style=\"font-size:14px\">1,3m<\/span><\/td>\n<td><span style=\"font-size:14px\">800L\/h<\/span><\/td>\n<td><span style=\"font-size:14px\">0,65kg<\/span><\/td>\n<td><span style=\"font-size:14px\">108*73*75mm<\/span><\/td>\n<\/tr>\n<tr>\n<td><span style=\"font-size:14px\">HJ-743<\/span><\/td>\n<td><span style=\"font-size:14px\">110V\/220V240V <\/span><\/td>\n<td><span style=\"font-size:14px\">50Hz\/60Hz<\/span><\/td>\n<td><span style=\"font-size:14px\">8W<\/span><\/td>\n<td><span style=\"font-size:14px\">1,0m<\/span><\/td>\n<td><span style=\"font-size:14px\">600L\/h<\/span><\/td>\n<td><span style=\"font-size:14px\">0,38kg<\/span><\/td>\n<td><span style=\"font-size:14px\">98*66*68mm<\/span><\/td>\n<\/tr>\n<tr>\n<td><span style=\"font-size:14px\">HJ-923<\/span><\/td>\n<td><span style=\"font-size:14px\">110V\/220V240V <\/span><\/td>\n<td><span style=\"font-size:14px\">50Hz\/60Hz<\/span><\/td>\n<td><span style=\"font-size:14px\">12W<\/span><\/td>\n<td><span style=\"font-size:14px\">0,95m<\/span><\/td>\n<td><span style=\"font-size:14px\">950L\/h<\/span><\/td>\n<td><span style=\"font-size:14px\">0,76kg<\/span><\/td>\n<td><span style=\"font-size:14px\">170*120*450mm<\/span><\/td>\n<\/tr>\n<tr>\n<td><span style=\"font-size:14px\">HJ-1123<\/span><\/td>\n<td><span style=\"font-size:14px\">110V\/220V240V <\/span><\/td>\n<td><span style=\"font-size:14px\">50Hz\/60Hz<\/span><\/td>\n<td><span style=\"font-size:14px\">18W<\/span><\/td>\n<td><span style=\"font-size:14px\">1,7m<\/span><\/td>\n<td><span style=\"font-size:14px\">1400L\/h<\/span><\/td>\n<td><span style=\"font-size:14px\">1,0kg<\/span><\/td>\n<td><span style=\"font-size:14px\">180*130*450mm<\/span><\/td>\n<\/tr>\n<\/tbody>\n<\/table>\n<table class=\"aliDataTable\" border=\"4\">\n<tbody>\n<tr>\n<td><span style=\"font-size:14px\">Modelo <\/span><\/td>\n<td><span style=\"font-size:14px\">Tens\u00e3o<\/span><\/td>\n<td><span style=\"font-size:14px\">Frequ\u00eancia<\/span><\/td>\n<td><span style=\"font-size:14px\">Pot\u00eancia<\/span><\/td>\n<td><span style=\"font-size:14px\">H-max<\/span><\/td>\n<td><span style=\"font-size:14px\">Sa\u00edda<\/span><\/td>\n<td><span style=\"font-size:14px\">Peso<\/span><\/td>\n<td><span style=\"font-size:14px\">Dimens\u00f5es<\/span><\/td>\n<\/tr>\n<tr>\n<td><span style=\"font-size:14px\">HQB-2503<\/span><\/td>\n<td><span style=\"font-size:14px\">110V\/220V240V <\/span><\/td>\n<td><span style=\"font-size:14px\">50Hz\/60Hz<\/span><\/td>\n<td><span style=\"font-size:14px\">55w<\/span><\/td>\n<td><span style=\"font-size:14px\">2,5 m<\/span><\/td>\n<td><span style=\"font-size:14px\">2000L\/h<\/span><\/td>\n<td><span style=\"font-size:14px\">1,4kg<\/span><\/td>\n<td><span style=\"font-size:14px\">153*105*135mm<\/span><\/td>\n<\/tr>\n<tr>\n<td><span style=\"font-size:14px\">HQB-3503<\/span><\/td>\n<td><span style=\"font-size:14px\">110V\/220V240V <\/span><\/td>\n<td><span style=\"font-size:14px\">50Hz\/60Hz<\/span><\/td>\n<td><span style=\"font-size:14px\">85w<\/span><\/td>\n<td><span style=\"font-size:14px\">3,5m<\/span><\/td>\n<td><span style=\"font-size:14px\">3000L\/h<\/span><\/td>\n<td><span style=\"font-size:14px\">1,45kg<\/span><\/td>\n<td><span style=\"font-size:14px\">153*105*135mm<\/span><\/td>\n<\/tr>\n<tr>\n<td><span style=\"font-size:14px\">HQB-4503<\/span><\/td>\n<td><span style=\"font-size:14px\">110V\/220V240V <\/span><\/td>\n<td><span style=\"font-size:14px\">50Hz\/60Hz<\/span><\/td>\n<td><span style=\"font-size:14px\">100w<\/span><\/td>\n<td><span style=\"font-size:14px\">4,5m<\/span><\/td>\n<td><span style=\"font-size:14px\">4500L\/h<\/span><\/td>\n<td><span style=\"font-size:14px\">3,2kg<\/span><\/td>\n<td><span style=\"font-size:14px\">175*112*133mm<\/span><\/td>\n<\/tr>\n<tr>\n<td><span style=\"font-size:14px\">HQB-5003<\/span><\/td>\n<td><span style=\"font-size:14px\">110V\/220V240V <\/span><\/td>\n<td><span style=\"font-size:14px\">50Hz\/60Hz<\/span><\/td>\n<td><span style=\"font-size:14px\">150w<\/span><\/td>\n<td><span style=\"font-size:14px\">5,0m<\/span><\/td>\n<td><span style=\"font-size:14px\">5500L\/h<\/span><\/td>\n<td><span style=\"font-size:14px\">3,3kg<\/span><\/td>\n<td><span style=\"font-size:14px\">175*112*133mm<\/span><\/td>\n<\/tr>\n<\/tbody>\n<\/table>\n<p><span style=\"font-size:14px\"><strong><span style=\"color:#3366ff\">Todos os tipos de kits de bomba de fonte de paisagem mostram<\/span><\/strong><\/span><\/p>\n<p><span style=\"font-size:14px\"><strong><span style=\"color:#3366ff\"><img decoding=\"async\" alt=\"Kits de bomba de fonte de paisagem 12W 950L\/h HJ-923\" src=\"http:\/\/localhost\/media\/import\/detail\/827750677_032.jpg\"><img decoding=\"async\" alt=\"Kits de bomba de fonte paisag\u00edstica 12W 950L\/h HJ-923\" src=\"http:\/\/localhost\/media\/import\/detail\/827750681_268.jpg\"><img decoding=\"async\" alt=\"Kits de bomba de fonte de paisagem 12W 950L\/h HJ-923\" src=\"http:\/\/localhost\/media\/import\/detail\/827750683_708.jpg\"><img decoding=\"async\" alt=\"Bomba de fonte de paisagem Kits 12W 950L\/h HJ-923\" src=\"http:\/\/localhost\/media\/import\/detail\/827750686_890.jpg\"><img decoding=\"async\" alt=\"Kits de bomba de fonte paisag\u00edstica 12W 950L\/h HJ-923\" src=\"http:\/\/localhost\/media\/import\/detail\/827750687_438.jpg\"><\/span><\/strong><\/span><\/p>\n<\/p>\n<p><span style=\"font-size:14px\"><strong>Diferentes fontes, diferentes recursos h\u00eddricos.<\/strong><\/span><\/p>\n<p><img decoding=\"async\" alt=\"Kits de bomba de fonte paisag\u00edstica 12W 950L\/h HJ-923\" src=\"http:\/\/localhost\/media\/import\/detail\/537332709_859.jpg\"><\/p>\n<p><img decoding=\"async\" alt=\"Kits de bomba de fonte paisag\u00edstica 12W 950L\/h HJ-923\" src=\"http:\/\/localhost\/media\/import\/detail\/556980113_279.jpg\"><img decoding=\"async\" alt=\"Kits de bomba de fonte paisag\u00edstica 12W 950L\/h HJ-923\" src=\"http:\/\/localhost\/media\/import\/detail\/556980114_700.jpg\"><\/p>\n<p><strong><\/strong> <\/p><\/p>\n","protected":false},"excerpt":{"rendered":"<p>Kits de bomba de fonte de paisagem 12W 950L\/h HJ-923<\/p>\n","protected":false},"featured_media":5900,"comment_status":"open","ping_status":"closed","template":"","meta":[],"product_brand":[],"product_cat":[1374],"product_tag":[],"class_list":{"0":"post-36947","1":"product","2":"type-product","3":"status-publish","4":"has-post-thumbnail","6":"product_cat-bombas-de-agua-e-cabecas-poderosas","8":"first","9":"instock","10":"shipping-taxable","11":"purchasable","12":"product-type-simple"},"_links":{"self":[{"href":"https:\/\/www.myaquastore.com\/pt-br\/wp-json\/wp\/v2\/product\/36947","targetHints":{"allow":["GET"]}}],"collection":[{"href":"https:\/\/www.myaquastore.com\/pt-br\/wp-json\/wp\/v2\/product"}],"about":[{"href":"https:\/\/www.myaquastore.com\/pt-br\/wp-json\/wp\/v2\/types\/product"}],"replies":[{"embeddable":true,"href":"https:\/\/www.myaquastore.com\/pt-br\/wp-json\/wp\/v2\/comments?post=36947"}],"wp:featuredmedia":[{"embeddable":true,"href":"https:\/\/www.myaquastore.com\/pt-br\/wp-json\/wp\/v2\/media\/5900"}],"wp:attachment":[{"href":"https:\/\/www.myaquastore.com\/pt-br\/wp-json\/wp\/v2\/media?parent=36947"}],"wp:term":[{"taxonomy":"product_brand","embeddable":true,"href":"https:\/\/www.myaquastore.com\/pt-br\/wp-json\/wp\/v2\/product_brand?post=36947"},{"taxonomy":"product_cat","embeddable":true,"href":"https:\/\/www.myaquastore.com\/pt-br\/wp-json\/wp\/v2\/product_cat?post=36947"},{"taxonomy":"product_tag","embeddable":true,"href":"https:\/\/www.myaquastore.com\/pt-br\/wp-json\/wp\/v2\/product_tag?post=36947"}],"curies":[{"name":"wp","href":"https:\/\/api.w.org\/{rel}","templated":true}]}}