{"id":36962,"date":"2016-09-25T23:28:39","date_gmt":"2016-09-25T23:28:39","guid":{"rendered":"https:\/\/www.myaquastore.com\/product\/sunsun-ctp-5000-eco-30w-5000l-h-submersivel-com-variacao-de-frequencia\/"},"modified":"2025-03-16T08:45:14","modified_gmt":"2025-03-16T08:45:14","slug":"sunsun-ctp-5000-eco-30w-5000l-h-submersivel-com-variacao-de-frequencia","status":"publish","type":"product","link":"https:\/\/www.myaquastore.com\/pt-br\/produto\/sunsun-ctp-5000-eco-30w-5000l-h-submersivel-com-variacao-de-frequencia\/","title":{"rendered":"SUNSUN CTP-5000 ECO 30w 5000L\/h Submers\u00edvel com varia\u00e7\u00e3o de frequ\u00eancia"},"content":{"rendered":"<div style=\"clear:both\"><\/div>\n<div style=\"font-size:13px;font-family:Arial, Helvetica, sans-serif;width:726px;color:#000000\"> <\/div>\n<div style=\"font-size:13px;font-family:Arial, Helvetica, sans-serif\">\n<table class=\"ke-zeroborder\" cellpadding=\"0\" border=\"0\">\n<tbody>\n<tr>\n<td><a href=\"http:\/\/preview.alibaba.com\/product\/1940320417-215139431\/SUNSUN_Newly_ECO_Low_Power_Super_Quiet_Pond_Fountain_Submersible_Water_Pump_CTF_3800.html\" target=\"_blank\"><img loading=\"lazy\" decoding=\"async\" border=\"0\" alt=\"SUNSUN CTP-5000 ECO 30w 5000L\/h Varia\u00e7\u00e3o de frequ\u00eancia Bomba de \u00e1gua de fonte submers\u00edvel\" src=\"http:\/\/localhost\/media\/import\/detail\/HTB1_QwQGpXXXXXBXpXXq6xXFXXXO.jpg\" width=\"190\" height=\"300\"><\/a><\/td>\n<td> <\/td>\n<td><a href=\"http:\/\/preview.alibaba.com\/product\/60041935615-215139431\/SUNSUN_CTP_5000_ECO_30w_5000L_h_water_pump_home_use.html\" target=\"_blank\"><img loading=\"lazy\" decoding=\"async\" border=\"0\" alt=\"SUNSUN CTP-5000 ECO 30w Bomba de \u00e1gua de fonte submers\u00edvel com varia\u00e7\u00e3o de frequ\u00eancia de 5000L \/ h\" src=\"http:\/\/localhost\/media\/import\/detail\/HTB1pSkIGpXXXXauXpXXq6xXFXXX0.jpg\" width=\"189\" height=\"300\"><\/a><\/td>\n<td><a href=\"http:\/\/preview.alibaba.com\/product\/60011545865-215139431\/SUNSUN_HJ_series_Plastic_Circulation_Mini_Auto_Water_Pump.html\" target=\"_blank\"><img loading=\"lazy\" decoding=\"async\" border=\"0\" alt=\"SUNSUN CTP-5000 ECO 30w 5000L\/h Varia\u00e7\u00e3o de frequ\u00eancia submers\u00edvel Bomba de \u00e1gua de fonte\" src=\"http:\/\/localhost\/media\/import\/detail\/HTB1T6onGpXXXXb3XVXXq6xXFXXXe.jpg\" width=\"186\" height=\"300\"><\/a><\/td>\n<\/tr>\n<\/tbody>\n<\/table>\n<\/div>\n<div id=\"ali-anchor-AliPostDhMb-x97li\" style=\"padding-top:8px\" data-section-title=\"Descri\u00e7\u00e3o do produto\" data-section=\"AliPostDhMb-x97li\">\n<div id=\"ali-title-AliPostDhMb-x97li\" style=\"border-bottom:#ddd 1px solid;padding-bottom:8px;padding-top:8px;padding-left:0px;padding-right:0px\"><span style=\"font-weight:bold;color:#333;padding-bottom:8px;padding-top:8px;padding-left:10px;line-height:12px;padding-right:10px;background-color:#ddd\">Descri\u00e7\u00e3o do produto<\/span><\/div>\n<div style=\"padding-bottom:10px;padding-top:10px;padding-left:0px;padding-right:0px\">\n<div style=\"height:42px;width:750px\">\n<div style=\"height:42px;width:25px;float:left;background-color:#00ccff\"> <\/div>\n<div style=\"float:direita;padding-bottom:5px;padding-top:5px;padding-left:0px;padding-right:0px;background-color:#0099ff\">\n<div style=\"font-size:24px;border-top:#ffffff 1px s\u00f3lido\">Exibi\u00e7\u00e3o do produto<\/div>\n<\/div>\n<\/div>\n<\/div>\n<\/div>\n<p><span style=\"font-size:14pt\"><strong>CARACTER\u00cdSTICAS:<\/strong><\/span><\/p>\n<p><span style=\"font-size:18px\"><span style=\"font-size:12pt;color:#800000\"><strong>01<\/strong><\/span><span style=\"color:#993300\"><span style=\"font-size:14px;font-family:arial,helvetica,sans-serif;color:#000000\"> Integra luz UV-C e bomba de \u00e1gua como um todo, compacto-<\/span><\/span><span style=\"color:#993300\"><span style=\"font-size:14px;font-family:arial,helvetica,sans-serif;color:#000000\"> instala\u00e7\u00e3o f\u00e1cil e dimensionada;<\/span><br \/><span style=\"font-size:14px;font-family:arial,helvetica,sans-serif;color:#000000\"><span style=\"color:#800000\"><strong><span style=\"font-size:18px\">02<\/span><\/strong><\/span> Ele usa economia de energia e sil\u00eancio, \u00e1gua com ru\u00eddo super super baixo<\/span><span style=\"font-size:14px;font-family:arial,helvetica,sans-serif;color:#000000\"> bomba e luz UV submers\u00edvel;<\/span><br \/><span style=\"font-size:14px;font-family:arial,helvetica,sans-serif;color:#000000\"><span style=\"color:#800000\"><strong><span style=\"font-size:18px\">03<\/span><\/strong><\/span> Este produto \u00e9 principalmente adequado para circula\u00e7\u00e3o de \u00e1gua no fundo<\/span><span style=\"font-size:14px;font-family:arial,helvetica,sans-serif;color:#000000\"> tanques de filtra\u00e7\u00e3o aruan\u00e3;<\/span><br \/><span style=\"font-size:14px;font-family:arial,helvetica,sans-serif;color:#000000\"><span style=\"font-size:18px;color:#800000\"><strong>04<\/strong><\/span> Para n\u00e3o impactar a sa\u00edda da bomba, a luz UV ser\u00e1<\/span><span style=\"font-size:14px;font-family:arial,helvetica,sans-serif;color:#000000\"> ser colocada na entrada;<\/span><br \/><span style=\"font-size:14px;font-family:arial,helvetica,sans-serif;color:#000000\"><span style=\"font-size:18px;color:#800000\"><strong>05<\/strong><\/span> Ajustador de design especial, que pode ajustar a sa\u00edda pela luz UV<\/span><span style=\"font-size:14px;font-family:arial,helvetica,sans-serif;color:#000000\"> facilmente, para garantir o bom resultado da clarifica\u00e7\u00e3o UV.<\/span><\/span><\/span><\/p>\n<p><span style=\"font-size:16px;font-family:Calibri, 'zapf dingbats'\"><span style=\"line-height:21px\"><span>06<\/span> Esta bomba de \u00e1gua ECO se aplica a <em><strong> lagos, rockey, bourn, tanques de aqu\u00e1rio<\/strong> <\/em> e <em><strong> tanque de frutos do mar<\/strong> <\/em> com reciclagem de \u00e1gua <\/span><span style=\"line-height:21px\"> correspond\u00eancia de equipamentos.<\/span><\/span><\/p>\n<p><span style=\"font-size:16px;font-family:Calibri, 'zapf dingbats';line-height:21px\"><span style=\"font-size:18px;color:#800000\"><strong>07<\/strong><\/span><em><strong> Suc\u00e7\u00e3o de baixo n\u00edvel<\/strong> <\/em> e<em><strong> baixo ru\u00eddo<\/strong><\/em> . O fluxo de \u00e1gua pode ser ajustado! mais longo<\/strong><\/em> .<\/span><\/p>\n<p><span style=\"font-size:16px;font-family:Calibri, 'zapf dingbats';line-height:21px\"><span style=\"font-size:18px\"><strong><span style=\"color:#800000\">09<\/span><\/strong><\/span> Dupla veda\u00e7\u00e3o de resina e anel de borracha fazem \u00e9<em><strong> mais seguro para usar<\/strong><\/em> .<\/span><\/p>\n<p><span style=\"font-size:16px;font-family:Calibri, 'zapf dingbats';line-height:21px\"><span style=\"font-size:18px\"><strong><span style=\"color:#800000\">10<\/span><\/strong><\/span> Eixo cer\u00e2mico de alta resist\u00eancia e desgaste,<em><strong> longa vida \u00fatil<\/strong><\/em> .<\/span><\/p>\n<p style=\"text-align:left\"><span style=\"font-size:16px;font-family:Calibri, 'zapf dingbats';line-height:21px\"><span style=\"font-size:18px\"><strong><span style=\"color:#800000\">11<\/span><\/strong><\/span> Motor ass\u00edncrono padr\u00e3o de alto desempenho com novo design e<strong><span style=\"color:#ff0000\"> economia de energia de at\u00e9 60%<\/span><\/strong> do que antes.<\/span><\/p>\n<p style=\"text-align:left\">\n<p style=\"text-align:left\"><span style=\"font-size:18px\"><strong><span style=\"color:#993300\"><img decoding=\"async\" alt=\"CTP_01.jpg\" src=\"http:\/\/localhost\/media\/import\/detail\/HTB1pYJHFVXXXXarXFXXq6xXFXXXH.jpg\"><img decoding=\"async\" alt=\"CTP_02.jpg\" src=\"http:\/\/localhost\/media\/import\/detail\/HTB1kyXGFVXXXXcDXpXXq6xXFXXX0.jpg\"><img decoding=\"async\" alt=\"CTP_03.jpg\" src=\"http:\/\/localhost\/media\/import\/detail\/HTB1YYlFFVXXXXb9XVXXq6xXFXXXL.jpg\"><img decoding=\"async\" alt=\"CTP_04.jpg\" src=\"http:\/\/localhost\/media\/import\/detail\/HTB1C8XJFVXXXXaBXpXXq6xXFXXXf.jpg\"><img decoding=\"async\" alt=\"CTP_05.jpg\" src=\"http:\/\/localhost\/media\/import\/detail\/HTB1eopBFVXXXXbBXVXXq6xXFXXXw.jpg\"><a href=\"http:\/\/gzweierma.en.alibaba.com\/productgrouplist-215139685-2\/UV_C_Clarifying.html?isGallery=Y\" target=\"_blank\"><img decoding=\"async\" alt=\"CTP_06.jpg\" src=\"http:\/\/localhost\/media\/import\/detail\/HTB1BC0GFVXXXXXXXVXXq6xXFXXXu.jpg\"><\/a><\/span><\/strong><\/span><\/p>\n<p data-section-blank=\"AliPostDhMb-o9591\"> <img decoding=\"async\" alt=\"001.jpg\" src=\"http:\/\/localhost\/media\/import\/detail\/HTB18sWCGpXXXXcRaXXXq6xXFXXXJ.jpg\"><img decoding=\"async\" alt=\"002.jpg\" src=\"http:\/\/localhost\/media\/import\/detail\/HTB1taR4GpXXXXXfaXXXq6xXFXXXN.jpg\"><img decoding=\"async\" alt=\"003.jpg\" src=\"http:\/\/localhost\/media\/import\/detail\/HTB1t85cGpXXXXX_aXXXq6xXFXXXb.jpg\"><img decoding=\"async\" alt=\"007.jpg\" src=\"http:\/\/localhost\/media\/import\/detail\/HTB1xO2tGpXXXXa3aXXXq6xXFXXXa.jpg\"><\/p>\n<div id=\"ali-anchor-AliPostDhMb-o9591\" style=\"padding-top:8px\" data-section-title=\"Informa\u00e7\u00f5es da empresa\" data-section=\"AliPostDhMb-o9591\">\n<div id=\"ali-title-AliPostDhMb-o9591\" style=\"border-bottom:#ddd 1px solid;padding-bottom:8px;padding-top:8px;padding-left:0px;padding-right:0px\"> <\/div>\n<\/div>\n<div style=\"clear:both\"><\/div>\n","protected":false},"excerpt":{"rendered":"<p>SUNSUN CTP-5000 ECO 30w 5000L\/h Submers\u00edvel com varia\u00e7\u00e3o de frequ\u00eancia<\/p>\n","protected":false},"featured_media":5930,"comment_status":"open","ping_status":"closed","template":"","meta":[],"product_brand":[],"product_cat":[1374],"product_tag":[],"class_list":{"0":"post-36962","1":"product","2":"type-product","3":"status-publish","4":"has-post-thumbnail","6":"product_cat-bombas-de-agua-e-cabecas-poderosas","8":"first","9":"instock","10":"shipping-taxable","11":"purchasable","12":"product-type-simple"},"_links":{"self":[{"href":"https:\/\/www.myaquastore.com\/pt-br\/wp-json\/wp\/v2\/product\/36962","targetHints":{"allow":["GET"]}}],"collection":[{"href":"https:\/\/www.myaquastore.com\/pt-br\/wp-json\/wp\/v2\/product"}],"about":[{"href":"https:\/\/www.myaquastore.com\/pt-br\/wp-json\/wp\/v2\/types\/product"}],"replies":[{"embeddable":true,"href":"https:\/\/www.myaquastore.com\/pt-br\/wp-json\/wp\/v2\/comments?post=36962"}],"wp:featuredmedia":[{"embeddable":true,"href":"https:\/\/www.myaquastore.com\/pt-br\/wp-json\/wp\/v2\/media\/5930"}],"wp:attachment":[{"href":"https:\/\/www.myaquastore.com\/pt-br\/wp-json\/wp\/v2\/media?parent=36962"}],"wp:term":[{"taxonomy":"product_brand","embeddable":true,"href":"https:\/\/www.myaquastore.com\/pt-br\/wp-json\/wp\/v2\/product_brand?post=36962"},{"taxonomy":"product_cat","embeddable":true,"href":"https:\/\/www.myaquastore.com\/pt-br\/wp-json\/wp\/v2\/product_cat?post=36962"},{"taxonomy":"product_tag","embeddable":true,"href":"https:\/\/www.myaquastore.com\/pt-br\/wp-json\/wp\/v2\/product_tag?post=36962"}],"curies":[{"name":"wp","href":"https:\/\/api.w.org\/{rel}","templated":true}]}}