{"id":36963,"date":"2016-09-25T23:28:39","date_gmt":"2016-09-25T23:28:39","guid":{"rendered":"https:\/\/www.myaquastore.com\/product\/bomba-de-fonte-para-lago-sunsun-2000l-h-25-m-ce-gs-hqb-2500\/"},"modified":"2025-03-16T08:45:14","modified_gmt":"2025-03-16T08:45:14","slug":"bomba-de-fonte-para-lago-sunsun-2000l-h-25-m-ce-gs-hqb-2500","status":"publish","type":"product","link":"https:\/\/www.myaquastore.com\/pt-br\/produto\/bomba-de-fonte-para-lago-sunsun-2000l-h-25-m-ce-gs-hqb-2500\/","title":{"rendered":"Bomba de fonte para lago SUNSUN 2000L\/H 2,5 m (CE, GS) HQB-2500"},"content":{"rendered":"<div style=\"clear:both\"><\/div>\n<div id=\"ali-anchor-AliPostDhMb-wd7dw\" style=\"padding-top:8px\" data-section-title=\"Descri\u00e7\u00e3o do produto\" data-section=\"AliPostDhMb-wd7dw\">\n<div style=\"padding-bottom:10px;padding-top:10px;padding-left:0px;padding-right:0px\">\n<\/div>\n<\/div>\n<p><span style=\"font-size:18px;background-color:#ffff00\">1. Caracter\u00edsticas da bomba da fonte da lagoa:<\/span><\/p>\n<\/p>\n<p><span style=\"font-size:16px;font-family:arial, helvetica, sans-serif\">1. A bomba suberm\u00edvel multifuncional usa n\u00facleo de eixo resistente ao desgaste de alta resist\u00eancia e tem economia de energia eficiente e longa vida \u00fatil. <\/span><\/p>\n<p><span style=\"font-size:16px;font-family:arial, helvetica, sans-serif\"> <\/span><\/p>\n<p><span style=\"font-size:16px;font-family:arial, helvetica, sans-serif\">2. tem goog \u00e0 prova de \u00e1gua, alta resist\u00eancia diel\u00e9trica, \u00e9 seguro e confi\u00e1vel<\/span><\/p>\n<p><span style=\"font-size:16px;font-family:arial, helvetica, sans-serif\"> <\/span><\/p>\n<p><span style=\"font-size:16px;font-family:arial, helvetica, sans-serif\">3. foi projetado com impulsor centr\u00edfugo, possui alto fluxo e alta press\u00e3o<\/span><\/p>\n<p><span style=\"font-size:16px;font-family:arial, helvetica, sans-serif\"> <\/span><\/p>\n<p><span style=\"font-size:16px;font-family:arial, helvetica, sans-serif\">4. tem v\u00e1rias fun\u00e7\u00f5es como bombeamento, filtro, oxig\u00eanio e fonte. correspond\u00eancia do dispositivo.<\/span><\/p>\n<\/p>\n<\/p>\n<p><img decoding=\"async\" alt=\"SUNSUN 2000L\/H 2,5m Pond Fountain Pump(CE,GS )\" src=\"http:\/\/localhost\/media\/import\/detail\/703250706_478.jpg\"><\/p>\n<\/p>\n<p><span style=\"font-size:18px;font-family:arial, helvetica, sans-serif;color:#000000;background-color:#ffff00\"><strong>2.Especifica\u00e7\u00f5es da bomba da fonte da lagoa:<\/strong><\/span><\/p>\n<\/p>\n<p style=\"background:#ffffff\"><span style=\"font-size:16px;font-family:arial, helvetica, sans-serif;color:#2f2f2f\"><span style=\"color:#0000ff\">Altura m\u00e1xima:<span style=\"color:#000000\"> 2,5<\/span><\/span>m<\/span><\/p>\n<p style=\"background:#ffffff\"><span style=\"font-size:16px;font-family:arial, helvetica, sans-serif\"> <\/span><\/p>\n<p style=\"background:#ffffff\"><span style=\"font-size:16px;font-family:arial, helvetica, sans-serif;color:#0000ff\">Pot\u00eancia:<span style=\"color:#000000\"> 55W<\/span><\/span><\/p>\n<p style=\"background:#ffffff\"><span style=\"font-size:16px;font-family:arial, helvetica, sans-serif\"> <\/span><\/p>\n<p style=\"background:#ffffff\"><span style=\"font-size:16px;font-family:arial, helvetica, sans-serif\"><span style=\"color:#2f2f2f\"><span style=\"color:#0000ff\">Sa\u00edda: <span style=\"color:#000000\">20<\/span><span style=\"color:#000000\">0<\/span><\/span>0L\/h<\/span> <\/span><\/p>\n<p style=\"background:#ffffff\"><span style=\"font-size:16px;font-family:arial, helvetica, sans-serif\"> <\/span><\/p>\n<p><span style=\"font-size:16px;font-family:arial, helvetica, sans-serif\"><span style=\"color:#2f2f2f\"><span style=\"color:#0000ff\">Tens\u00e3o:<\/span> 110V\/220V\/<\/span><span style=\"color:#2f2f2f\">240V<\/span><\/span><\/p>\n<p style=\"background:#ffffff\"><span style=\"font-size:16px;font-family:arial, helvetica, sans-serif\"> <\/span><\/p>\n<p><span style=\"font-size:16px;font-family:arial, helvetica, sans-serif\"><span style=\"color:#0000ff\">Frequ\u00eancia<\/span><span style=\"color:#2f2f2f\"><span style=\"color:#0000ff\">:<\/span> 50\/60<\/span><span style=\"color:#2f2f2f\">Hz<\/span><\/span><\/p>\n<p><span style=\"font-size:16px;font-family:arial, helvetica, sans-serif\"> <\/span><\/p>\n<p><span style=\"font-size:16px;font-family:arial, helvetica, sans-serif\"><span style=\"color:#2f2f2f\"><span style=\"color:#0000ff\">Peso:<\/span> 1,2kg<\/span><\/span><\/p>\n<p><span style=\"font-size:16px;font-family:arial, helvetica, sans-serif\"> <\/span><\/p>\n<p style=\"background:#ffffff\"><span style=\"font-size:16px;font-family:arial, helvetica, sans-serif;color:#2f2f2f\"><span style=\"color:#2f2f2f\"><span style=\"color:#0000ff\">Dimens\u00f5es:<\/span> 153x 105x 135mm<\/span><\/span><\/p>\n<p style=\"background:#ffffff\">\n<p style=\"background:#ffffff\">\n<p style=\"background:#ffffff\">\n<p style=\"background:#ffffff\"><span style=\"font-size:18px;font-family:arial, helvetica, sans-serif;color:#000000;background-color:#ffff00\"><strong>3.Detalhes da bomba de fonte de lago:<\/strong><\/span><\/p>\n<p style=\"background:#ffffff\"><span style=\"font-size:24px\"> <img loading=\"lazy\" decoding=\"async\" alt=\"SUNSUN 2000L\/H 2,5m Bomba de fonte de lago (CE,GS )\" src=\"http:\/\/localhost\/media\/import\/detail\/530714179_139.jpg\" width=\"689\" height=\"847\"><\/span><\/p>\n<p style=\"background:#ffffff\"><span style=\"font-size:24px\"> <\/span> <\/p>\n<p style=\"background:#ffffff\"><span style=\"font-size:18px;font-family:arial, helvetica, sans-serif;background-color:#ffff00\"> <span style=\"color:#000000\"><strong>4.Outra bomba submers\u00edvel multifuncional:<\/strong><\/span> <\/span><\/p>\n<p style=\"background:#ffffff\"><span style=\"font-size:24px\"><img loading=\"lazy\" decoding=\"async\" alt=\"SUNSUN 2000L\/H 2,5m Bomba de fonte para lago (CE,GS)\" src=\"http:\/\/localhost\/media\/import\/detail\/703274617_079.jpg\" width=\"600\" height=\"600\"><\/span><\/p>\n<p style=\"background:#ffffff\"><span style=\"font-size:24px\"><img loading=\"lazy\" decoding=\"async\" alt=\"SUNSUN 2000L\/H 2,5m Bomba de fonte para lagoa (CE,GS )\" src=\"http:\/\/localhost\/media\/import\/detail\/703276205_117.jpg\" width=\"600\" height=\"600\"><\/span><\/p>\n<p style=\"background:#ffffff\">\n<p style=\"background:#ffffff\">\n<p style=\"background:#ffffff\"><span style=\"font-size:18px;font-family:arial, helvetica, sans-serif;color:#000000;background-color:#ffff00\"><strong>Tamb\u00e9m temos outras bombas de fonte:<\/strong><\/span><\/p>\n<p style=\"background:#ffffff\"><span style=\"font-family:comic sans ms,sans-serif;color:#0000ff;background-color:#ffffff\"><span style=\"font-size:24px\"><strong><img decoding=\"async\" alt=\"SUNSUN 2000L\/H 2,5 m Pond Fountain Pump (CE,GS )\" src=\"http:\/\/localhost\/media\/import\/detail\/703570095_351.jpg\"><\/strong><\/span><\/span><\/p>\n<p style=\"background:#ffffff\">\n<p style=\"background:#ffffff\"><span style=\"font-size:18px;font-family:arial, helvetica, sans-serif;color:#000000;background-color:#ffff00\"><strong>5. Usos da bomba de fonte de lagoa:<\/strong><\/span><span style=\"font-size:24px\"><span style=\"font-size:18px;font-family:arial, helvetica, sans-serif;background-color:#ffff00\"> <\/span><img loading=\"lazy\" decoding=\"async\" alt=\"SUNSUN 2000L\/H 2,5m Bomba de fonte de lagoa (CE,GS )\" src=\"http:\/\/localhost\/media\/import\/detail\/563822234_944.jpg\" width=\"600\" height=\"600\"><\/span><\/p>\n<p style=\"background:#ffffff\"><span style=\"font-size:24px\"> <\/span><\/p>\n<p style=\"background:#ffffff\"><span style=\"font-size:24px\"><img loading=\"lazy\" decoding=\"async\" alt=\"SUNSUN 2000L\/H 2,5 m Pond Fountain Pump (CE,GS )\" src=\"http:\/\/localhost\/media\/import\/detail\/702210614_257.jpg\" width=\"600\" height=\"600\"><\/span><\/p>\n<p style=\"background:#ffffff\">\n<div id=\"ali-anchor-AliPostDhMb-opwr5\" style=\"padding-top:8px\" data-section-title=\"Informa\u00e7\u00f5es da empresa\" data-section=\"AliPostDhMb-opwr5\"><strong><span style=\"background-color:#dddddd;color:#333333\"><\/span><\/strong> <\/div>\n","protected":false},"excerpt":{"rendered":"<p>Bomba de fonte para lago SUNSUN 2000L\/H 2,5 m (CE, GS) HQB-2500<\/p>\n","protected":false},"featured_media":5932,"comment_status":"open","ping_status":"closed","template":"","meta":[],"product_brand":[],"product_cat":[1374],"product_tag":[],"class_list":{"0":"post-36963","1":"product","2":"type-product","3":"status-publish","4":"has-post-thumbnail","6":"product_cat-bombas-de-agua-e-cabecas-poderosas","8":"first","9":"instock","10":"shipping-taxable","11":"purchasable","12":"product-type-simple"},"_links":{"self":[{"href":"https:\/\/www.myaquastore.com\/pt-br\/wp-json\/wp\/v2\/product\/36963","targetHints":{"allow":["GET"]}}],"collection":[{"href":"https:\/\/www.myaquastore.com\/pt-br\/wp-json\/wp\/v2\/product"}],"about":[{"href":"https:\/\/www.myaquastore.com\/pt-br\/wp-json\/wp\/v2\/types\/product"}],"replies":[{"embeddable":true,"href":"https:\/\/www.myaquastore.com\/pt-br\/wp-json\/wp\/v2\/comments?post=36963"}],"wp:featuredmedia":[{"embeddable":true,"href":"https:\/\/www.myaquastore.com\/pt-br\/wp-json\/wp\/v2\/media\/5932"}],"wp:attachment":[{"href":"https:\/\/www.myaquastore.com\/pt-br\/wp-json\/wp\/v2\/media?parent=36963"}],"wp:term":[{"taxonomy":"product_brand","embeddable":true,"href":"https:\/\/www.myaquastore.com\/pt-br\/wp-json\/wp\/v2\/product_brand?post=36963"},{"taxonomy":"product_cat","embeddable":true,"href":"https:\/\/www.myaquastore.com\/pt-br\/wp-json\/wp\/v2\/product_cat?post=36963"},{"taxonomy":"product_tag","embeddable":true,"href":"https:\/\/www.myaquastore.com\/pt-br\/wp-json\/wp\/v2\/product_tag?post=36963"}],"curies":[{"name":"wp","href":"https:\/\/api.w.org\/{rel}","templated":true}]}}