{"id":36969,"date":"2016-09-25T23:28:39","date_gmt":"2016-09-25T23:28:39","guid":{"rendered":"https:\/\/www.myaquastore.com\/product\/bomba-de-fonte-para-lago-de-jardim-sunsun-5000l-h-jep-5000f\/"},"modified":"2025-03-16T08:45:16","modified_gmt":"2025-03-16T08:45:16","slug":"bomba-de-fonte-para-lago-de-jardim-sunsun-5000l-h-jep-5000f","status":"publish","type":"product","link":"https:\/\/www.myaquastore.com\/pt-br\/produto\/bomba-de-fonte-para-lago-de-jardim-sunsun-5000l-h-jep-5000f\/","title":{"rendered":"Bomba de fonte para lago de jardim SUNSUN 5000L\/h JEP-5000F"},"content":{"rendered":"<div style=\"clear:both\"><\/div>\n<p style=\"text-align:center\"><span style=\"font-family:comic sans ms,sans-serif\"><span style=\"font-size:14px\"> <strong><span style=\"color:#dd7821\">Escopo da aplica\u00e7\u00e3o:<\/span><\/strong><\/span><\/span><\/p>\n<p style=\"text-align:center\"><span style=\"font-family:comic sans ms,sans-serif\"><span style=\"font-size:14px\">Usado no n\u00edvel subaqu\u00e1tico ou acima da \u00e1gua como circula\u00e7\u00e3o, irriga\u00e7\u00e3o, fonte ou bombas de corrente em<\/span><\/span><\/p>\n<p style=\"text-align:center\"><span style=\"font-family:comic sans ms,sans-serif\"><span style=\"font-size:14px\"> \u00e1gua salgada e<\/span><span style=\"font-size:14px\">aqu\u00e1rio de \u00e1gua doce, <\/span><span style=\"font-size:14px\">aqu\u00e1rio de peixes ou lagos de jardim. Fornecido com carca\u00e7a de bomba de alta qualidade<\/span><span style=\"font-size:14px\">e enrolamento selado com <\/span><span style=\"font-size:14px\">resina que nunca vaza eletricidade.<\/span><\/span><\/p>\n<p style=\"text-align:center\"><span style=\"font-family:verdana,geneva\"><em><span style=\"font-size:14px\"> <\/span><\/em><\/span><\/p>\n<p style=\"text-align:center\"><span style=\"font-size:14px;font-family:comic sans ms,sans-serif;color:#dd7821\"><strong>Recurso:<\/strong><\/span><\/p>\n<p style=\"text-align:center\"><span style=\"font-size:14px;font-family:comic sans ms,sans-serif\">1. Design multifuncional&#8212;&#8211;bombeamento, filtragem e fonte 3 em 1.<\/span><\/p>\n<p style=\"text-align:center\"><span style=\"font-size:14px;font-family:comic sans ms,sans-serif\">2. Motor ass\u00edncrono padr\u00e3o de alto desempenho com novo design, baixo ru\u00eddo, economia de energia e \u00e0 prova d&#8217;\u00e1gua<\/span><\/p>\n<p style=\"text-align:center\"><span style=\"font-size:14px;font-family:comic sans ms,sans-serif\">3. Design especial do rotor, eixo cer\u00e2mico \u00e0 prova de desgaste, longa vida \u00fatil e adequado para anf\u00edbios terrestres.<\/span><\/p>\n<p style=\"text-align:center\"><span style=\"font-size:14px;font-family:comic sans ms,sans-serif\">4. Conector de descarga m\u00faltipla para v\u00e1rios tubos.<\/span><\/p>\n<p style=\"text-align:center\"><span style=\"font-size:14px;font-family:comic sans ms,sans-serif\">5. Fontes personalizadas com v\u00e1rios designs fornecem oxig\u00eanio \u00e0s lagoas da maneira moderna.<\/span><\/p>\n<p style=\"text-align:center\"><span style=\"font-size:14px;font-family:comic sans ms,sans-serif\">6. Foram equipados com regulador que pode ser puxado para frente e para tr\u00e1s, f\u00e1cil de ajustar a altura. <\/span><\/p>\n<p style=\"text-align:center\"><span style=\"font-size:14px;font-family:comic sans ms,sans-serif\">7. V\u00e1rios formatos de tubos de fonte est\u00e3o dispon\u00edveis. o tamanho e a altura da bela fonte podem ser ajustados como voc\u00ea quiser.<\/span><\/p>\n<p style=\"text-align:center\">\n<p style=\"text-align:center\">\n<p style=\"text-align:center\"><span style=\"font-size:14px;font-family:comic sans ms,sans-serif\"><span style=\"color:#dd7821\"><strong>Aten\u00e7\u00e3o:<\/strong><br \/><\/span>Desligue antes de usar<br \/>Use na \u00e1gua <br \/>N\u00e3o segure a bomba pelo cabo<br \/> Temperatura da \u00e1gua de trabalho da bomba abaixo de 45\u00b0C<br \/>Mantenha a \u00e1gua limpa<\/span><\/p>\n<p style=\"text-align:center\">\n<p style=\"text-align:center\"><span style=\"font-size:14px;font-family:comic sans ms,sans-serif\"><img decoding=\"async\" alt=\"SUNSUN Bomba de fonte para lago de jardim 5000L \/ h JEP-5000F\" src=\"http:\/\/localhost\/media\/import\/detail\/523276461_200.jpg\"><img decoding=\"async\" alt=\"SUNSUN 5000L\/h Bomba de fonte para lago de jardim JEP-5000F\" src=\"http:\/\/localhost\/media\/import\/detail\/523276465_362.jpg\"><img decoding=\"async\" alt=\"SUNSUN 5000L\/h Bomba de fonte para lago de jardim JEP-5000F\" src=\"http:\/\/localhost\/media\/import\/detail\/523276470_153.jpg\"><img decoding=\"async\" alt=\"SUNSUN 5000L\/h Bomba de fonte para lago de jardim JEP-5000F\" src=\"http:\/\/localhost\/media\/import\/detail\/523276769_158.jpg\"><img decoding=\"async\" alt=\"SUNSUN Bomba de fonte para lago de jardim 5000L \/ h JEP-5000F\" src=\"http:\/\/localhost\/media\/import\/detail\/523277251_454.jpg\"><img decoding=\"async\" alt=\"SUNSUN 5000L\/h Bomba de fonte para lago de jardim JEP-5000F\" src=\"http:\/\/localhost\/media\/import\/detail\/523277699_033.jpg\"><img decoding=\"async\" alt=\"SUNSUN 5000L\/h Bomba de fonte para lago de jardim JEP-5000F\" src=\"http:\/\/localhost\/media\/import\/detail\/523278359_920.jpg\"><\/span> <\/p>\n<p style=\"text-align:center\"> <span style=\"font-size:10.5pt;font-family:comic sans ms,sans-serif\"><img decoding=\"async\" alt=\"SUNSUN 5000L\/h Bomba de fonte para lago de jardim JEP-5000F\" src=\"http:\/\/localhost\/media\/import\/detail\/521978234_822.jpg\"><\/span><\/p>\n<p style=\"text-align:center\"><span style=\"font-size:12pt;font-family:'Comic Sans MS';color:#000000\">Temos todo o tipo de equipamentos para aqu\u00e1rio e lagoa! <\/span><\/p>\n<p style=\"text-align:center\"><span style=\"font-size:12pt;font-family:'Comic Sans MS';color:#000000\">Se voc\u00ea precisar de algum produto, n\u00e3o hesite em entrar em contato<\/span><span style=\"font-size:12pt;color:#000000\"> n\u00f3s<\/span><\/p>\n<p style=\"text-align:center\"><span style=\"font-size:12pt;font-family:'Comic Sans MS';color:#000000\">Se voc\u00ea comprar v\u00e1rios itens ao mesmo tempo, voc\u00ea <\/span><span style=\"font-size:12pt;font-family:'Comic Sans MS';color:#f30094;font-style:italic\">economizar\u00e1 muito envio<\/span><span style=\"font-size:12pt;font-family:'Comic Sans MS';color:#000000\">!<\/span><\/p>\n<p style=\"text-align:center\"><span style=\"font-size:12pt;font-family:'Comic Sans MS';color:#000000\">Qualquer outra d\u00favida, n\u00e3o hesite em contactar n\u00f3s!<\/span><\/p>\n<p style=\"background:#ffffff\">\n<p><em><span style=\"color:fuchsia;line-height:21px\"><em><span style=\"line-height:24px;background-color:#ff0000\"><em><span style=\"line-height:24px\"><a title=\"Clique em mais produtos\" href=\"http:\/\/gzweierma.en.alibaba.com\/productgrouplist-215139431\/Water_Pumps.html\"><\/a><\/span><\/em><\/span><\/em><\/span><\/em><\/p>\n<div style=\"clear:both\"><\/div>\n","protected":false},"excerpt":{"rendered":"<p>Bomba de fonte para lago de jardim SUNSUN 5000L\/h JEP-5000F<\/p>\n","protected":false},"featured_media":5944,"comment_status":"open","ping_status":"closed","template":"","meta":[],"product_brand":[],"product_cat":[1374],"product_tag":[],"class_list":{"0":"post-36969","1":"product","2":"type-product","3":"status-publish","4":"has-post-thumbnail","6":"product_cat-bombas-de-agua-e-cabecas-poderosas","8":"first","9":"instock","10":"shipping-taxable","11":"purchasable","12":"product-type-simple"},"_links":{"self":[{"href":"https:\/\/www.myaquastore.com\/pt-br\/wp-json\/wp\/v2\/product\/36969","targetHints":{"allow":["GET"]}}],"collection":[{"href":"https:\/\/www.myaquastore.com\/pt-br\/wp-json\/wp\/v2\/product"}],"about":[{"href":"https:\/\/www.myaquastore.com\/pt-br\/wp-json\/wp\/v2\/types\/product"}],"replies":[{"embeddable":true,"href":"https:\/\/www.myaquastore.com\/pt-br\/wp-json\/wp\/v2\/comments?post=36969"}],"wp:featuredmedia":[{"embeddable":true,"href":"https:\/\/www.myaquastore.com\/pt-br\/wp-json\/wp\/v2\/media\/5944"}],"wp:attachment":[{"href":"https:\/\/www.myaquastore.com\/pt-br\/wp-json\/wp\/v2\/media?parent=36969"}],"wp:term":[{"taxonomy":"product_brand","embeddable":true,"href":"https:\/\/www.myaquastore.com\/pt-br\/wp-json\/wp\/v2\/product_brand?post=36969"},{"taxonomy":"product_cat","embeddable":true,"href":"https:\/\/www.myaquastore.com\/pt-br\/wp-json\/wp\/v2\/product_cat?post=36969"},{"taxonomy":"product_tag","embeddable":true,"href":"https:\/\/www.myaquastore.com\/pt-br\/wp-json\/wp\/v2\/product_tag?post=36969"}],"curies":[{"name":"wp","href":"https:\/\/api.w.org\/{rel}","templated":true}]}}