{"id":36970,"date":"2016-09-25T23:28:40","date_gmt":"2016-09-25T23:28:40","guid":{"rendered":"https:\/\/www.myaquastore.com\/product\/filtro-e-bomba-sunsun-hj-1100-hj-1100\/"},"modified":"2025-03-16T08:45:16","modified_gmt":"2025-03-16T08:45:16","slug":"filtro-e-bomba-sunsun-hj-1100-hj-1100","status":"publish","type":"product","link":"https:\/\/www.myaquastore.com\/pt-br\/produto\/filtro-e-bomba-sunsun-hj-1100-hj-1100\/","title":{"rendered":"Filtro e bomba SUNSUN HJ-1100 HJ-1100"},"content":{"rendered":"<div style=\"clear:both\"><\/div>\n<div id=\"ali-anchor-AliPostDhMb-9v1ep\" style=\"padding-top:8px\" data-section-title=\"Descri\u00e7\u00e3o do produto\" data-section=\"AliPostDhMb-9v1ep\"> <\/div>\n<div style=\"padding-top:8px\" data-section-title=\"Descri\u00e7\u00e3o do produto\" data-section=\"AliPostDhMb-9v1ep\">\n<div style=\"padding-bottom:10px;padding-top:10px;padding-left:0px;padding-right:0px\"> <\/div>\n<\/div>\n<p data-section-blank=\"AliPostDhMb-9v1ep\"><span style=\"font-size:24px\"><strong>Filtro e bomba SUNSUN HJ-1100 <\/strong><\/span><\/p>\n<p data-section-blank=\"AliPostDhMb-9v1ep\">\n<p data-section-blank=\"AliPostDhMb-9v1ep\"><strong><span style=\"font-size:16px\">Featrues <\/span><\/strong><\/p>\n<p data-section-blank=\"AliPostDhMb-9v1ep\"><span style=\"font-size:16px\"><span style=\"font-size:14px\">1.O corpo e o inv\u00f3lucro da mini bomba de \u00e1gua HJ s\u00e3o feitos de pl\u00e1stico de alta qualidade <\/span><br \/><span style=\"font-size:14px\">que \u00e9 anticorrosivo e altamente dur\u00e1vel. <\/span><br \/><span style=\"font-size:14px\">2.As bombas possuem excelente isolamento para o motor <\/span><br \/><span style=\"font-size:14px\">sendo completamente vedadas. <\/span><br \/><span style=\"font-size:14px\">3. As bombas combinam bombeamento, filtragem, oxig\u00eanio e fonte <\/span><br \/><span style=\"font-size:14px\">em um. <\/span><br \/><span style=\"font-size:14px\">4.Ele usa n\u00facleo de eixo resistente ao desgaste de alta resist\u00eancia e longa <\/span><br \/><span style=\"font-size:14px\">vida \u00fatil. <\/span><\/span><\/p>\n<p data-section-blank=\"AliPostDhMb-9v1ep\">\n<p data-section-blank=\"AliPostDhMb-9v1ep\"><strong><span style=\"font-size:16px\"><span style=\"font-size:14px\">Par\u00e2metro <\/span><\/span><\/strong><\/p>\n<p data-section-blank=\"AliPostDhMb-9v1ep\">\n<table class=\"aliDataTable\" border=\"1\">\n<tbody>\n<tr>\n<td><strong>Modelo <\/strong><\/td>\n<td><strong>Tens\u00e3o <\/strong><\/td>\n<td><strong>Frequ\u00eancia <\/strong><\/td>\n<td><strong>Pot\u00eancia <\/strong><\/td>\n<td><strong>H-max <\/strong><\/td>\n<td><strong>Sa\u00edda <\/strong><\/td>\n<td><strong>Adaptador dom\u00e9stico <\/strong><\/td>\n<td><strong>Cabo(m) <\/strong><\/td>\n<td><strong>Peso(kg) <\/strong><\/td>\n<td><strong>L*W*H(mm) <\/strong><\/td>\n<\/tr>\n<tr>\n<td>HJ-500<\/td>\n<td>110V\/220V\/240V<\/td>\n<td>50Hz\/60Hz<\/td>\n<td>7w<\/td>\n<td>0,9m<\/td>\n<td>5 00L\/h<\/td>\n<td>13mm<\/td>\n<td>1,5m<\/td>\n<td>0,25kg<\/td>\n<td>99*56*77,5<\/td>\n<\/tr>\n<tr>\n<td>HJ-600<\/td>\n<td>110V\/220V\/2 40V<\/td>\n<td>50Hz\/60Hz<\/td>\n<td>8w<\/td>\n<td>1,3m<\/td>\n<td>600L\/h<\/td>\n<td>13mm<\/td>\n<td>1,5m<\/td>\n<td>0,35kg<\/td>\n<td>96*61*86<\/td>\n<\/tr>\n<tr>\n<td>HJ-1100<\/td>\n<td>110V\/220V\/240V<\/td>\n<td>50Hz\/60Hz<\/td>\n<td>20w<\/td>\n<td>1,5m<\/td>\n<td> 900L\/h<\/td>\n<td>13\/16mm<\/td>\n<td>1,5m<\/td>\n<td>0,5kg<\/td>\n<td>124*64*95<\/td>\n<\/tr>\n<tr>\n<td>HJ-1500<\/td>\n<td>110V\/220 V\/240V<\/td>\n<td>50Hz\/60Hz<\/td>\n<td>25w<\/td>\n<td>1,8m<\/td>\n<td>1500L\/h<\/td>\n<td>13\/16\/20mm<\/td>\n<td>1,5m<\/td>\n<td>0,6 5kg<\/td>\n<td>130*69*95<\/td>\n<\/tr>\n<tr>\n<td>HJ-2200<\/td>\n<td>110V\/220V\/240V<\/td>\n<td>50Hz\/60Hz<\/td>\n<td>35w<\/td>\n<td>2 ,0m<\/td>\n<td>2000L\/h<\/td>\n<td>13\/16\/20mm<\/td>\n<td>2,5m<\/td>\n<td>0,9kg<\/td>\n<td>139*75*106,5<\/td>\n<\/tr>\n<tr>\n<td>HJ-25 00<\/td>\n<td>110V\/220V\/240V<\/td>\n<td>50Hz\/60Hz<\/td>\n<td>45w<\/td>\n<td>2,7m<\/td>\n<td>2500L\/h<\/td>\n<td>13\/16\/20mm<\/td>\n<td>2,5m<\/td>\n<td>1,0kg<\/td>\n<td>139*75*106,5<\/td>\n<\/tr>\n<tr>\n<td>HJ-3000<\/td>\n<td>110V\/220V\/240V<\/td>\n<td>50Hz\/60Hz<\/td>\n<td>55w<\/td>\n<td>3,0m<\/td>\n<td>3000L\/h<\/td>\n<td>13\/16\/20mm<\/td>\n<td>2,5m<\/td>\n<td>1,3kg<\/td>\n<td>166*85*118&lt;\/td <\/tr>\n<tr>\n<td>HJ-4500<\/td>\n<td>110V\/220V\/240V<\/td>\n<td>50Hz\/60Hz<\/td>\n<td>80w<\/td>\n<td>3,8m<\/td>\n<td>5000L\/h<\/td>\n<td>13\/25\/32mm<\/td>\n<td>2,5m<\/td>\n<td>2,3kg<\/td>\n<td>191*119*129<\/td>\n<\/tr>\n<tr>\n<td>HJ-5500<\/td>\n<td>110V\/220V\/240V<\/td>\n<td>50Hz\/60Hz<\/td>\n<td>100w<\/td>\n<td>4,0m<\/td>\n<td>6000L\/h<\/td>\n<td>13\/25\/32mm<\/td>\n<td>2,5m<\/td>\n<td>2,3kg<\/td>\n<td>191*119*129<\/td>\n<\/tr>\n<tr>\n<td>HJ-6000<\/td>\n<td>110V\/220V\/240V<\/td>\n<td>50Hz\/60Hz<\/td>\n<td>150w<\/td>\n<td>5,0m<\/td>\n<td>6800L\/h<\/td>\n<td>13\/25\/32mm<\/td>\n<td>2,5m<\/td>\n<td>2,4kg<\/td>\n<td>191*119*129<\/td>\n<\/tr>\n<\/tbody>\n<\/table>\n<p data-section-blank=\"AliPostDhMb-9v1ep\"><strong><span style=\"font-size:16px\"><span style=\"font-size:14px\"><br \/><\/span><\/span><\/strong><\/p>\n<p data-section-blank=\"AliPostDhMb-9v1ep\"><span style=\"font-size:16px\"><span style=\"font-size:14px\"><span style=\"font-size:16px\"><strong>Curvas de fun\u00e7\u00e3o <\/strong><\/span><\/span><\/span><\/p>\n<p data-section-blank=\"AliPostDhMb-9v1ep\"><img loading=\"lazy\" decoding=\"async\" alt=\"Filtro e bomba SUNSUN HJ-1100\" src=\"http:\/\/localhost\/media\/import\/detail\/HTB1t27nFVXXXXczXpXXq6xXFXXXY.jpg\" width=\"584\" height=\"431\"><\/p>\n<p data-section-blank=\"AliPostDhMb-9v1ep\">\n<p style=\"text-align:center\"><span style=\"font-size:24px\"><strong><span style=\"color:#000000\"><img decoding=\"async\" alt=\"SUNSUN HJ Series mini bomba de circula\u00e7\u00e3o de \u00e1gua.jpg\" src=\"http:\/\/localhost\/media\/import\/detail\/HTB1gJ8IFVXXXXbPXFXXq6xXFXXX5.jpg\"><\/span><\/strong><\/span><\/p>\n<p data-section-blank=\"AliPostDhMb-9v1ep\"><span style=\"font-size:16px\"><span style=\"font-size:14px\"><img decoding=\"async\" alt=\"SUNSUN HJ s\u00e9rie spray mini bomba submers\u00edvel el\u00e9trica pre\u00e7o (4).jpg\" src=\"http:\/\/localhost\/media\/import\/detail\/HTB1uEBFFVXXXXagXVXXq6xXFXXXP.jpg\"><img><\/span><\/span><\/p>\n<p data-section-blank=\"AliPostDhMb-us2sq\">\n<p data-section-blank=\"AliPostDhMb-9v1ep\">\n<div style=\"clear:both\"><\/div>\n","protected":false},"excerpt":{"rendered":"<p>Filtro e bomba SUNSUN HJ-1100 HJ-1100<\/p>\n","protected":false},"featured_media":5946,"comment_status":"open","ping_status":"closed","template":"","meta":[],"product_brand":[],"product_cat":[1374],"product_tag":[],"class_list":{"0":"post-36970","1":"product","2":"type-product","3":"status-publish","4":"has-post-thumbnail","6":"product_cat-bombas-de-agua-e-cabecas-poderosas","8":"first","9":"instock","10":"shipping-taxable","11":"purchasable","12":"product-type-simple"},"_links":{"self":[{"href":"https:\/\/www.myaquastore.com\/pt-br\/wp-json\/wp\/v2\/product\/36970","targetHints":{"allow":["GET"]}}],"collection":[{"href":"https:\/\/www.myaquastore.com\/pt-br\/wp-json\/wp\/v2\/product"}],"about":[{"href":"https:\/\/www.myaquastore.com\/pt-br\/wp-json\/wp\/v2\/types\/product"}],"replies":[{"embeddable":true,"href":"https:\/\/www.myaquastore.com\/pt-br\/wp-json\/wp\/v2\/comments?post=36970"}],"wp:featuredmedia":[{"embeddable":true,"href":"https:\/\/www.myaquastore.com\/pt-br\/wp-json\/wp\/v2\/media\/5946"}],"wp:attachment":[{"href":"https:\/\/www.myaquastore.com\/pt-br\/wp-json\/wp\/v2\/media?parent=36970"}],"wp:term":[{"taxonomy":"product_brand","embeddable":true,"href":"https:\/\/www.myaquastore.com\/pt-br\/wp-json\/wp\/v2\/product_brand?post=36970"},{"taxonomy":"product_cat","embeddable":true,"href":"https:\/\/www.myaquastore.com\/pt-br\/wp-json\/wp\/v2\/product_cat?post=36970"},{"taxonomy":"product_tag","embeddable":true,"href":"https:\/\/www.myaquastore.com\/pt-br\/wp-json\/wp\/v2\/product_tag?post=36970"}],"curies":[{"name":"wp","href":"https:\/\/api.w.org\/{rel}","templated":true}]}}