{"id":36976,"date":"2016-12-27T16:03:45","date_gmt":"2016-12-27T16:03:45","guid":{"rendered":"https:\/\/www.myaquastore.com\/product\/acessorios-de-instalacao-de-sistema-de-aquario-acrilico-crb-13-suporte-de-membro-coral-de-13-buracos\/"},"modified":"2025-03-16T08:52:39","modified_gmt":"2025-03-16T08:52:39","slug":"acessorios-de-instalacao-de-sistema-de-aquario-acrilico-crb-13-suporte-de-membro-coral-de-13-buracos","status":"publish","type":"product","link":"https:\/\/www.myaquastore.com\/pt-br\/produto\/acessorios-de-instalacao-de-sistema-de-aquario-acrilico-crb-13-suporte-de-membro-coral-de-13-buracos\/","title":{"rendered":"Acess\u00f3rios de instala\u00e7\u00e3o de sistema de aqu\u00e1rio acr\u00edlico CRB-13 suporte de membro coral de 13 buracos"},"content":{"rendered":"<h2>Descri\u00e7\u00e3o do produto <\/h2>\n<div><a><img class=\"alignnone=\"><\/a><\/p>\n<p>Instru\u00e7\u00f5es de pedido <\/p><\/div>\n<p>As cita\u00e7\u00f5es acima, como o pre\u00e7o de compra de zero 1-4 bom pre\u00e7o <\/p>\n<p>Como a cota\u00e7\u00e3o acima para comprar 5-9 bom pre\u00e7o de compra <\/p>\n<p>As cota\u00e7\u00f5es acima, como a compra de mais de 10 pre\u00e7os de atacado <\/p>\n<p>Agentes regionais procurados, elegibilidade do agente autorizado para obter pre\u00e7os mais favor\u00e1veis \u200b\u200bdo que o pre\u00e7o de atacado. Para obter detalhes, entre em contato com o atendimento ao cliente. <\/p>\n<p>&amp;Nbsp; para <\/p>\n<p>PS: produtos para vendas diretas da f\u00e1brica, pedidos de f\u00e1brica devido \u00e0 recente temporada movimentada, o ciclo de giro de carga mais r\u00e1pido, por isso n\u00e3o podemos garantir que cada produto tenha dinheiro e estoque, antes de fazer o pedido entre em contato com nossa equipe de vendas para confirmar o prazo de entrega. <\/p>\n<p><p>Manual do produto: <\/p>\n<p><p>Suporte de acr\u00edlico especial SPS de coral vivo, uma variedade de especifica\u00e7\u00f5es\/furos para escolher, configure um sugador forte, o sugador pode torcer e apertar a porca para obter uma forte adsor\u00e7\u00e3o n\u00e3o cai, material acr\u00edlico avan\u00e7ado. <\/p>\n<p><p>Modelo: CRB-13 <\/p>\n<p>Especifica\u00e7\u00f5es do produto: (comprimento\/largura\/altura): 150\/150\/60 MM &#8211; contendo ventosa <\/p>\n<p>(Comprimento\/largura\/altura): 140\/140\/55 MM &#8211; sem ventosa <\/p>\n<p>N\u00famero de furos do bloco: 13 <\/p>\n<p>Di\u00e2metro do furo: 13 MM <\/p>\n<p>N\u00famero de ot\u00e1rio: 2 <\/p>\n<p><p>SPS sem assento de suporte, se necess\u00e1rio, adquira, instale o diagrama de efeito de base do SPS abaixo <\/p>\n<p><p><img><\/p>\n<\/p>\n<\/div>\n","protected":false},"excerpt":{"rendered":"<p>Acess\u00f3rios de instala\u00e7\u00e3o de sistema de aqu\u00e1rio acr\u00edlico CRB-13 suporte de membro coral de 13 buracos<\/p>\n","protected":false},"featured_media":6266,"comment_status":"open","ping_status":"closed","template":"","meta":[],"product_brand":[],"product_cat":[1272],"product_tag":[],"class_list":{"0":"post-36976","1":"product","2":"type-product","3":"status-publish","4":"has-post-thumbnail","6":"product_cat-escumadores-de-proteina","8":"first","9":"instock","10":"shipping-taxable","11":"purchasable","12":"product-type-simple"},"_links":{"self":[{"href":"https:\/\/www.myaquastore.com\/pt-br\/wp-json\/wp\/v2\/product\/36976","targetHints":{"allow":["GET"]}}],"collection":[{"href":"https:\/\/www.myaquastore.com\/pt-br\/wp-json\/wp\/v2\/product"}],"about":[{"href":"https:\/\/www.myaquastore.com\/pt-br\/wp-json\/wp\/v2\/types\/product"}],"replies":[{"embeddable":true,"href":"https:\/\/www.myaquastore.com\/pt-br\/wp-json\/wp\/v2\/comments?post=36976"}],"wp:featuredmedia":[{"embeddable":true,"href":"https:\/\/www.myaquastore.com\/pt-br\/wp-json\/wp\/v2\/media\/6266"}],"wp:attachment":[{"href":"https:\/\/www.myaquastore.com\/pt-br\/wp-json\/wp\/v2\/media?parent=36976"}],"wp:term":[{"taxonomy":"product_brand","embeddable":true,"href":"https:\/\/www.myaquastore.com\/pt-br\/wp-json\/wp\/v2\/product_brand?post=36976"},{"taxonomy":"product_cat","embeddable":true,"href":"https:\/\/www.myaquastore.com\/pt-br\/wp-json\/wp\/v2\/product_cat?post=36976"},{"taxonomy":"product_tag","embeddable":true,"href":"https:\/\/www.myaquastore.com\/pt-br\/wp-json\/wp\/v2\/product_tag?post=36976"}],"curies":[{"name":"wp","href":"https:\/\/api.w.org\/{rel}","templated":true}]}}