{"id":36981,"date":"2016-12-27T16:03:47","date_gmt":"2016-12-27T16:03:47","guid":{"rendered":"https:\/\/www.myaquastore.com\/product\/acessorios-de-instalacao-acrilico-aquario-anexo-hbf-3-suporte-de-saco-de-filtro-de-tamanho-grande\/"},"modified":"2025-03-16T08:52:41","modified_gmt":"2025-03-16T08:52:41","slug":"acessorios-de-instalacao-acrilico-aquario-anexo-hbf-3-suporte-de-saco-de-filtro-de-tamanho-grande","status":"publish","type":"product","link":"https:\/\/www.myaquastore.com\/pt-br\/produto\/acessorios-de-instalacao-acrilico-aquario-anexo-hbf-3-suporte-de-saco-de-filtro-de-tamanho-grande\/","title":{"rendered":"Acess\u00f3rios de instala\u00e7\u00e3o acr\u00edlico aqu\u00e1rio anexo HBF-3 suporte de saco de filtro de tamanho grande"},"content":{"rendered":"<h2>Descri\u00e7\u00e3o do produto <\/h2>\n<p><img><\/p>\n<p>MS Porta-sacos em acr\u00edlico <\/p>\n<p>\n<p>\n<table>\n<tbody>\n<tr>\n<td>\n<p>modelo <\/p>\n<\/td>\n<td>\n<p><strong>O di\u00e2metro interno do stent <\/strong><\/p>\n<\/td>\n<td>\n<p><strong>Recomendado apoiar o uso de <\/strong><\/p>\n<\/td>\n<\/tr>\n<tr>\n<td>\n<p><strong>HBF-1 <\/strong><\/p>\n<\/td>\n<td>95 MM <\/td>\n<td>bolsa MS FS-S, FS-M <\/td>\n<\/tr>\n<tr>\n<td>\n<p><strong>HBF-3 <\/strong><\/p>\n<\/td>\n<td>165 MM <\/td>\n<td>bolsa MS FSL <\/td>\n<\/tr>\n<\/tbody>\n<\/table>\n<p>\n<p> E a fonte do suporte do saco de filtro acr\u00edlico MS apresenta: <br \/> 1 \u00e9 feito de acr\u00edlico de alta qualidade. <br \/> 2 atrav\u00e9s do parafuso pode ser um tamp\u00e3o s\u00f3lido no aqu\u00e1rio ou tanque de filtro. <br \/> 3 Existem dois tamanhos que podem ser usados, especialmente para suporte de especifica\u00e7\u00f5es MS ou outras marcas de bolsas filtrantes. <\/p>\n<p><p>Especifica\u00e7\u00f5es: <\/p>\n<div>Di\u00e2metro do furo: 165MM (adequado para fontes convencionais ou MARINHAS e a fonte da marca mais especifica\u00e7\u00f5es de saco de filtro grande) <\/div>\n<div>Comprimento\/largura\/altura (especifica\u00e7\u00f5es do stent acr\u00edlico, sem parafuso): 232\/205\/60 MM <\/div>\n<div>A espessura m\u00e1xima do vidro para fixa\u00e7\u00e3o: 12 MM <\/div>\n<div>PS: medi\u00e7\u00e3o manual, pode haver alguns erros! <\/div>\n<p>PS: nesta fase escolher apenas prateleiras brancas <\/p>\n<p>Suporte para bolsa em acr\u00edlico MS usando o exemplo da Figura <\/p>\n<p><a><img class=\"alignnone=\"><\/a><\/p>\n<p>Recomendamos apoiar o uso de MS e a origem do saco, clique <strong><a target=\"\">Aqui <\/a><\/strong>Veja mais sobre a descri\u00e7\u00e3o do filtro MS bolsa. <\/p>\n<\/p><\/div>\n<p>&#8220;<\/p>\n","protected":false},"excerpt":{"rendered":"<p>Acess\u00f3rios de instala\u00e7\u00e3o acr\u00edlico aqu\u00e1rio anexo HBF-3 suporte de saco de filtro de tamanho grande<\/p>\n","protected":false},"featured_media":6419,"comment_status":"open","ping_status":"closed","template":"","meta":[],"product_brand":[],"product_cat":[1272],"product_tag":[],"class_list":{"0":"post-36981","1":"product","2":"type-product","3":"status-publish","4":"has-post-thumbnail","6":"product_cat-escumadores-de-proteina","8":"first","9":"instock","10":"shipping-taxable","11":"purchasable","12":"product-type-simple"},"_links":{"self":[{"href":"https:\/\/www.myaquastore.com\/pt-br\/wp-json\/wp\/v2\/product\/36981","targetHints":{"allow":["GET"]}}],"collection":[{"href":"https:\/\/www.myaquastore.com\/pt-br\/wp-json\/wp\/v2\/product"}],"about":[{"href":"https:\/\/www.myaquastore.com\/pt-br\/wp-json\/wp\/v2\/types\/product"}],"replies":[{"embeddable":true,"href":"https:\/\/www.myaquastore.com\/pt-br\/wp-json\/wp\/v2\/comments?post=36981"}],"wp:featuredmedia":[{"embeddable":true,"href":"https:\/\/www.myaquastore.com\/pt-br\/wp-json\/wp\/v2\/media\/6419"}],"wp:attachment":[{"href":"https:\/\/www.myaquastore.com\/pt-br\/wp-json\/wp\/v2\/media?parent=36981"}],"wp:term":[{"taxonomy":"product_brand","embeddable":true,"href":"https:\/\/www.myaquastore.com\/pt-br\/wp-json\/wp\/v2\/product_brand?post=36981"},{"taxonomy":"product_cat","embeddable":true,"href":"https:\/\/www.myaquastore.com\/pt-br\/wp-json\/wp\/v2\/product_cat?post=36981"},{"taxonomy":"product_tag","embeddable":true,"href":"https:\/\/www.myaquastore.com\/pt-br\/wp-json\/wp\/v2\/product_tag?post=36981"}],"curies":[{"name":"wp","href":"https:\/\/api.w.org\/{rel}","templated":true}]}}