{"id":36990,"date":"2016-12-27T16:03:35","date_gmt":"2016-12-27T16:03:35","guid":{"rendered":"https:\/\/www.myaquastore.com\/product\/agulha-agulhas-da-bomba-da-escova-red-devil-sp3-escova-da-agulha-da-bomba-da-bomba-red-devil-sp3\/"},"modified":"2025-03-16T08:45:24","modified_gmt":"2025-03-16T08:45:24","slug":"agulha-agulhas-da-bomba-da-escova-red-devil-sp3-escova-da-agulha-da-bomba-da-bomba-red-devil-sp3","status":"publish","type":"product","link":"https:\/\/www.myaquastore.com\/pt-br\/produto\/agulha-agulhas-da-bomba-da-escova-red-devil-sp3-escova-da-agulha-da-bomba-da-bomba-red-devil-sp3\/","title":{"rendered":"Agulha\/agulhas da bomba da escova Red Devil SP3 Escova da agulha da bomba da bomba Red Devil SP3"},"content":{"rendered":"<h2>Descri\u00e7\u00e3o do produto <\/h2>\n<div>Par\u00e2metros t\u00e9cnicos: <\/div>\n<div>Modelo \ud83d\ude41 Vermelho) Devil SP3 \/ (Vermelho) Devil SP3 <\/div>\n<div>Pot\u00eancia da bomba: 15 W <\/div>\n<div>Capacidade inspirat\u00f3ria m\u00e1xima: 700L \/ H <\/div>\n<div>Tipos de bomba: bomba de con\u00edferas \/ skimmer (dispositivo de nitrog\u00eanio) dedicado <\/div>\n<div>Recomenda\u00e7\u00e3o do skimmer caseiro: o di\u00e2metro do corpo do tubo para o skimmer \u00e9 de 150 ~ 220mm <\/div>\n<div><\/div>\n<div>\n<p>PS: dados atualizados em janeiro de 2015 <\/p>\n<p>Agulha colocada horizontalmente no tubo da bomba da escova e a base contendo a ventosa tamanho m\u00e1ximo \ud83d\ude41 comprimento\/largura\/altura): 145\/145\/75 MM <\/p>\n<p>Erguido na rede tamanho do corpo da bomba (excluindo n\u00f3 corredi\u00e7o, boca de suc\u00e7\u00e3o e base da ventosa): (comprimento\/largura\/altura): 85\/70\/85 MM <\/p>\n<p><img><\/p>\n<\/p><\/div>\n<div><strong><br \/><\/strong>Bomba de con\u00edferas Devil DEVIL SP3 Caracter\u00edsticas do produto: <\/div>\n<div>1 Bomba de con\u00edferas Devil projetada para skimmer \/ nitrog\u00eanio \u00e9 o desenvolvimento de design para os padr\u00f5es alem\u00e3es da Europa &#8211; produtos personalizados. <\/div>\n<div>2 Super quantidade de entrada: A bomba \u00fanica m\u00e1xima pode atingir 700L \/ H, o consumo de energia \u00e9 de 13W <\/div>\n<div>3 pode ser usado fora do cilindro ou cilindros \/ anf\u00edbio. <\/div>\n<div>4 bombas com bico de suc\u00e7\u00e3o otimizado de con\u00edferas e tubo venturi. <\/div>\n<div>5 impressionante combina\u00e7\u00e3o de cores vermelho e preto, apar\u00eancia ultra-elegante. <\/div>\n<div>\n<div>6 eixos e refinado usando uma produ\u00e7\u00e3o de n\u00facleo altamente polido de alto padr\u00e3o <\/div>\n<div>7 desempenho do rotor magn\u00e9tico (desempenho n\u00e3o tradicional do que o rotor magn\u00e9tico comum, o rotor magn\u00e9tico custa cerca de 8 a 10 vezes o rotor magn\u00e9tico normal) <\/div>\n<div>8 chip de prote\u00e7\u00e3o t\u00e9rmica embutido, desligar automaticamente a bomba n\u00e3o est\u00e1 funcionando corretamente. <\/div>\n<div>9 Corpo da bomba de \u00e1gua em um material \u00e0 prova de fogo ABS de alto padr\u00e3o <\/div>\n<div>10 com linha espessa e ousada de alta pot\u00eancia <\/div>\n<div>11 design exclusivo de barra de montagem de ventosa, a bomba pode ser colocada em ambas as dire\u00e7\u00f5es sobre posicionamento horizontal e vertical. Ideal para todos os tipos de skimmer caseiro e DIY. (Dire\u00e7\u00e3o diferente do skimmer de preocupa\u00e7\u00e3o do problema da \u00e1gua) <\/div><\/div>\n<div><\/div>\n<div>O tipo de bomba Devil Coniferous SP3 passou pela autoridade da certifica\u00e7\u00e3o CE, EMC e Rohs. <\/div>\n<div>\n<\/div>\n<div><\/div>\n<div><strong><a><img class=\" size-full=\"><\/a><\/p>\n<p><\/strong><\/div>\n<div><strong><a><img class=\" size-full=\"><\/a> <a><img class=\" size-full=\"><\/a><\/p>\n<p><\/strong><\/div>\n<div><\/div>\n<div><\/div>\n<div>Caixa de embalagem <\/div>\n<div><a><img class=\" size-full=\"><\/a><\/div>\n<div><\/div>\n<div><\/div><\/div>\n","protected":false},"excerpt":{"rendered":"<p>Agulha\/agulhas da bomba da escova Red Devil SP3 Escova da agulha da bomba da bomba Red Devil SP3<\/p>\n","protected":false},"featured_media":5997,"comment_status":"open","ping_status":"closed","template":"","meta":[],"product_brand":[],"product_cat":[1272],"product_tag":[],"class_list":{"0":"post-36990","1":"product","2":"type-product","3":"status-publish","4":"has-post-thumbnail","6":"product_cat-escumadores-de-proteina","8":"first","9":"instock","10":"shipping-taxable","11":"purchasable","12":"product-type-simple"},"_links":{"self":[{"href":"https:\/\/www.myaquastore.com\/pt-br\/wp-json\/wp\/v2\/product\/36990","targetHints":{"allow":["GET"]}}],"collection":[{"href":"https:\/\/www.myaquastore.com\/pt-br\/wp-json\/wp\/v2\/product"}],"about":[{"href":"https:\/\/www.myaquastore.com\/pt-br\/wp-json\/wp\/v2\/types\/product"}],"replies":[{"embeddable":true,"href":"https:\/\/www.myaquastore.com\/pt-br\/wp-json\/wp\/v2\/comments?post=36990"}],"wp:featuredmedia":[{"embeddable":true,"href":"https:\/\/www.myaquastore.com\/pt-br\/wp-json\/wp\/v2\/media\/5997"}],"wp:attachment":[{"href":"https:\/\/www.myaquastore.com\/pt-br\/wp-json\/wp\/v2\/media?parent=36990"}],"wp:term":[{"taxonomy":"product_brand","embeddable":true,"href":"https:\/\/www.myaquastore.com\/pt-br\/wp-json\/wp\/v2\/product_brand?post=36990"},{"taxonomy":"product_cat","embeddable":true,"href":"https:\/\/www.myaquastore.com\/pt-br\/wp-json\/wp\/v2\/product_cat?post=36990"},{"taxonomy":"product_tag","embeddable":true,"href":"https:\/\/www.myaquastore.com\/pt-br\/wp-json\/wp\/v2\/product_tag?post=36990"}],"curies":[{"name":"wp","href":"https:\/\/api.w.org\/{rel}","templated":true}]}}