{"id":36993,"date":"2016-12-27T16:03:35","date_gmt":"2016-12-27T16:03:35","guid":{"rendered":"https:\/\/www.myaquastore.com\/product\/red-devil-dc-bomba-de-velocidade-variavel-dc-inversor-bomba-de-velocidade-variavel-bomba-submersivel-red-devil-dc5500\/"},"modified":"2025-03-16T08:45:25","modified_gmt":"2025-03-16T08:45:25","slug":"red-devil-dc-bomba-de-velocidade-variavel-dc-inversor-bomba-de-velocidade-variavel-bomba-submersivel-red-devil-dc5500","status":"publish","type":"product","link":"https:\/\/www.myaquastore.com\/pt-br\/produto\/red-devil-dc-bomba-de-velocidade-variavel-dc-inversor-bomba-de-velocidade-variavel-bomba-submersivel-red-devil-dc5500\/","title":{"rendered":"Red Devil DC bomba de velocidade vari\u00e1vel DC inversor bomba de velocidade vari\u00e1vel bomba submers\u00edvel Red Devil DC5500"},"content":{"rendered":"<h2>Descri\u00e7\u00e3o do produto <\/h2>\n<p><a><img class=\" wp-image-3574=\" alt=\" dc=\"><\/a><\/p>\n<div>\n<p><a><img class=\" size-large=\"><\/a><\/p>\n<p><strong>T\u00e9cnico Par\u00e2metros: <br \/> <\/strong>Modelo: Devil DC5500 <br \/> Fluxo: 5500L \/ H <br \/> Eleva\u00e7\u00e3o m\u00e1xima: 3,5M <br \/> Pot\u00eancia: 50W <\/p>\n<p><a><img class=\" size-full=\"><\/a><\/p>\n<table>\n<tbody>\n<tr>\n<td>\n<div><strong>modelo <\/strong><\/div>\n<\/td>\n<td>\n<div><strong>Tipos de bomba <\/strong><\/div>\n<\/td>\n<td>\n<div><strong>Tens\u00e3o <\/strong><\/div>\n<\/td>\n<td>\n<div><strong>pot\u00eancia <\/strong><\/div>\n<\/td>\n<td>\n<div><strong>Fluxo m\u00e1ximo <\/strong><\/div>\n<\/td>\n<td>\n<div><strong>M\u00e1ximo Yang Cheng <\/strong><\/div>\n<\/td>\n<\/tr>\n<tr>\n<td>\n<div><strong>DC5500 <\/strong><\/div>\n<\/td>\n<td>\n<div><strong>Bomba submersa <\/strong><\/div>\n<\/td>\n<td>\n<div><strong>100 ~ 240V convertido para 24V DC <\/strong><\/div>\n<\/td>\n<td>\n<div><strong>50W <\/strong><\/div>\n<\/td>\n<td>\n<div><strong>5500L <\/strong><strong>\/ H <\/strong><\/div>\n<\/td>\n<td>\n<div><strong>3,5M <\/strong><\/div>\n<\/td>\n<\/tr>\n<\/tbody>\n<\/table>\n<div><\/div>\n<div>\n<div>Especifica\u00e7\u00f5es de embalagem: 242\/222\/142 MM <\/div>\n<div><\/div>\n<div>\n<div><\/div>\n<div>\n<div>\n<div>\n<div>Caracter\u00edsticas do produto: <\/div>\n<div>\n<div>1 taxa ajust\u00e1vel seis vezes, livre para controlar a for\u00e7a do fluxo, de fraco a forte total de 10 arquivos (novo controlador) manipula\u00e7\u00e3o arbitr\u00e1ria. <\/div>\n<div>2 chip inteligente, superaquecimento da bomba desligada automaticamente para evitar problemas de queimadura bombas sob condi\u00e7\u00f5es operacionais anormais causadas pela ocorr\u00eancia de for\u00e7a. <\/div>\n<div>3 bombas t\u00eam modo de alimenta\u00e7\u00e3o de 10 minutos, alimentando os peixes quando o modo de bomba \u00e9 ligado automaticamente para de funcionar por 10 minutos. <\/div>\n<div>4 cobre livre para uso marinho e de \u00e1gua doce. <\/div><\/div><\/div>\n<div>5 A tecnologia europeia de inversor de baixa tens\u00e3o, economia de energia, opera\u00e7\u00e3o silenciosa. <\/div>\n<div>6 polimento de acabamento de eixo cer\u00e2mico resistente ao desgaste, opera\u00e7\u00e3o est\u00e1vel, sem ru\u00eddo, longa vida. <\/div><\/div><\/div><\/div><\/div>\n<p>c <a><img class=\" size-large=\"><\/a><\/p>\n<p><strong>Voc\u00ea pode escolher diferentes dire\u00e7\u00f5es de sa\u00edda <\/strong><\/p>\n<p><a><img class=\" size-large=\"><\/a><\/p>\n<p><img><\/p>\n<\/p><\/div>\n<p><a><img class=\" size-large=\"><\/a><\/p>\n<p><strong>Voc\u00ea pode escolher dire\u00e7\u00f5es de sa\u00edda diferentes <\/strong><\/p>\n<p><strong><a><br \/> <\/a><\/p>\n<p><\/strong><\/p>\n<p><a><img class=\" size-full=\"><\/a><br \/><a><img class=\"alignnone=\"><\/a><\/p>\n<p><\/p>\n<\/p>\n<div>\n<div><\/div>\n<div>\n<\/div><\/div>\n<div>&amp;Nbsp; para <img><br class=\"\"><br class=\"\"><img decoding=\"async\" class=\"\" alt=\"\" src=\"\"><\/div>\n<p>&amp;Nbsp;<\/p>\n","protected":false},"excerpt":{"rendered":"<p>Red Devil DC bomba de velocidade vari\u00e1vel DC inversor bomba de velocidade vari\u00e1vel bomba submers\u00edvel Red Devil DC5500<\/p>\n","protected":false},"featured_media":0,"comment_status":"open","ping_status":"closed","template":"","meta":[],"product_brand":[],"product_cat":[1272],"product_tag":[],"class_list":{"0":"post-36993","1":"product","2":"type-product","3":"status-publish","5":"product_cat-escumadores-de-proteina","7":"first","8":"instock","9":"shipping-taxable","10":"purchasable","11":"product-type-simple"},"_links":{"self":[{"href":"https:\/\/www.myaquastore.com\/pt-br\/wp-json\/wp\/v2\/product\/36993","targetHints":{"allow":["GET"]}}],"collection":[{"href":"https:\/\/www.myaquastore.com\/pt-br\/wp-json\/wp\/v2\/product"}],"about":[{"href":"https:\/\/www.myaquastore.com\/pt-br\/wp-json\/wp\/v2\/types\/product"}],"replies":[{"embeddable":true,"href":"https:\/\/www.myaquastore.com\/pt-br\/wp-json\/wp\/v2\/comments?post=36993"}],"wp:attachment":[{"href":"https:\/\/www.myaquastore.com\/pt-br\/wp-json\/wp\/v2\/media?parent=36993"}],"wp:term":[{"taxonomy":"product_brand","embeddable":true,"href":"https:\/\/www.myaquastore.com\/pt-br\/wp-json\/wp\/v2\/product_brand?post=36993"},{"taxonomy":"product_cat","embeddable":true,"href":"https:\/\/www.myaquastore.com\/pt-br\/wp-json\/wp\/v2\/product_cat?post=36993"},{"taxonomy":"product_tag","embeddable":true,"href":"https:\/\/www.myaquastore.com\/pt-br\/wp-json\/wp\/v2\/product_tag?post=36993"}],"curies":[{"name":"wp","href":"https:\/\/api.w.org\/{rel}","templated":true}]}}