{"id":37005,"date":"2016-12-27T16:03:48","date_gmt":"2016-12-27T16:03:48","guid":{"rendered":"https:\/\/www.myaquastore.com\/product\/red-devil-skimmer-dc-inversor-de-frequencia-monsker-pro-series-red-devil-monsker-1100p-maquina-de-caixa-de-desvio-de-bomba-de-velocidade-variavel\/"},"modified":"2025-03-16T08:53:02","modified_gmt":"2025-03-16T08:53:02","slug":"red-devil-skimmer-dc-inversor-de-frequencia-monsker-pro-series-red-devil-monsker-1100p-maquina-de-caixa-de-desvio-de-bomba-de-velocidade-variavel","status":"publish","type":"product","link":"https:\/\/www.myaquastore.com\/pt-br\/produto\/red-devil-skimmer-dc-inversor-de-frequencia-monsker-pro-series-red-devil-monsker-1100p-maquina-de-caixa-de-desvio-de-bomba-de-velocidade-variavel\/","title":{"rendered":"Red Devil skimmer DC inversor de frequ\u00eancia MONSKER PRO Series Red Devil MONSKER-1100P m\u00e1quina de caixa de desvio de bomba de velocidade vari\u00e1vel"},"content":{"rendered":"<h2>Descri\u00e7\u00e3o do produto <\/h2>\n<div>\n<div><\/div>\n<div><\/div>\n<div><a><img class=\" size-full=\"><\/a><\/p>\n<p>\n<p>&amp;Nbsp; para <\/p>\n<p>&amp;Nbsp; para <\/p>\n<p><strong>&amp;Nbsp; para <\/strong><\/p>\n<div>\n<div>\n<div><\/div>\n<div><\/div><\/div>\n<div><\/div>\n<div><a><img class=\" size-large=\"><\/a><\/p>\n<p><\/div>\n<div>\n<p><p><strong>Especifica\u00e7\u00f5es: <\/strong><\/p>\n<div>\n<div>Modelo: MONSKER-1100P <\/div>\n<div>Tipo de local: Embutido <\/div>\n<div>Tamanho (di\u00e2metro \/ altura MM): 180\/535 <\/div>\n<div>Equipado com bomba de \u00e1gua: Bomba de velocidade vari\u00e1vel Red Devil DC3000S <\/div>\n<div>Pot\u00eancia: 25W <\/div>\n<div>A quantidade m\u00e1xima de ingest\u00e3o: Velocidade m\u00e1xima 1100L \/ H <\/div>\n<div>O tanque m\u00e1ximo recomendado (L): 1100 <\/div>\n<div>Aqu\u00e1rio recomendado: 400 ~ 1100 L <\/div>\n<div>Especifica\u00e7\u00f5es da doca (MM): 285\/200 <\/div><\/div><\/div>\n<div>\n<p>Fonte de n\u00edvel do mar MONSKER Warcraft open skimmer PRO Professional Series Recursos mais recentes <\/p><\/div>\n<div>\n<div>1 MONSKER-1100P \u00e9 a configura\u00e7\u00e3o mais recente da bomba de frequ\u00eancia de bomba Red Devil DC3000S de con\u00edferas. <\/div>\n<div>2 ovos seis vezes a taxa do cilindro ajust\u00e1vel podem ser livremente manipulados desempenho do skimmer, de fraco a forte total de controle arbitr\u00e1rio de seis velocidades. <\/div>\n<div><strong>Bombas de desvio de cartucho 3-One, bombas de \u00e1gua e caixa de desvio de esta\u00e7\u00f5es de bombeamento ap\u00f3s serem integra\u00e7\u00e3o de design inteligente, combinadas com vapor de \u00e1gua diretamente fora da caixa atrav\u00e9s do desvio para minimizar a resist\u00eancia da espuma para jogar o melhor desempenho da bomba. O design transparente e aberto pode observar claramente o in\u00edcio da escova de pino redondo, monitorando oportunamente a situa\u00e7\u00e3o interna da bomba. <\/strong><\/div>\n<div><\/div>\n<div>\n<\/div><\/div><\/div>\n<\/div>\n<div>\n<div><a><img class=\" size-full=\"><\/a>4 chip inteligente, superaquecimento da bomba desligada automaticamente para evitar problemas de queima bombas bomba sob condi\u00e7\u00f5es operacionais anormais causadas pela ocorr\u00eancia de for\u00e7a. <\/div>\n<div>5 bombas t\u00eam modo de alimenta\u00e7\u00e3o de 10 minutos, alimentando os peixes quando o modo \u00e9 ligado, o skimmer para automaticamente de funcionar por 10 minutos, pode efetivamente evitar a superalimenta\u00e7\u00e3o devido a mudan\u00e7as na qualidade da \u00e1gua causadas pelo funcionamento anormal do skimmer ou overshoot de explos\u00e3o. <\/div>\n<div>6 com um novo design profissional e um novo impulsor de agulha Venturi VENTURII bocal de suc\u00e7\u00e3o, skimmer de desempenho superior. <\/div>\n<div>7 opera\u00e7\u00e3o silenciosa da bomba e com um silenciador de suc\u00e7\u00e3o especial reduz ainda mais o som produzido pela mistura de vapor de \u00e1gua causado. <\/div>\n<div>8 Design de corpo de cone completo convencional, skimmer de espuma para coletar pequena resist\u00eancia, pode ser empilhado diretamente suavemente, acelerando assim a coleta de mat\u00e9ria org\u00e2nica. <\/div>\n<div>9 bomba de skimmer usando o design de economia de espa\u00e7o, mesmo que o reservat\u00f3rio do filtro seja pequeno, pode facilmente acomodar. \uffa3\uffac <\/div>\n<div>10 com controlador configurado para controlar diretamente o desempenho do skimmer e coletar informa\u00e7\u00f5es. Do que os skimmers tradicionais s\u00e3o mais f\u00e1ceis de manipular. <\/div>\n<div>11 dois tipos de m\u00e9todos de esgoto <\/div>\n<div>&#8211; Estrutura fixa do selo rotativo do copo de coleta, apenas girando suavemente o copo de coleta, pode ser removido para limpeza. <\/div>\n<div>&#8211; Com plugue e tubos de esgoto, plugue de lado de esgoto, plugue de esgoto, \u00e1gua suja pode ser exportada diretamente <\/div>\n<div>12 cada um com pe\u00e7as remov\u00edveis s\u00e3o projetados. Remo\u00e7\u00e3o de separa\u00e7\u00e3o simples e f\u00e1cil de montar, n\u00e3o \u00e9 f\u00e1cil de manuten\u00e7\u00e3o de rotina extenuante. <\/div>\n<div>12 Todo o processo de laser acr\u00edlico \u00e9 feito e polido. Fino acabamento, qualidade e estabilidade do produto. <\/div>\n<div><a><img class=\" size-large=\"><\/a><a><br \/> <\/a><\/p>\n<p><a><img class=\" size-large=\"><\/a><\/p>\n<p><a><img class=\" size-large=\"><\/a><\/p>\n<p><a><img class=\" size-large=\"><\/a><\/p>\n<p><a><img class=\" size-large=\"><\/a><\/p>\n<p><a><img class=\" size-large=\"><\/a><\/div><\/div><\/div>\n<p>&amp;Nbsp; para <\/p>\n<\/p><\/div>\n","protected":false},"excerpt":{"rendered":"<p>Red Devil skimmer DC inversor de frequ\u00eancia MONSKER PRO Series Red Devil MONSKER-1100P m\u00e1quina de caixa de desvio de bomba de velocidade vari\u00e1vel<\/p>\n","protected":false},"featured_media":6533,"comment_status":"open","ping_status":"closed","template":"","meta":[],"product_brand":[],"product_cat":[1272],"product_tag":[],"class_list":{"0":"post-37005","1":"product","2":"type-product","3":"status-publish","4":"has-post-thumbnail","6":"product_cat-escumadores-de-proteina","8":"first","9":"instock","10":"shipping-taxable","11":"purchasable","12":"product-type-simple"},"_links":{"self":[{"href":"https:\/\/www.myaquastore.com\/pt-br\/wp-json\/wp\/v2\/product\/37005","targetHints":{"allow":["GET"]}}],"collection":[{"href":"https:\/\/www.myaquastore.com\/pt-br\/wp-json\/wp\/v2\/product"}],"about":[{"href":"https:\/\/www.myaquastore.com\/pt-br\/wp-json\/wp\/v2\/types\/product"}],"replies":[{"embeddable":true,"href":"https:\/\/www.myaquastore.com\/pt-br\/wp-json\/wp\/v2\/comments?post=37005"}],"wp:featuredmedia":[{"embeddable":true,"href":"https:\/\/www.myaquastore.com\/pt-br\/wp-json\/wp\/v2\/media\/6533"}],"wp:attachment":[{"href":"https:\/\/www.myaquastore.com\/pt-br\/wp-json\/wp\/v2\/media?parent=37005"}],"wp:term":[{"taxonomy":"product_brand","embeddable":true,"href":"https:\/\/www.myaquastore.com\/pt-br\/wp-json\/wp\/v2\/product_brand?post=37005"},{"taxonomy":"product_cat","embeddable":true,"href":"https:\/\/www.myaquastore.com\/pt-br\/wp-json\/wp\/v2\/product_cat?post=37005"},{"taxonomy":"product_tag","embeddable":true,"href":"https:\/\/www.myaquastore.com\/pt-br\/wp-json\/wp\/v2\/product_tag?post=37005"}],"curies":[{"name":"wp","href":"https:\/\/api.w.org\/{rel}","templated":true}]}}