{"id":37008,"date":"2016-12-27T16:03:36","date_gmt":"2016-12-27T16:03:36","guid":{"rendered":"https:\/\/www.myaquastore.com\/product\/acessorio-para-skimmer-valvula-de-acabamento-para-skimmer-de-proteina-sav-1\/"},"modified":"2025-03-16T08:45:33","modified_gmt":"2025-03-16T08:45:33","slug":"acessorio-para-skimmer-valvula-de-acabamento-para-skimmer-de-proteina-sav-1","status":"publish","type":"product","link":"https:\/\/www.myaquastore.com\/pt-br\/produto\/acessorio-para-skimmer-valvula-de-acabamento-para-skimmer-de-proteina-sav-1\/","title":{"rendered":"Acess\u00f3rio para skimmer V\u00e1lvula de acabamento para skimmer de prote\u00edna SAV-1"},"content":{"rendered":"<h2>Descri\u00e7\u00e3o do produto <\/h2>\n<p><p><a><img class=\" size-full=\"><\/a><\/p>\n<p>\n<p>O acabamento da v\u00e1lvula do skimmer pode ser mais eficaz para realizar o ajuste fino da quantidade de entrada do skimmer. <\/p>\n<p><p>Modelo: SAV-1 <br \/> Especifica\u00e7\u00f5es: \uffa6\uffb510MM adequado para todos os tipos de skimmer de prote\u00edna MS. <\/p>\n<p><p>Instala\u00e7\u00e3o: requer a fonte original da mangueira de silicone de entrada do skimmer marinho MS cortada em duas, e foram ligadas \u00e0s duas extremidades da guarni\u00e7\u00e3o da v\u00e1lvula. <\/p>\n<p>&amp;Nbsp; para <\/p>\n<p><p>Roteiro de instala\u00e7\u00e3o <\/p>\n<p><p><a><img class=\"alignnone=\"><\/a><\/p>\n<\/div>\n","protected":false},"excerpt":{"rendered":"<p>Acess\u00f3rio para skimmer V\u00e1lvula de acabamento para skimmer de prote\u00edna SAV-1<\/p>\n","protected":false},"featured_media":6052,"comment_status":"open","ping_status":"closed","template":"","meta":[],"product_brand":[],"product_cat":[1272],"product_tag":[],"class_list":{"0":"post-37008","1":"product","2":"type-product","3":"status-publish","4":"has-post-thumbnail","6":"product_cat-escumadores-de-proteina","8":"first","9":"instock","10":"shipping-taxable","11":"purchasable","12":"product-type-simple"},"_links":{"self":[{"href":"https:\/\/www.myaquastore.com\/pt-br\/wp-json\/wp\/v2\/product\/37008","targetHints":{"allow":["GET"]}}],"collection":[{"href":"https:\/\/www.myaquastore.com\/pt-br\/wp-json\/wp\/v2\/product"}],"about":[{"href":"https:\/\/www.myaquastore.com\/pt-br\/wp-json\/wp\/v2\/types\/product"}],"replies":[{"embeddable":true,"href":"https:\/\/www.myaquastore.com\/pt-br\/wp-json\/wp\/v2\/comments?post=37008"}],"wp:featuredmedia":[{"embeddable":true,"href":"https:\/\/www.myaquastore.com\/pt-br\/wp-json\/wp\/v2\/media\/6052"}],"wp:attachment":[{"href":"https:\/\/www.myaquastore.com\/pt-br\/wp-json\/wp\/v2\/media?parent=37008"}],"wp:term":[{"taxonomy":"product_brand","embeddable":true,"href":"https:\/\/www.myaquastore.com\/pt-br\/wp-json\/wp\/v2\/product_brand?post=37008"},{"taxonomy":"product_cat","embeddable":true,"href":"https:\/\/www.myaquastore.com\/pt-br\/wp-json\/wp\/v2\/product_cat?post=37008"},{"taxonomy":"product_tag","embeddable":true,"href":"https:\/\/www.myaquastore.com\/pt-br\/wp-json\/wp\/v2\/product_tag?post=37008"}],"curies":[{"name":"wp","href":"https:\/\/api.w.org\/{rel}","templated":true}]}}