{"id":37009,"date":"2016-12-27T16:03:36","date_gmt":"2016-12-27T16:03:36","guid":{"rendered":"https:\/\/www.myaquastore.com\/product\/acessorio-para-skimmer-skimmer-ske80-acessorios-de-aumento\/"},"modified":"2025-03-16T08:45:33","modified_gmt":"2025-03-16T08:45:33","slug":"acessorio-para-skimmer-skimmer-ske80-acessorios-de-aumento","status":"publish","type":"product","link":"https:\/\/www.myaquastore.com\/pt-br\/produto\/acessorio-para-skimmer-skimmer-ske80-acessorios-de-aumento\/","title":{"rendered":"Acess\u00f3rio para skimmer skimmer SKE80 Acess\u00f3rios de aumento"},"content":{"rendered":"<h2>Descri\u00e7\u00e3o do produto <\/h2>\n<p><a><img class=\" size-full=\"><\/a><\/p>\n<p>\n<p><strong>Acess\u00f3rios de aumento do skimmer MS <\/strong><\/p>\n<p>Extens\u00f5es do pesco\u00e7o do skimmer acess\u00f3rios de aumento do skimmer projetados especificamente para a fonte de MS aumentou a altura do skimmer do mar. Ao adicionar uma ou duas ou mesmo uma pluralidade de pe\u00e7as aumenta-se, aumentando assim a altura do skimmer. Ele pode desempenhar as seguintes fun\u00e7\u00f5es: <\/p>\n<p><p>1 altura para aumentar o tempo de contato da mistura \u00e1gua-g\u00e1s da rea\u00e7\u00e3o, aumentando a altura do corpo do skimmer. De modo a completar de forma mais eficaz a coleta de mat\u00e9ria org\u00e2nica <br \/> 2 prote\u00edna aumenta o n\u00edvel de \u00e1gua dentro da c\u00e2mara de rea\u00e7\u00e3o, o que pode n\u00e3o exigir modifica\u00e7\u00e3o do skimmer pode ser efetivamente evitado pela situa\u00e7\u00e3o de soco explosivo causado pelo n\u00edvel de \u00e1gua muito alto <\/p>\n<p>&amp;Nbsp; para <\/p>\n<p>&amp;Nbsp; para <\/p>\n<p><a><img class=\" size-full=\"><\/a><\/p>\n<p>Modelos de skimmer altamente adequados <\/p>\n<p>SKE80 50MM RDC-850 \/ RDC-900 \/ SDC-900 \/ SDC-900E <\/p>\n<p>SDP-900 \/ SDP-900E \/ DHO-850 \/ DHO-850C <br \/> DHO-900 \/ DHO-900C <\/p>\n<p><p><strong>Imagem de amostra <\/strong><\/p>\n<p><strong><a><img class=\"alignnone=\"><\/a><\/p>\n<p><\/strong><\/p>\n<p><a><img class=\"alignnone=\"><\/a><\/p>\n<\/p><\/div>\n","protected":false},"excerpt":{"rendered":"<p>Acess\u00f3rio para skimmer skimmer SKE80 Acess\u00f3rios de aumento<\/p>\n","protected":false},"featured_media":6055,"comment_status":"open","ping_status":"closed","template":"","meta":[],"product_brand":[],"product_cat":[1272],"product_tag":[],"class_list":{"0":"post-37009","1":"product","2":"type-product","3":"status-publish","4":"has-post-thumbnail","6":"product_cat-escumadores-de-proteina","8":"first","9":"instock","10":"shipping-taxable","11":"purchasable","12":"product-type-simple"},"_links":{"self":[{"href":"https:\/\/www.myaquastore.com\/pt-br\/wp-json\/wp\/v2\/product\/37009","targetHints":{"allow":["GET"]}}],"collection":[{"href":"https:\/\/www.myaquastore.com\/pt-br\/wp-json\/wp\/v2\/product"}],"about":[{"href":"https:\/\/www.myaquastore.com\/pt-br\/wp-json\/wp\/v2\/types\/product"}],"replies":[{"embeddable":true,"href":"https:\/\/www.myaquastore.com\/pt-br\/wp-json\/wp\/v2\/comments?post=37009"}],"wp:featuredmedia":[{"embeddable":true,"href":"https:\/\/www.myaquastore.com\/pt-br\/wp-json\/wp\/v2\/media\/6055"}],"wp:attachment":[{"href":"https:\/\/www.myaquastore.com\/pt-br\/wp-json\/wp\/v2\/media?parent=37009"}],"wp:term":[{"taxonomy":"product_brand","embeddable":true,"href":"https:\/\/www.myaquastore.com\/pt-br\/wp-json\/wp\/v2\/product_brand?post=37009"},{"taxonomy":"product_cat","embeddable":true,"href":"https:\/\/www.myaquastore.com\/pt-br\/wp-json\/wp\/v2\/product_cat?post=37009"},{"taxonomy":"product_tag","embeddable":true,"href":"https:\/\/www.myaquastore.com\/pt-br\/wp-json\/wp\/v2\/product_tag?post=37009"}],"curies":[{"name":"wp","href":"https:\/\/api.w.org\/{rel}","templated":true}]}}