{"id":37025,"date":"2016-12-27T16:03:42","date_gmt":"2016-12-27T16:03:42","guid":{"rendered":"https:\/\/www.myaquastore.com\/product\/bio-reator-ervilhas-graos-grandes-osso-de-cachorro-do-mar-feijao-np-biologico\/"},"modified":"2025-03-16T08:52:04","modified_gmt":"2025-03-16T08:52:04","slug":"bio-reator-ervilhas-graos-grandes-osso-de-cachorro-do-mar-feijao-np-biologico","status":"publish","type":"product","link":"https:\/\/www.myaquastore.com\/pt-br\/produto\/bio-reator-ervilhas-graos-grandes-osso-de-cachorro-do-mar-feijao-np-biologico\/","title":{"rendered":"Bio-Reator Ervilhas gr\u00e3os grandes osso de cachorro-do-mar feij\u00e3o NP biol\u00f3gico"},"content":{"rendered":"<h2>Descri\u00e7\u00e3o do produto <\/h2>\n<div><a><img class=\" size-full=\"><\/a><br \/><strong>E a fonte de MARINE SOURCES NP XL dog-bone&#8221; ervilhas biol\u00f3gicas, <\/strong><\/div>\n<div align=\"\">Modelo: BPL300 Especifica\u00e7\u00f5es: 300ML <\/div>\n<div align=\"\">Modelo: BPL500 Especifica\u00e7\u00f5es: 500ML <\/div>\n<div align=\"\">Modelo: BPL1000 Especifica\u00e7\u00f5es: 1000ML <\/div>\n<div align=\"\"><\/div>\n<div align=\"\"><a href=\"\"><img decoding=\"async\" width=\"\" height=\"\" class=\"\" alt=\"\" src=\"\"><\/a><br class=\"\"><br class=\"\"><\/div>\n<div align=\"\">&amp;Nbsp; para <strong>&#8211; part\u00edculas grandes de feij\u00e3o biol\u00f3gico, comumente conhecidas como osso de cachorro, grande \u00e1rea de superf\u00edcie de contato, voc\u00ea pode usar sem reator de ervilhas, diretamente no tanque de filtro ou uso de grade de filtragem adequada de \u00e1gua! <\/strong><\/div>\n<div align=\"\">&amp;Nbsp; para <strong>&#8211; Adi\u00e7\u00e3o direta, s\u00f3 para passar um fluxo uniforme de \u00e1gua! <\/strong><\/div>\n<div align=\"\"><\/div>\n<div align=\"\"><\/div>\n<div align=\"\">\n<p align=\"\"><strong>NP <\/strong><strong>Introdu\u00e7\u00e3o Ervilhas Biol\u00f3gicas <\/strong><br \/> NP \u00e9 um organismo biol\u00f3gico NP Feij\u00f5es de ervilha O biopellet redutor de nitrato e fosfato (exceto fosfatos e nitratos) \u00e9 um pellet biodegrad\u00e1vel, pode Melhorar efetivamente a qualidade da \u00e1gua do aqu\u00e1rio, as bact\u00e9rias na \u00e1gua por nitratos e fosfatos se decomp\u00f5em, de modo que a qualidade do tanque de peixes alcance \u00e1gua do mar natural de qualidade. <br \/> <br class=\"\"><strong>MS <\/strong><strong>E a fonte de bio-NP Ervilhas funciona <\/strong><br \/> Os feij\u00f5es biol\u00f3gicos s\u00e3o feitos de composi\u00e7\u00e3o de pol\u00edmero bio-decompon\u00edvel 100% puro e podem ser colocados em um filtro de areia ou cartucho de filtro usado. Essas part\u00edculas podem ser formadas pelo r\u00e1pido crescimento de bact\u00e9rias aer\u00f3bicas, que podem consumir nitratos e fosfatos. Essas bact\u00e9rias consomem carbono biol\u00f3gico do feij\u00e3o, enquanto nitrog\u00eanio e f\u00f3sforo provenientes da decomposi\u00e7\u00e3o de nitratos e fosfatos. Este processo de convers\u00e3o \u00e9 um feij\u00e3o biol\u00f3gico bacteriano na nutri\u00e7\u00e3o que necessita de NO3, PO4 acumulado consumido no processo. Al\u00e9m disso, com o advento da camada anaer\u00f3bica, aumentar\u00e1 ainda mais a desnitrifica\u00e7\u00e3o &#8211; reduzir\u00e1 o NO3. <\/p>\n<p align=\"\">Com o fluxo cont\u00ednuo de \u00e1gua do mar atrav\u00e9s do reator, por meio de agentes biol\u00f3gicos, nitratos e fosfatos continuam a obter oxig\u00eanio e nutrientes frescos. Reator de nitrato ambiente hip\u00f3xico de fluxo lento oposto, reator NP Peas em ambiente rico em oxig\u00eanio, bact\u00e9rias fixadas por nitratos e fosfatos de r\u00e1pido crescimento. A r\u00e1pida forma\u00e7\u00e3o de membranas bacterianas cobrir\u00e1 o carbono org\u00e2nico profundo, por agita\u00e7\u00e3o, pode efetivamente remover a membrana bacteriana, desempenhar o papel de fonte de carbono org\u00e2nico profundo. <\/p>\n<p><strong>Voc\u00ea deseja usar o feij\u00e3o pr\u00e9-processado NP biol\u00f3gico <\/strong><br \/> Use \u00e1gua RO ou \u00e1gua do tanque (recomendado) NP Ervilhas enx\u00e1gue rapidamente, lave os fragmentos de res\u00edduos que se destinam a se formar durante o transporte. Tamb\u00e9m sem qualquer processamento adicional. <\/p>\n<p><br class=\"\"><strong>Part\u00edculas grandes NP &#8220;osso de cachorro&#8221; bio <\/strong><strong>Ervilhas adicionam o n\u00famero e o m\u00e9todo <\/strong><br \/> Maneira recomendada adicionada sucessivamente. <\/p>\n<p>Cada 200L de \u00e1gua adicionada em uma quantidade de feij\u00e3o biol\u00f3gico 200 ~ 400ML: <\/p>\n<p>Cada 100L de \u00e1gua adicionada em uma quantidade de feij\u00e3o biol\u00f3gico 100 ~ 200ML: <\/p>\n<p>Cada 300L de \u00e1gua adicionada em uma quantidade de feij\u00e3o biol\u00f3gico 300 ~ 600ML: <\/p>\n<p>&amp;Nbsp; para <\/p>\n<p>Essa propor\u00e7\u00e3o e assim por diante <\/p>\n<p>&amp;Nbsp; para <\/p>\n<p><strong>Substitua o filtro em quest\u00e3o de tempo <\/strong><br \/> Como o filtro \u00e9 fixado pelas bact\u00e9rias que consomem nutrientes, sua vida \u00fatil \u00e9 baseada na mudan\u00e7a dos n\u00edveis de nutrientes do aqu\u00e1rio. Aqueles com baixos n\u00edveis de nitrato e fosfato no aqu\u00e1rio t\u00eam uma vida filtrante significativamente maior do que aqueles com altos n\u00edveis de nutrientes no sistema. Em condi\u00e7\u00f5es normais, quando o filtro reduz significativamente o n\u00famero de vezes que pode ser adicionado em uma certa porcentagem <\/p>\n<p><strong>A membrana bacteriana no tanque de exibi\u00e7\u00e3o danificar\u00e1 os corais? <\/strong><br \/> Qualquer pequena quantidade de produtos bacterianos que fluam para o tanque de exibi\u00e7\u00e3o n\u00e3o prejudicar\u00e1 o coral, ele se tornar\u00e1 um coral alimentar. A exclus\u00e3o de um grande n\u00famero de membranas bacterianas deve ser considerada o modo de sa\u00edda da nutri\u00e7\u00e3o. <\/p>\n<p><strong>A espuma do ovo n\u00e3o sabe dizer, por qu\u00ea? <\/strong><br \/> \u00c0s vezes, basta usar o filtro por 24-48 horas, a tens\u00e3o superficial da \u00e1gua ser\u00e1 destru\u00edda, a espuma ser\u00e1 reduzida. Entretanto, o skimmer sem fazer quaisquer ajustes. Uma vez que os ovos sejam feitos ajustes compensat\u00f3rios quando a bolha voltar ao normal, haver\u00e1 um overshoot explosivo. <\/p>\n<p><strong>Tamb\u00e9m precisamos continuar a usar carv\u00e3o? <\/strong><br \/> Sim, as bact\u00e9rias n\u00e3o conseguem absorver metais pesados, part\u00edculas org\u00e2nicas e toxinas qu\u00edmicas, e esses s\u00e3o os pontos fortes do carv\u00e3o ativado. Use carv\u00e3o ativado de alta qualidade, como RowaCarbon, com NP Peas, mas tamb\u00e9m melhore significativamente a transpar\u00eancia da \u00e1gua. <\/p>\n<p><strong>Tamb\u00e9m \u00e9 necess\u00e1rio usar adsorvente de fosfato nele? <\/strong><br \/> Na maioria dos casos, sim. O teor de fosfato dos alimentos \u00e9 muitas vezes muito superior ao dos nitratos. Ervilhas NP ao consumir fosfatos e nitratos, o processo \u00e9 equilibrado. Assim, permanece a necessidade do Rowaphos como adsorvente de fosfato de alta qualidade para absorver o excesso de fosfato, claro, esse processo traria mais economia. <\/p>\n<p><strong>A altera\u00e7\u00e3o da frequ\u00eancia da \u00e1gua pode ser reduzida de forma adequada? <\/strong><br \/> N\u00e3o, mesmo que os n\u00edveis de fosfato e nitrato na \u00e1gua sejam muito baixos, trocar a \u00e1gua ainda \u00e9 a melhor maneira de suplementar os oligoelementos na \u00e1gua. <\/p>\n<p><strong>Quanto tempo para ver os resultados? <\/strong><br \/> Part\u00edculas grandes por causa do reator n\u00e3o s\u00e3o usadas, o tempo ser\u00e1 relativamente maior do que o uso de um reator, em circunst\u00e2ncias normais, as bact\u00e9rias aumentam gradualmente aproximadamente 5 semanas para se estabilizar, os nutrientes desaparecem. <\/p>\n<p><strong>Cinco semanas, os n\u00edveis de nutrientes do tanque diminu\u00edram rapidamente e agora diminu\u00edram? <\/strong><br \/> Este \u00e9 um processo natural. Quando h\u00e1 muita \u00e1gua livre, nutrientes, as bact\u00e9rias crescem rapidamente e, portanto, reduzem o n\u00edvel de nutrientes rapidamente. Com n\u00edveis reduzidos de nutrientes, as bact\u00e9rias capturam os nutrientes com mais facilidade, a taxa de crescimento diminui, o efeito de desacelera\u00e7\u00e3o. Sob a condi\u00e7\u00e3o, as bact\u00e9rias restantes precisam esperar por mais entradas de nutrientes, sua taxa de crescimento pode se adaptar rapidamente \u00e0s mudan\u00e7as nos nutrientes do aqu\u00e1rio, buscar equil\u00edbrio. <\/p>\n<p><strong>Uso NP h\u00e1 algumas semanas, os n\u00edveis de nutrientes n\u00e3o ca\u00edram? <\/strong><br \/> Se os n\u00edveis de fosfato estiverem muito baixos (use ROWAPHOS), isso limitar\u00e1 o progresso do crescimento da membrana bacteriana. Nesse caso, voc\u00ea pode tentar o seguinte m\u00e9todo. 1: Pausa na absor\u00e7\u00e3o de fosfato, o que provoca um aumento de curto prazo nos n\u00edveis de fosfato no cilindro. Este processo ajuda os promotores bacterianos. Quando os n\u00edveis de fosfatos e nitratos s\u00e3o mais baixos, a adsor\u00e7\u00e3o de fosfato come\u00e7a novamente, a implementa\u00e7\u00e3o do mecanismo de dupla filtragem. 2: alterar a taxa de \u00e1gua dilui\u00e7\u00e3o acelerada dos n\u00edveis de nitrato de \u00e1gua, neste caso o trabalho de nutrientes bacterianos fixos pode ser deixado para lidar com os nutrientes. <\/p>\n<p>Lembrete: <\/p>\n<p>1 economize \u00e1gua suficiente para agitar os feij\u00f5es NP biol\u00f3gicos, para evitar o g\u00e1s sulfeto de hidrog\u00eanio. <\/p>\n<p>2 usar oz\u00f4nio ou UV afetar\u00e1 bact\u00e9rias biol\u00f3gicas suplementares, prolongar\u00e1 o tempo de matura\u00e7\u00e3o, em geral, adicionar agente de cultura bacteriana pode aliviar esse problema. <\/p>\n<p>3 Antes do uso de ervilhas biol\u00f3gicas, como no caso do teor de nitrato e fosfato tem sido muito baixo, com um testador marcado pode detectar NO3 complementar, PO4 de decl\u00ednio. <\/p>\n<p>4 sistema NP Peas funcionando maduro, para manter o baixo n\u00edvel de nutrientes do aqu\u00e1rio, em vez de completamente nutrientes, mas tamb\u00e9m para apoiar o aumento da ra\u00e7\u00e3o de gr\u00e3os de coral, coral para obter comida suficiente. No n\u00edvel de nutrientes caiu para um estado muito baixo, \u00e9 fortemente recomendado o uso de uma variedade de alimentos para corais para fornecer energia para o coral manter seu estado saud\u00e1vel. <\/p>\n<\/p><\/div>\n<p>&amp;Nbsp; para <\/p>\n<\/p><\/div>\n<p>&#8220;<\/p>\n","protected":false},"excerpt":{"rendered":"<p>Bio-Reator Ervilhas gr\u00e3os grandes osso de cachorro-do-mar feij\u00e3o NP biol\u00f3gico<\/p>\n","protected":false},"featured_media":6221,"comment_status":"open","ping_status":"closed","template":"","meta":[],"product_brand":[],"product_cat":[1272],"product_tag":[],"class_list":{"0":"post-37025","1":"product","2":"type-product","3":"status-publish","4":"has-post-thumbnail","6":"product_cat-escumadores-de-proteina","8":"first","9":"instock","10":"shipping-taxable","11":"purchasable","12":"product-type-simple"},"_links":{"self":[{"href":"https:\/\/www.myaquastore.com\/pt-br\/wp-json\/wp\/v2\/product\/37025","targetHints":{"allow":["GET"]}}],"collection":[{"href":"https:\/\/www.myaquastore.com\/pt-br\/wp-json\/wp\/v2\/product"}],"about":[{"href":"https:\/\/www.myaquastore.com\/pt-br\/wp-json\/wp\/v2\/types\/product"}],"replies":[{"embeddable":true,"href":"https:\/\/www.myaquastore.com\/pt-br\/wp-json\/wp\/v2\/comments?post=37025"}],"wp:featuredmedia":[{"embeddable":true,"href":"https:\/\/www.myaquastore.com\/pt-br\/wp-json\/wp\/v2\/media\/6221"}],"wp:attachment":[{"href":"https:\/\/www.myaquastore.com\/pt-br\/wp-json\/wp\/v2\/media?parent=37025"}],"wp:term":[{"taxonomy":"product_brand","embeddable":true,"href":"https:\/\/www.myaquastore.com\/pt-br\/wp-json\/wp\/v2\/product_brand?post=37025"},{"taxonomy":"product_cat","embeddable":true,"href":"https:\/\/www.myaquastore.com\/pt-br\/wp-json\/wp\/v2\/product_cat?post=37025"},{"taxonomy":"product_tag","embeddable":true,"href":"https:\/\/www.myaquastore.com\/pt-br\/wp-json\/wp\/v2\/product_tag?post=37025"}],"curies":[{"name":"wp","href":"https:\/\/api.w.org\/{rel}","templated":true}]}}