{"id":37026,"date":"2016-12-27T16:03:48","date_gmt":"2016-12-27T16:03:48","guid":{"rendered":"https:\/\/www.myaquastore.com\/product\/a-fonte-do-reator-biologico-ervilhas-nova-formula-de-feijao-np-biologico-do-mar\/"},"modified":"2025-03-16T08:52:55","modified_gmt":"2025-03-16T08:52:55","slug":"a-fonte-do-reator-biologico-ervilhas-nova-formula-de-feijao-np-biologico-do-mar","status":"publish","type":"product","link":"https:\/\/www.myaquastore.com\/pt-br\/produto\/a-fonte-do-reator-biologico-ervilhas-nova-formula-de-feijao-np-biologico-do-mar\/","title":{"rendered":"A fonte do reator biol\u00f3gico Ervilhas nova f\u00f3rmula de feij\u00e3o NP biol\u00f3gico do mar"},"content":{"rendered":"<h2>Descri\u00e7\u00e3o do produto <\/h2>\n<div><a><img class=\" size-large=\"><\/a><\/p>\n<\/div>\n<div><strong>E a fonte de MARINE FONTES vers\u00e3o atualizada da nova f\u00f3rmula NP ervilhas biol\u00f3gicas, <\/strong><\/div>\n<div>Modelo: BP-S300 Especifica\u00e7\u00f5es: 300ML <\/div>\n<div>Modelo: BP-S500 Especifica\u00e7\u00f5es: 500ML <\/div>\n<div>Modelo: BP-S1000 Especifica\u00e7\u00f5es: 1000ML <\/div>\n<div><\/div>\n<div><\/div>\n<div>A nova f\u00f3rmula apresenta recursos de pr\u00f3xima gera\u00e7\u00e3o <\/div>\n<div><strong>-Lighter-Tumble Part\u00edculas mais leves mais f\u00e1ceis, role melhor! <\/strong><\/div>\n<div><strong>-Maior pureza-Fun\u00e7\u00e3o melhor maior pureza, desfosforila\u00e7\u00e3o n\u00edtrica melhores resultados! <\/strong><\/div>\n<div><strong>-F\u00f3rmula melhorada-Efeito mais r\u00e1pido formula\u00e7\u00e3o melhorada, eficaz mais r\u00e1pido! <\/strong><\/div>\n<div><\/div>\n<div> para <strong>Cada pacote individual \u00e9 equipado com uma colher, uma colher cheia (part\u00edculas colher plana) cerca de 10ML <\/strong><\/div>\n<div>\n<p><strong>NP <\/strong><strong>Introdu\u00e7\u00e3o Ervilhas Biol\u00f3gicas <\/strong><br \/> NP \u00e9 um organismo biol\u00f3gico NP Feij\u00f5es de ervilhas Biopellet redutor de nitrato e fosfato (exceto fosfatos e nitratos) \u00e9 um pellet biodegrad\u00e1vel, pode efetivamente melhorar a qualidade da \u00e1gua do aqu\u00e1rio, as bact\u00e9rias na \u00e1gua por nitratos e fosfatos se decomp\u00f5em, de modo que a qualidade do tanque de peixes para alcan\u00e7ar \u00e1gua do mar natural de qualidade. img-brk&#8221;=&#8221;&gt;<br \/> <a><img class=\" size-large=\"><\/a><br \/><strong>MS <\/strong><strong>E a fonte de ervilhas bio-NP funciona <\/strong><br \/> Os feij\u00f5es biol\u00f3gicos s\u00e3o feitos de 100% puro A composi\u00e7\u00e3o polim\u00e9rica biodecompon\u00edvel pode ser colocada em um filtro de areia ou em um cartucho de filtro usado. Essas part\u00edculas podem ser formadas pelo r\u00e1pido crescimento de bact\u00e9rias aer\u00f3bicas, que podem consumir nitratos e fosfatos. Essas bact\u00e9rias consomem carbono biol\u00f3gico do feij\u00e3o, enquanto nitrog\u00eanio e f\u00f3sforo provenientes da decomposi\u00e7\u00e3o de nitratos e fosfatos. Este processo de convers\u00e3o \u00e9 um feij\u00e3o biol\u00f3gico bacteriano na nutri\u00e7\u00e3o que necessita de NO3, PO4 acumulado consumido no processo. Al\u00e9m disso, com o advento da camada anaer\u00f3bica, aumentar\u00e1 ainda mais a desnitrifica\u00e7\u00e3o &#8211; reduzir\u00e1 o NO3. <\/p>\n<p>Com o fluxo cont\u00ednuo de \u00e1gua do mar atrav\u00e9s do reator, por agentes biol\u00f3gicos, nitratos e fosfatos continuam a obter oxig\u00eanio e nutrientes frescos. Reator de nitrato ambiente hip\u00f3xico de fluxo lento oposto, reator NP Peas sob ambiente rico em oxig\u00eanio, bact\u00e9rias fixadas por nitratos e fosfatos de r\u00e1pido crescimento. A r\u00e1pida forma\u00e7\u00e3o de membranas bacterianas cobrir\u00e1 carbono org\u00e2nico profundo, por agita\u00e7\u00e3o, pode efetivamente remover a membrana bacteriana, desempenhar o papel de fonte de carbono org\u00e2nico profundo. <\/p>\n<p><strong>Voc\u00ea deseja usar os gr\u00e3os pr\u00e9-processados \u200b\u200bNP biol\u00f3gicos <\/strong><br \/> Use \u00e1gua RO ou \u00e1gua do tanque (recomendado) Enx\u00e1gue r\u00e1pido das ervilhas NP, lave os fragmentos de res\u00edduos que se destinam a se formar durante o transporte <\/p>\n<p><strong>Como o controle de fluxo influente do reator \u00e9 determinado de acordo com o di\u00e2metro e o n\u00famero de ervilhas NP, geralmente dentro do reator usando 1 litro. NP Peas, insira pelo menos 1500 litros por hora de fluxo de \u00e1gua para obter o efeito de agita\u00e7\u00e3o. Tamb\u00e9m para obter o efeito desejado, podemos recomendar a configura\u00e7\u00e3o adequada de bombas um pouco maiores, e \u00e1gua no reator junto com a v\u00e1lvula de controle, que pode ajustar com flexibilidade o fluxo de \u00e1gua atrav\u00e9s das condi\u00e7\u00f5es de agita\u00e7\u00e3o das Ervilhas. <\/p>\n<p>Recomendamos o uso de fontes marinhas projetadas para reatores biol\u00f3gicos da s\u00e9rie BRP da Peas. <\/p>\n<p><a><img class=\" size-full=\"><\/a><\/p>\n<p><strong>NP <\/strong><strong>Ervilhas adicionam o n\u00famero e o m\u00e9todo <\/strong><br \/> Para evitar que o primeiro a adicionar gr\u00e3os biol\u00f3gicos NP fa\u00e7a NO3., PO4 causado pelo r\u00e1pido decl\u00ednio dos organismos marinhos adequado \u00e0 abordagem recomendada sucessivamente adicionada. <\/p>\n<p>Por exemplo, a quantidade de \u00e1gua adicionada de feij\u00e3o biol\u00f3gico 200L \u00e9 de 200 ~ 400ML: <\/p>\n<p>&amp;Nbsp; para <\/p>\n<table>\n<tbody>\n<tr>\n<td>\n<p>Corpo de \u00e1gua <\/p>\n<\/td>\n<td>\n<p>A primeira vez <\/p>\n<\/td>\n<td>\n<p>5 dias <\/p>\n<\/td>\n<td>\n<p>10 dias <\/p>\n<\/td>\n<td>\n<p>20 dias <\/p>\n<\/td>\n<td><\/td>\n<td>\n<p>Mais tarde <\/p>\n<\/td>\n<\/tr>\n<tr>\n<td>\n<p>200L <\/p>\n<\/p>\n<\/td>\n<td>\n<p>50 ~ 100ml <\/p>\n<\/p>\n<\/td>\n<td>\n<p>50 ~ 100ml <\/p>\n<\/p>\n<\/td>\n<td>\n<p>50 ~ 100ml <\/p>\n<\/p>\n<\/td>\n<td>\n<p>50 ~ 100ml <\/p>\n<\/p>\n<\/td>\n<td><\/td>\n<td>\n<p>Ap\u00f3s a quantidade de adi\u00e7\u00e3o adicionada sucessivamente que o consumo de bio-feij\u00f5es <\/p>\n<\/td>\n<\/tr>\n<\/tbody>\n<\/table>\n<p><strong>Substitua o filtro em quest\u00e3o de tempo <\/strong><br \/> Como o filtro \u00e9 fixado pelas bact\u00e9rias que consomem nutrientes, sua vida \u00fatil \u00e9 baseada na mudan\u00e7a dos n\u00edveis de nutrientes do aqu\u00e1rio. Aqueles com baixos n\u00edveis de nitrato e fosfato no aqu\u00e1rio t\u00eam uma vida filtrante significativamente maior do que aqueles com altos n\u00edveis de nutrientes no sistema. Em condi\u00e7\u00f5es normais, apenas adicionado ao meio de rea\u00e7\u00e3o ao tanque. <\/p>\n<p><strong>O efluente do reator deve passar por um skimmer? <\/strong><br \/> Idealmente, sim. Se n\u00e3o houver remo\u00e7\u00e3o f\u00edsica das bact\u00e9rias que foram fixadas nitratos e fosfatos, a nutri\u00e7\u00e3o do aqu\u00e1rio de \u00e1gua salgada n\u00e3o ser\u00e1 verdadeiramente reduzida. Normalmente, o reator deve ser colocado na tubula\u00e7\u00e3o de liga\u00e7\u00e3o da bomba e do skimmer. Se a capacidade de absor\u00e7\u00e3o de \u00e1gua do skimmer bombear \u00e1gua sobre o reator pode ser conectada a uma v\u00e1lvula de tr\u00eas vias na tubula\u00e7\u00e3o, com uma v\u00e1lvula regulando o fluxo. Constru\u00eddo no reservat\u00f3rio do skimmer, a rea\u00e7\u00e3o tamb\u00e9m pode ser feita pela pr\u00f3pria bomba d&#8217;\u00e1gua do SPIDERS. <\/p>\n<p><strong>A membrana bacteriana no tanque de exibi\u00e7\u00e3o danificar\u00e1 os corais? <\/strong><br \/> Qualquer pequena quantidade de produtos bacterianos que fluam para o tanque de exibi\u00e7\u00e3o n\u00e3o prejudicar\u00e1 o coral, ele se tornar\u00e1 um coral alimentar. A exclus\u00e3o de um grande n\u00famero de membranas bacterianas deve ser considerada o modo de sa\u00edda da nutri\u00e7\u00e3o. <\/p>\n<p><strong>A espuma do ovo n\u00e3o sabe dizer, por qu\u00ea? <\/strong><br \/> \u00c0s vezes, basta usar o filtro por 24-48 horas, a tens\u00e3o superficial da \u00e1gua ser\u00e1 destru\u00edda, a espuma ser\u00e1 reduzida. Entretanto, o skimmer sem fazer quaisquer ajustes. Uma vez que os ovos sejam feitos ajustes compensat\u00f3rios quando a bolha voltar ao normal, haver\u00e1 um overshoot explosivo. <\/p>\n<p><strong>Tamb\u00e9m precisamos continuar a usar carv\u00e3o? <\/strong><br \/> Sim, as bact\u00e9rias n\u00e3o conseguem absorver metais pesados, part\u00edculas org\u00e2nicas e toxinas qu\u00edmicas, e esses s\u00e3o os pontos fortes do carv\u00e3o ativado. Use carv\u00e3o ativado de alta qualidade, como RowaCarbon, com NP Peas, mas tamb\u00e9m melhore significativamente a transpar\u00eancia da \u00e1gua. <\/p>\n<p><strong>Tamb\u00e9m \u00e9 necess\u00e1rio usar adsorvente de fosfato nele? <\/strong><br \/> Na maioria dos casos, sim. O teor de fosfato dos alimentos \u00e9 muitas vezes muito superior ao dos nitratos. Ervilhas NP ao consumir fosfatos e nitratos, o processo \u00e9 equilibrado. Assim, permanece a necessidade do Rowaphos como adsorvente de fosfato de alta qualidade para absorver o excesso de fosfato, claro, esse processo traria mais economia. <\/p>\n<p><strong>A altera\u00e7\u00e3o da frequ\u00eancia da \u00e1gua pode ser reduzida de forma adequada? <\/strong><br \/> N\u00e3o, mesmo que os n\u00edveis de fosfato e nitrato na \u00e1gua sejam muito baixos, trocar a \u00e1gua ainda \u00e9 a melhor maneira de suplementar os oligoelementos na \u00e1gua. <\/p>\n<p><strong>A vaz\u00e3o de \u00e1gua atrav\u00e9s do reator \u00e9 muito importante? <\/strong><br \/> Sim, voc\u00ea quer conhecer o filtro de nitrato de enxofre NP Peas e entrar n\u00e3o \u00e9 a mesma coisa, \u00e9 trabalhar em condi\u00e7\u00f5es ricas em oxig\u00eanio. NP Ervilhas ao trabalhar em fortes correntes, condi\u00e7\u00f5es aer\u00f3bicas, velocidade de crescimento bacteriano, fosfatos e nitratos, velocidade fixa. A agita\u00e7\u00e3o do fluxo promove o novo atrito m\u00fatuo das ervilhas entre a superf\u00edcie do crescimento bacteriano, promove um crescimento mais r\u00e1pido das bact\u00e9rias. Se n\u00e3o houver \u00e1gua suficiente, a agita\u00e7\u00e3o formada no filtro de membrana bacteriana n\u00e3o pode ser facilmente destru\u00edda, impedindo a fonte profunda de carbono org\u00e2nico de fornecer energia, a taxa de crescimento bacteriano enfraquecer\u00e1 gradualmente. <\/p>\n<p><strong>Quanto tempo para ver os resultados? <\/strong><br \/> As bact\u00e9rias aumentam gradualmente, demoram aproximadamente quatro semanas para se estabilizarem, os nutrientes desaparecem. <\/p>\n<p><strong>Quatro semanas atr\u00e1s, os n\u00edveis de nutrientes do tanque diminu\u00edram rapidamente e agora diminu\u00edram? <\/strong><br \/> Este \u00e9 um processo natural. Quando h\u00e1 muita \u00e1gua livre, nutrientes, as bact\u00e9rias crescem rapidamente e, portanto, reduzem o n\u00edvel de nutrientes rapidamente. Com n\u00edveis reduzidos de nutrientes, as bact\u00e9rias capturam os nutrientes com mais facilidade, a taxa de crescimento diminui, o efeito de desacelera\u00e7\u00e3o. Sob a condi\u00e7\u00e3o, as bact\u00e9rias restantes precisam esperar por mais entradas de nutrientes, sua taxa de crescimento pode se adaptar rapidamente \u00e0s mudan\u00e7as nos nutrientes do aqu\u00e1rio, buscar equil\u00edbrio. <\/p>\n<p><strong>Uso NP h\u00e1 algumas semanas, os n\u00edveis de nutrientes n\u00e3o ca\u00edram? <\/strong><br \/> Se os n\u00edveis de fosfato estiverem muito baixos (use ROWAPHOS), isso limitar\u00e1 o progresso do crescimento da membrana bacteriana. Nesse caso, voc\u00ea pode tentar o seguinte m\u00e9todo. 1: Pausa na absor\u00e7\u00e3o de fosfato, o que provoca um aumento de curto prazo nos n\u00edveis de fosfato no cilindro. Este processo ajuda os promotores bacterianos. Quando os n\u00edveis de fosfatos e nitratos s\u00e3o mais baixos, a adsor\u00e7\u00e3o de fosfato come\u00e7a novamente, a implementa\u00e7\u00e3o do mecanismo de dupla filtragem. 2: alterar a taxa de \u00e1gua dilui\u00e7\u00e3o acelerada dos n\u00edveis de nitrato de \u00e1gua, neste caso o trabalho de nutrientes bacterianos fixos pode ser deixado para lidar com os nutrientes. <\/p>\n<p>Lembrete: <\/p>\n<p>1 economize \u00e1gua suficiente para agitar os feij\u00f5es NP biol\u00f3gicos, para evitar o g\u00e1s sulfeto de hidrog\u00eanio. <\/p>\n<p>2 usar oz\u00f4nio ou UV afetar\u00e1 bact\u00e9rias biol\u00f3gicas suplementares, prolongar\u00e1 o tempo de matura\u00e7\u00e3o, em geral, adicionar agente de cultura bacteriana pode aliviar esse problema. <\/p>\n<p>3 Antes do uso de ervilhas biol\u00f3gicas, como no caso do teor de nitrato e fosfato tem sido muito baixo, com um testador marcado pode detectar NO3 complementar, PO4 de decl\u00ednio. <\/p>\n<p>4 sistema NP Peas funcionando maduro, para manter o baixo n\u00edvel de nutrientes do aqu\u00e1rio, em vez de completamente nutrientes, mas tamb\u00e9m para apoiar o aumento da ra\u00e7\u00e3o de gr\u00e3os de coral, coral para obter comida suficiente. No n\u00edvel de nutrientes caiu para um estado muito baixo, \u00e9 fortemente recomendado o uso de uma variedade de alimentos para corais para fornecer energia para o coral manter seu estado saud\u00e1vel. <\/p>\n<\/p><\/div>\n<div><\/div><\/div>\n","protected":false},"excerpt":{"rendered":"<p>A fonte do reator biol\u00f3gico Ervilhas nova f\u00f3rmula de feij\u00e3o NP biol\u00f3gico do mar<\/p>\n","protected":false},"featured_media":6504,"comment_status":"open","ping_status":"closed","template":"","meta":[],"product_brand":[],"product_cat":[1272],"product_tag":[],"class_list":{"0":"post-37026","1":"product","2":"type-product","3":"status-publish","4":"has-post-thumbnail","6":"product_cat-escumadores-de-proteina","8":"first","9":"instock","10":"shipping-taxable","11":"purchasable","12":"product-type-simple"},"_links":{"self":[{"href":"https:\/\/www.myaquastore.com\/pt-br\/wp-json\/wp\/v2\/product\/37026","targetHints":{"allow":["GET"]}}],"collection":[{"href":"https:\/\/www.myaquastore.com\/pt-br\/wp-json\/wp\/v2\/product"}],"about":[{"href":"https:\/\/www.myaquastore.com\/pt-br\/wp-json\/wp\/v2\/types\/product"}],"replies":[{"embeddable":true,"href":"https:\/\/www.myaquastore.com\/pt-br\/wp-json\/wp\/v2\/comments?post=37026"}],"wp:featuredmedia":[{"embeddable":true,"href":"https:\/\/www.myaquastore.com\/pt-br\/wp-json\/wp\/v2\/media\/6504"}],"wp:attachment":[{"href":"https:\/\/www.myaquastore.com\/pt-br\/wp-json\/wp\/v2\/media?parent=37026"}],"wp:term":[{"taxonomy":"product_brand","embeddable":true,"href":"https:\/\/www.myaquastore.com\/pt-br\/wp-json\/wp\/v2\/product_brand?post=37026"},{"taxonomy":"product_cat","embeddable":true,"href":"https:\/\/www.myaquastore.com\/pt-br\/wp-json\/wp\/v2\/product_cat?post=37026"},{"taxonomy":"product_tag","embeddable":true,"href":"https:\/\/www.myaquastore.com\/pt-br\/wp-json\/wp\/v2\/product_tag?post=37026"}],"curies":[{"name":"wp","href":"https:\/\/api.w.org\/{rel}","templated":true}]}}