{"id":37036,"date":"2016-12-27T16:03:44","date_gmt":"2016-12-27T16:03:44","guid":{"rendered":"https:\/\/www.myaquastore.com\/product\/reator-de-calcio-o-reator-de-calcio-com-reator-de-calcio-haley-pump-cr-250-6540\/"},"modified":"2025-03-16T08:52:33","modified_gmt":"2025-03-16T08:52:33","slug":"reator-de-calcio-o-reator-de-calcio-com-reator-de-calcio-haley-pump-cr-250-6540","status":"publish","type":"product","link":"https:\/\/www.myaquastore.com\/pt-br\/produto\/reator-de-calcio-o-reator-de-calcio-com-reator-de-calcio-haley-pump-cr-250-6540\/","title":{"rendered":"Reator de c\u00e1lcio o reator de c\u00e1lcio &#8211; com reator de c\u00e1lcio Haley Pump CR-250-6540"},"content":{"rendered":"<h2>Descri\u00e7\u00e3o do produto <\/h2>\n<p>&amp;Nbsp; para <\/p>\n<p>Par\u00e2metros t\u00e9cnicos: <\/p>\n<p>Modelo: CR-250-6540 <br \/> Tamanho (di\u00e2metro \/ altura <br \/> Unidade: mm): 200\/820 <br \/> Bomba \/ pot\u00eancia: HX-6540 \/ 100W <br \/> Gerenciamento de \u00e1gua (unidade: litro): 8000 <br \/> Especifica\u00e7\u00f5es da doca (unidade: mm): 320\/295 <\/p>\n<p>&amp;Nbsp; para <\/p>\n<p>&amp;Nbsp; para <\/p>\n<p><a><img class=\" size-full=\"><\/a><\/p>\n<p>&amp;Nbsp; para <\/p>\n<p>PS: porque cada cliente part\u00edculas de marca de c\u00e1lcio \/ areia de c\u00e1lcio, especifica\u00e7\u00f5es diferentes, o produto n\u00e3o cont\u00e9m f\u00e1brica de material interior. Os clientes precisam ser comprados <\/p>\n<p>&amp;Nbsp; para <\/p>\n<p>1 corpo com materiais acr\u00edlicos (acr\u00edlico) de alta qualidade produzidos. <br \/> 2 Cada reator \u00e9 equipado com bico venturi de g\u00e1s (entrada de ar venturi), o outro melhor. <br \/> 3 da c\u00e2mara de rea\u00e7\u00e3o \u00e9 um design selado, inova\u00e7\u00e3o e apar\u00eancia est\u00e9tica, (reator de c\u00e1lcio geralmente aberto desperdi\u00e7ar\u00e1 muito di\u00f3xido de carbono, embora n\u00e3o forne\u00e7a sa\u00edda de c\u00e1lcio suficiente) <br \/> 4 c\u00e2mara de rea\u00e7\u00e3o microporosa design anti casual, sem algod\u00e3o bioqu\u00edmico, adequado para todos os comprimidos de c\u00e1lcio TAMANHO <br \/> 5 \u00e1gua interna especialmente projetada contendo CO2 de ciclo r\u00e1pido cont\u00ednuo, cada ciclo atrav\u00e9s de todos os comprimidos de c\u00e1lcio, bicarbonato de c\u00e1lcio dissolvido em \u00e1gua ser\u00e1 muito <br \/> Bocal de suc\u00e7\u00e3o especialmente projetado 6 pode ser efetivamente recuperado CO2 sem desperdi\u00e7ar o topo. <br \/> 7, acesso \u00e0 \u00e1gua especialmente projetada, f\u00e1cil de ajustar <br \/> 8 frio Chu leu o n\u00famero do borbulhador, facilmente substitu\u00edvel <br \/> 9 dentro do reator n\u00e3o cont\u00e9m comprimidos de c\u00e1lcio e outros materiais, por favor compre por conta pr\u00f3pria. <\/p>\n<p>&amp;Nbsp; para <\/p>\n<p>Outras informa\u00e7\u00f5es opcionais do pacote: <\/p>\n<p>&amp;Nbsp; para <\/p>\n<div>1 c\u00e2mara de reator de c\u00e1lcio adicionada: Sistema de tanque de fluxo de precursor de deser\u00e7\u00e3o de c\u00e1lcio, conectado ao MS <a target=\"\"><strong>C\u00e2mara de rea\u00e7\u00e3o de suplementos de c\u00e1lcio <\/strong><\/a>Para absorver o excesso de di\u00f3xido de carbono, a fim de evitar danos ao sistema do tanque. <\/div>\n<div><\/div>\n<div>Areia com alto teor de c\u00e1lcio 2 MS: part\u00edculas naturais de areia de c\u00e1lcio, sem danos ao sistema. Part\u00edculas n\u00e3o artificiais. <\/div>\n<p>&amp;Nbsp; para <\/p>\n<p>&amp;Nbsp; para <\/p>\n<p>A figura a seguir mostra o diagrama real da m\u00e1quina <\/p>\n<p>&amp;Nbsp; para <\/p>\n<p><a href=\"\"><img decoding=\"async\" width=\"\" height=\"\" class=\"\" alt=\"\" src=\"\"><\/a><\/p>\n<p>&amp;Nbsp; para <\/p>\n<\/p><\/div>\n<p>&#8220;<\/p>\n","protected":false},"excerpt":{"rendered":"<p>Reator de c\u00e1lcio o reator de c\u00e1lcio &#8211; com reator de c\u00e1lcio Haley Pump CR-250-6540<\/p>\n","protected":false},"featured_media":6385,"comment_status":"open","ping_status":"closed","template":"","meta":[],"product_brand":[],"product_cat":[1272],"product_tag":[],"class_list":{"0":"post-37036","1":"product","2":"type-product","3":"status-publish","4":"has-post-thumbnail","6":"product_cat-escumadores-de-proteina","8":"first","9":"instock","10":"shipping-taxable","11":"purchasable","12":"product-type-simple"},"_links":{"self":[{"href":"https:\/\/www.myaquastore.com\/pt-br\/wp-json\/wp\/v2\/product\/37036","targetHints":{"allow":["GET"]}}],"collection":[{"href":"https:\/\/www.myaquastore.com\/pt-br\/wp-json\/wp\/v2\/product"}],"about":[{"href":"https:\/\/www.myaquastore.com\/pt-br\/wp-json\/wp\/v2\/types\/product"}],"replies":[{"embeddable":true,"href":"https:\/\/www.myaquastore.com\/pt-br\/wp-json\/wp\/v2\/comments?post=37036"}],"wp:featuredmedia":[{"embeddable":true,"href":"https:\/\/www.myaquastore.com\/pt-br\/wp-json\/wp\/v2\/media\/6385"}],"wp:attachment":[{"href":"https:\/\/www.myaquastore.com\/pt-br\/wp-json\/wp\/v2\/media?parent=37036"}],"wp:term":[{"taxonomy":"product_brand","embeddable":true,"href":"https:\/\/www.myaquastore.com\/pt-br\/wp-json\/wp\/v2\/product_brand?post=37036"},{"taxonomy":"product_cat","embeddable":true,"href":"https:\/\/www.myaquastore.com\/pt-br\/wp-json\/wp\/v2\/product_cat?post=37036"},{"taxonomy":"product_tag","embeddable":true,"href":"https:\/\/www.myaquastore.com\/pt-br\/wp-json\/wp\/v2\/product_tag?post=37036"}],"curies":[{"name":"wp","href":"https:\/\/api.w.org\/{rel}","templated":true}]}}