{"id":37044,"date":"2016-12-27T16:03:37","date_gmt":"2016-12-27T16:03:37","guid":{"rendered":"https:\/\/www.myaquastore.com\/product\/filtro-de-areia-fbf900-filtro-de-areia-aplica-maior-corpo-de-agua-900l\/"},"modified":"2025-03-16T08:45:48","modified_gmt":"2025-03-16T08:45:48","slug":"filtro-de-areia-fbf900-filtro-de-areia-aplica-maior-corpo-de-agua-900l","status":"publish","type":"product","link":"https:\/\/www.myaquastore.com\/pt-br\/produto\/filtro-de-areia-fbf900-filtro-de-areia-aplica-maior-corpo-de-agua-900l\/","title":{"rendered":"Filtro de areia FBF900 filtro de areia aplica maior corpo de \u00e1gua 900L"},"content":{"rendered":"<h2>Descri\u00e7\u00e3o do produto <\/h2>\n<h2>Descri\u00e7\u00e3o do produto <\/h2>\n<div>Par\u00e2metros t\u00e9cnicos: <\/div>\n<div>Modelo: FBF900 <br \/> Tamanho (di\u00e2metro\/altura MM): 120\/500 <\/div>\n<div>A base ocupa a especifica\u00e7\u00e3o (excluindo a parte superior do tubo): 140 * 140 MM <\/div>\n<div>A capacidade m\u00e1xima da c\u00e2mara de rea\u00e7\u00e3o: 4,5 L <\/div>\n<div>Especifica\u00e7\u00f5es da \u00e1gua: 20 MM (o tubo de PVC de 20MM pode ser conectado diretamente ou acoplado ao adaptador de mangueira para conectar uma mangueira de 14 ~ 18mm) <\/div>\n<div>Especifica\u00e7\u00f5es da \u00e1gua: 20 MM <br \/> Quantidade recomendada de \u00e1gua: 900L <\/div>\n<div><\/div>\n<div><a><img class=\" size-full=\"><\/a><\/p>\n<p><a><img class=\" size-full=\"><\/a><\/p>\n<\/div>\n<div><\/div>\n<div><\/div>\n<div>E a fonte do filtro de areia MARINE SOURCES FBF usa material acr\u00edlico avan\u00e7ado (n\u00e3o pl\u00e1stico) feito. Use agita\u00e7\u00e3o de \u00e1gua para cultivar bact\u00e9rias no princ\u00edpio da areia, para que bact\u00e9rias desnitrificantes possam se multiplicar na areia com uma cultura de bact\u00e9rias na maior parte da \u00e1rea de superf\u00edcie. Como a \u00e1gua est\u00e1 constantemente agitada, n\u00e3o h\u00e1 bact\u00e9rias mortas no leito de areia para cultura, grande densidade de bact\u00e9rias nitrificantes, p\u00f3lo semelhante a bact\u00e9rias. A maior parte do novo tanque para estabelecer um leito de areia de cultura de bact\u00e9rias completo \u00e9 de 20 a 30 dias. <\/div>\n<div><\/div>\n<div>Tamb\u00e9m adicionando diferentes materiais de filtro, de modo a ter diferentes usos, por exemplo, adi\u00e7\u00e3o de carbono, reator de carbono e assim por diante. Voc\u00ea tamb\u00e9m pode adicionar feij\u00e3o biol\u00f3gico, biobolas, bola anaer\u00f3bica, contas de enxofre, anel biol\u00f3gico. Anel cer\u00e2mico, material de absor\u00e7\u00e3o de f\u00f3sforo, areia de quartzo e outros tipos de materiais. <\/div>\n<div><\/div>\n<div>PS: filtros de areia de fluxo fabricados dentro do corpo com duas esponjas separadas. Requer a utiliza\u00e7\u00e3o de meio esponjoso do corpo interno (como areia de quartzo, etc.) e o fundo da chapa acr\u00edlica separada, para prolongar a vida \u00fatil do equipamento. Confira a esponja usada regularmente, como desgaste e desgaste, substitua-a. <\/div>\n<div><\/div>\n<div>Como tanque de areia acr\u00edlico, uso de corpo acr\u00edlico avan\u00e7ado de corpo inteiro, o funcionamento interno de material PP de design cristalino e n\u00e3o fechado diferente. Fechado devido a problemas de materiais de design, n\u00e3o \u00e9 poss\u00edvel ver claramente o trabalho do skimmer do museu, um problema n\u00e3o \u00e9 capaz de detectar e resolver pela primeira vez. <\/div>\n<div><\/div>\n<div>\n<p><a><img class=\" size-full=\"><\/a><a><img class=\" size-full=\"><\/a><\/div>\n<div><\/div>\n<p>Outros modelos da s\u00e9rie <\/p>\n<p>&amp;Nbsp; para <\/p>\n<p><a><img class=\" size-full=\"><\/a><\/p>\n<\/p><\/div>\n","protected":false},"excerpt":{"rendered":"<p>Filtro de areia FBF900 filtro de areia aplica maior corpo de \u00e1gua 900L<\/p>\n","protected":false},"featured_media":6143,"comment_status":"open","ping_status":"closed","template":"","meta":[],"product_brand":[],"product_cat":[1272],"product_tag":[],"class_list":{"0":"post-37044","1":"product","2":"type-product","3":"status-publish","4":"has-post-thumbnail","6":"product_cat-escumadores-de-proteina","8":"first","9":"instock","10":"shipping-taxable","11":"purchasable","12":"product-type-simple"},"_links":{"self":[{"href":"https:\/\/www.myaquastore.com\/pt-br\/wp-json\/wp\/v2\/product\/37044","targetHints":{"allow":["GET"]}}],"collection":[{"href":"https:\/\/www.myaquastore.com\/pt-br\/wp-json\/wp\/v2\/product"}],"about":[{"href":"https:\/\/www.myaquastore.com\/pt-br\/wp-json\/wp\/v2\/types\/product"}],"replies":[{"embeddable":true,"href":"https:\/\/www.myaquastore.com\/pt-br\/wp-json\/wp\/v2\/comments?post=37044"}],"wp:featuredmedia":[{"embeddable":true,"href":"https:\/\/www.myaquastore.com\/pt-br\/wp-json\/wp\/v2\/media\/6143"}],"wp:attachment":[{"href":"https:\/\/www.myaquastore.com\/pt-br\/wp-json\/wp\/v2\/media?parent=37044"}],"wp:term":[{"taxonomy":"product_brand","embeddable":true,"href":"https:\/\/www.myaquastore.com\/pt-br\/wp-json\/wp\/v2\/product_brand?post=37044"},{"taxonomy":"product_cat","embeddable":true,"href":"https:\/\/www.myaquastore.com\/pt-br\/wp-json\/wp\/v2\/product_cat?post=37044"},{"taxonomy":"product_tag","embeddable":true,"href":"https:\/\/www.myaquastore.com\/pt-br\/wp-json\/wp\/v2\/product_tag?post=37044"}],"curies":[{"name":"wp","href":"https:\/\/api.w.org\/{rel}","templated":true}]}}