{"id":37049,"date":"2016-12-27T16:03:45","date_gmt":"2016-12-27T16:03:45","guid":{"rendered":"https:\/\/www.myaquastore.com\/product\/removedor-de-nitrato-com-removedor-de-nitrato-red-devil-bombas-dnr-200\/"},"modified":"2025-03-16T08:52:38","modified_gmt":"2025-03-16T08:52:38","slug":"removedor-de-nitrato-com-removedor-de-nitrato-red-devil-bombas-dnr-200","status":"publish","type":"product","link":"https:\/\/www.myaquastore.com\/pt-br\/produto\/removedor-de-nitrato-com-removedor-de-nitrato-red-devil-bombas-dnr-200\/","title":{"rendered":"Removedor de nitrato com removedor de nitrato Red Devil bombas DNR-200"},"content":{"rendered":"<h2>Descri\u00e7\u00e3o do produto <\/h2>\n<p>E a fonte do removedor de nitrato MARINE FONTES \/ dispositivo de controle qu\u00edmico de nitrato \/ dispositivo para nitrato <\/p>\n<p>&amp;Nbsp; para <\/p>\n<p>Par\u00e2metros do produto: <\/p>\n<p>&amp;Nbsp; para <\/p>\n<p>removedor de nitrato DNR-150, atrav\u00e9s de v\u00e1lvula reguladora para aqu\u00e1rio ou lago de 1800-4500L. <br \/> Modelo: DNR-200 <br \/> (unidade de di\u00e2metro\/altura: mm): 200\/740 <br \/> Bomba \/ pot\u00eancia: Devil D4000 \/ 55W <br \/> A \u00e1gua m\u00e1xima aplic\u00e1vel (unidade: litro): 4500 <br \/> Especifica\u00e7\u00f5es da doca (unidade: mm): 290\/260 <\/p>\n<p><a><img class=\" size-large=\"><\/a><\/p>\n<p>&amp;Nbsp; para <\/p>\n<\/p>\n<p>&amp;Nbsp; para <\/p>\n<p>Caracter\u00edsticas do produto: <\/p>\n<p>1 corpo com materiais acr\u00edlicos (acr\u00edlico) de alta qualidade produzidos. <br \/> A c\u00e2mara de rea\u00e7\u00e3o 2 \u00e9 um design de veda\u00e7\u00e3o multicamadas, inova\u00e7\u00e3o e apar\u00eancia est\u00e9tica, <br \/> 3 Design anti-casual microporoso da c\u00e2mara de rea\u00e7\u00e3o inferior, sem algod\u00e3o bioqu\u00edmico, f\u00e1cil limpeza e manuten\u00e7\u00e3o, aplic\u00e1vel a uma variedade de materiais de filtra\u00e7\u00e3o <br \/> 4 especialmente projetado para que a \u00e1gua interna de alta velocidade circule constantemente, cada ciclo atrav\u00e9s de todos os materiais de filtro, <br \/> 5 fora, \u00e1gua especialmente projetada, f\u00e1cil de ajustar <br \/> 6 equipado com diferentes materiais de filtro podem ser usos variados (como bio bola, bio-an\u00e9is, carv\u00e3o ativado, materiais de absor\u00e7\u00e3o de f\u00f3sforo, gr\u00e2nulos de enxofre + comprimidos de c\u00e1lcio, etc.), consulte a tabela <\/p>\n<p>Uso de materiais com uma vaz\u00e3o de acordo com as necessidades de uso do reator <br \/> 6-1 controle qu\u00edmico de esfera com nitrato biol\u00f3gico \u00e9 lento <br \/> 6-2 ciclo de controle qu\u00edmico de nitrato biol\u00f3gico \u00e9 lento <br \/> 6-3 Biofiltro de anel biol\u00f3gico r\u00e1pido <br \/> 6-4 filtro de carv\u00e3o ativado r\u00e1pido <br \/> 6-5 material de absor\u00e7\u00e3o de f\u00f3sforo controle qu\u00edmico de fosfato \u00e9 lento <br \/> 6-6 gr\u00e2nulos de enxofre + comprimidos de c\u00e1lcio, al\u00e9m de fosfato de c\u00e1lcio lento <\/p>\n<p>7 dentro do reator n\u00e3o cont\u00e9m material, por favor compre o seu pr\u00f3prio. <\/p>\n<p>Uso recomendado e a origem das bolas biol\u00f3gicas, consulte os seguintes dados: <\/p>\n<table>\n<tbody>\n<tr>\n<td>\n<p>modelo <\/p>\n<\/td>\n<td>\n<p>Recomenda\u00e7\u00f5es biol\u00f3gicas anaer\u00f3bicas e de bola de f\u00f3sforo sobre o n\u00famero de <\/p>\n<\/td>\n<\/tr>\n<tr>\n<td>\n<p>DNR-120 <\/p>\n<\/td>\n<td>\n<p>Biobolas anaer\u00f3bicas 80 bolas 10 <\/p>\n<\/td>\n<\/tr>\n<tr>\n<td>\n<p>DNR-150 <\/p>\n<\/td>\n<td>\n<p>Bolas biol\u00f3gicas anaer\u00f3bicas 140 bolas 18 <\/p>\n<\/td>\n<\/tr>\n<tr>\n<td>\n<p>DNR-200 <\/p>\n<\/td>\n<td>\n<p>Bolas biol\u00f3gicas anaer\u00f3bicas 320 bolas 40 <\/p>\n<\/td>\n<\/tr>\n<tr>\n<td>\n<p>DNR-200H <\/p>\n<\/td>\n<td>\n<p>Bio bolas anaer\u00f3bicas 400 bolas 50 <\/p>\n<\/td>\n<\/tr>\n<\/tbody>\n<\/table>\n<p><strong>S\u00e9rie DNR de outros modelos <\/strong><\/p>\n<p><a><img class=\" size-full=\"><\/a><\/p>\n<\/p><\/div>\n","protected":false},"excerpt":{"rendered":"<p>Removedor de nitrato com removedor de nitrato Red Devil bombas DNR-200<\/p>\n","protected":false},"featured_media":6407,"comment_status":"open","ping_status":"closed","template":"","meta":[],"product_brand":[],"product_cat":[1272],"product_tag":[],"class_list":{"0":"post-37049","1":"product","2":"type-product","3":"status-publish","4":"has-post-thumbnail","6":"product_cat-escumadores-de-proteina","8":"first","9":"instock","10":"shipping-taxable","11":"purchasable","12":"product-type-simple"},"_links":{"self":[{"href":"https:\/\/www.myaquastore.com\/pt-br\/wp-json\/wp\/v2\/product\/37049","targetHints":{"allow":["GET"]}}],"collection":[{"href":"https:\/\/www.myaquastore.com\/pt-br\/wp-json\/wp\/v2\/product"}],"about":[{"href":"https:\/\/www.myaquastore.com\/pt-br\/wp-json\/wp\/v2\/types\/product"}],"replies":[{"embeddable":true,"href":"https:\/\/www.myaquastore.com\/pt-br\/wp-json\/wp\/v2\/comments?post=37049"}],"wp:featuredmedia":[{"embeddable":true,"href":"https:\/\/www.myaquastore.com\/pt-br\/wp-json\/wp\/v2\/media\/6407"}],"wp:attachment":[{"href":"https:\/\/www.myaquastore.com\/pt-br\/wp-json\/wp\/v2\/media?parent=37049"}],"wp:term":[{"taxonomy":"product_brand","embeddable":true,"href":"https:\/\/www.myaquastore.com\/pt-br\/wp-json\/wp\/v2\/product_brand?post=37049"},{"taxonomy":"product_cat","embeddable":true,"href":"https:\/\/www.myaquastore.com\/pt-br\/wp-json\/wp\/v2\/product_cat?post=37049"},{"taxonomy":"product_tag","embeddable":true,"href":"https:\/\/www.myaquastore.com\/pt-br\/wp-json\/wp\/v2\/product_tag?post=37049"}],"curies":[{"name":"wp","href":"https:\/\/api.w.org\/{rel}","templated":true}]}}