{"id":37055,"date":"2016-12-27T16:03:42","date_gmt":"2016-12-27T16:03:42","guid":{"rendered":"https:\/\/www.myaquastore.com\/product\/fonte-removedor-de-nitrato-bola-de-comida-anaerobica-do-mar\/"},"modified":"2025-03-16T08:52:02","modified_gmt":"2025-03-16T08:52:02","slug":"fonte-removedor-de-nitrato-bola-de-comida-anaerobica-do-mar","status":"publish","type":"product","link":"https:\/\/www.myaquastore.com\/pt-br\/produto\/fonte-removedor-de-nitrato-bola-de-comida-anaerobica-do-mar\/","title":{"rendered":"Fonte removedor de nitrato bola de comida anaer\u00f3bica do mar"},"content":{"rendered":"<h2>Descri\u00e7\u00e3o do produto <\/h2>\n<p><strong>Bola anaer\u00f3bica fonte de alimentos marinhos FONTES MARINHAS DENI-BALLS <\/strong>Uso de materiais especiais, alimentos nutritivos contendo bact\u00e9rias anaer\u00f3bicas, bact\u00e9rias anaer\u00f3bicas absorvem 100% para fornecer alimentos nutritivos para o removedor de nitrato anaer\u00f3bico, bact\u00e9rias anaer\u00f3bicas podem efetivamente nitrog\u00eanio, conte\u00fado de nitrato na \u00e1gua pode ser o maior grau de redu\u00e7\u00e3o, para evitar a cria\u00e7\u00e3o de algas, eliminando o problema de mudar a \u00e1gua, para que a agricultura biol\u00f3gica mais saud\u00e1vel <\/p>\n<div>\n<div>\n<p>Os produtos podem ser colocados no uso de removedor de nitrato, o tempo de uso \u00e9 de 8 a 12 meses, quando o n\u00famero da base original tiver sido consumido suplemento. <\/p>\n<p>Di\u00e2metro da part\u00edcula: 34mm <\/p>\n<p>Recomenda\u00e7\u00f5es gerais para a propor\u00e7\u00e3o de aloca\u00e7\u00e3o: 8 a 10 part\u00edculas por bolas biol\u00f3gicas comuns com bola branca com um anaer\u00f3bico <\/p>\n<p><a><img class=\" size-full=\"><\/a><\/p>\n<\/p><\/div><\/div>\n<p>para <\/p>\n<\/p><\/div>\n","protected":false},"excerpt":{"rendered":"<p>Fonte removedor de nitrato bola de comida anaer\u00f3bica do mar<\/p>\n","protected":false},"featured_media":6209,"comment_status":"open","ping_status":"closed","template":"","meta":[],"product_brand":[],"product_cat":[1272],"product_tag":[],"class_list":{"0":"post-37055","1":"product","2":"type-product","3":"status-publish","4":"has-post-thumbnail","6":"product_cat-escumadores-de-proteina","8":"first","9":"instock","10":"shipping-taxable","11":"purchasable","12":"product-type-simple"},"_links":{"self":[{"href":"https:\/\/www.myaquastore.com\/pt-br\/wp-json\/wp\/v2\/product\/37055","targetHints":{"allow":["GET"]}}],"collection":[{"href":"https:\/\/www.myaquastore.com\/pt-br\/wp-json\/wp\/v2\/product"}],"about":[{"href":"https:\/\/www.myaquastore.com\/pt-br\/wp-json\/wp\/v2\/types\/product"}],"replies":[{"embeddable":true,"href":"https:\/\/www.myaquastore.com\/pt-br\/wp-json\/wp\/v2\/comments?post=37055"}],"wp:featuredmedia":[{"embeddable":true,"href":"https:\/\/www.myaquastore.com\/pt-br\/wp-json\/wp\/v2\/media\/6209"}],"wp:attachment":[{"href":"https:\/\/www.myaquastore.com\/pt-br\/wp-json\/wp\/v2\/media?parent=37055"}],"wp:term":[{"taxonomy":"product_brand","embeddable":true,"href":"https:\/\/www.myaquastore.com\/pt-br\/wp-json\/wp\/v2\/product_brand?post=37055"},{"taxonomy":"product_cat","embeddable":true,"href":"https:\/\/www.myaquastore.com\/pt-br\/wp-json\/wp\/v2\/product_cat?post=37055"},{"taxonomy":"product_tag","embeddable":true,"href":"https:\/\/www.myaquastore.com\/pt-br\/wp-json\/wp\/v2\/product_tag?post=37055"}],"curies":[{"name":"wp","href":"https:\/\/api.w.org\/{rel}","templated":true}]}}