{"id":37065,"date":"2016-12-27T16:03:41","date_gmt":"2016-12-27T16:03:41","guid":{"rendered":"https:\/\/www.myaquastore.com\/product\/bomba-de-titulacao-e-suprimentos-que-suportam-bomba-de-titulacao-de-tres-canais-dsp-1\/"},"modified":"2025-03-16T08:45:58","modified_gmt":"2025-03-16T08:45:58","slug":"bomba-de-titulacao-e-suprimentos-que-suportam-bomba-de-titulacao-de-tres-canais-dsp-1","status":"publish","type":"product","link":"https:\/\/www.myaquastore.com\/pt-br\/produto\/bomba-de-titulacao-e-suprimentos-que-suportam-bomba-de-titulacao-de-tres-canais-dsp-1\/","title":{"rendered":"Bomba de titula\u00e7\u00e3o e suprimentos que suportam bomba de titula\u00e7\u00e3o de tr\u00eas canais DSP-1"},"content":{"rendered":"<h2>Descri\u00e7\u00e3o do produto <\/h2>\n<p><span><a><img class=\" size-full=\"><\/a><\/p>\n<p><\/span><strong><span>Modelo: DSP-1 <\/span><\/strong><\/p>\n<p>&amp;Nbsp; para <\/p>\n<p>E a fonte da bomba de microtitula\u00e7\u00e3o MARINE SOURCES \u00e9 usada principalmente para aqu\u00e1rios de maricultura dom\u00e9stica. <\/p>\n<p>&amp;Nbsp; para <\/p>\n<p>Chip de microcomputador inteligente projetado para fornecer tempo, quantitativo e preciso para adicionar v\u00e1rios elementos de necessidade biol\u00f3gica marinha, como c\u00e1lcio, magn\u00e9sio, melhorador de kh, outros tipos de aditivos de oligoelementos adicionar suplementos. Ao adicionar automa\u00e7\u00e3o, economize m\u00e3o de obra, adicione aborrecimento, evite o resultado adicional de m\u00e3o de obra causado pelo vazamento do Canad\u00e1, erros excessivos ou inadequados. <\/p>\n<p>&amp;Nbsp; para <\/p>\n<p>Bomba de titula\u00e7\u00e3o sea source host DSP-1 fornece tr\u00eas cabe\u00e7otes de titula\u00e7\u00e3o com um adaptador de energia separado. <\/p>\n<p>A unidade de extens\u00e3o DSP-2 possui quatro cabe\u00e7otes de titula\u00e7\u00e3o, sem o adaptador de energia, sem fonte de alimenta\u00e7\u00e3o adicional, s\u00f3 precisa se conectar ao host DSP-1, use a alimenta\u00e7\u00e3o do computador para funcionar. <\/p>\n<p>A conex\u00e3o do host tipo DSP-1 \u00e0 m\u00e1quina de extens\u00e3o modelo DSP-2 pode atingir at\u00e9 11 configura\u00e7\u00f5es de cabe\u00e7ote de trabalho. Veja o seguinte esquema de conex\u00e3o. <\/p>\n<p>&amp;Nbsp; para <\/p>\n<p>DSP-1 \u00e9 um computador mainframe com 3 canais, com controle. <\/p>\n<p>DSP-2 \u00e9 uma extens\u00e3o de 4 canais, deve ser acionado pelo DSP-1. <\/p>\n<p>DSP-1 pode acionar at\u00e9 dois DSP-2, consulte as seguintes solu\u00e7\u00f5es de conectividade recomendadas <\/p>\n<p>Op\u00e7\u00e3o um: um computador com um DSP-1, pode ter uma titula\u00e7\u00e3o de fun\u00e7\u00e3o de controle de 3 canais <\/p>\n<p>Op\u00e7\u00e3o dois: um DSP-1 + um DSP-2, composi\u00e7\u00e3o de 7 canais com computador tendo uma titula\u00e7\u00e3o de fun\u00e7\u00e3o de controle <\/p>\n<p>Op\u00e7\u00e3o tr\u00eas: um DSP-1 + dois DSP-2, com uma composi\u00e7\u00e3o ter uma fun\u00e7\u00e3o de titula\u00e7\u00e3o controlada por computador de 11 canais <\/p>\n<p>Mais de tr\u00eas programas, apenas uma fonte de alimenta\u00e7\u00e3o. <\/p>\n<p>O DSP-2 sozinho n\u00e3o consegue realizar fun\u00e7\u00f5es de titula\u00e7\u00e3o controladas por computador. <\/p>\n<p>&amp;Nbsp; para <\/p>\n<p><a><img class=\" size-full=\"><\/a><\/p>\n<p>&amp;Nbsp; para <\/p>\n<p>&amp;Nbsp; para <\/p>\n<p>&amp;Nbsp; para <\/p>\n<p>A bomba de titula\u00e7\u00e3o do mar de fonte tem as seguintes caracter\u00edsticas <\/p>\n<p>1 modelo estendido de host DSP-1 pode ser expandido para 11 cabe\u00e7as <\/p>\n<p>2 chip de microcomputador de n\u00edvel militar, produtos de circuito est\u00e1veis, precis\u00e3o de queda <\/p>\n<p>3 sele\u00e7\u00e3o de cinco motores silenciosos de longa longevidade e alto torque. <\/p>\n<p>Carca\u00e7a de 4 bombas com pl\u00e1stico autolubrificante de alta resist\u00eancia para instrumentos automotivos. <\/p>\n<p>5 tem uma fun\u00e7\u00e3o de economia de energia para evitar apag\u00f5es, problemas precisam repetir o conjunto. <\/p>\n<p>6 classe m\u00e9dica de alta qualidade e longevidade Buret, longa vida, n\u00e3o cont\u00e9m elementos nocivos. <\/p>\n<p>7 design \u00e0 prova d&#8217;\u00e1gua do painel de controle do computador. <\/p>\n<p>8 display LCD de cristal l\u00edquido, interface de controle interativa do operador \u00e9 amig\u00e1vel. <\/p>\n<p>&amp;Nbsp; para <\/p>\n<p>&amp;Nbsp; para <\/p>\n<p>Modelo: DSP-1 <\/p>\n<p>Pot\u00eancia do produto: Adaptador de energia AC100-240V <\/p>\n<p>Tamanho do produto: 230 * 130 * 75 mm <\/p>\n<p>Modo de trabalho: ciclos de intervalo ap\u00f3s a queda, deixando cair uma \u00fanica taxa de fluxo definida e intervalos, o produto estar\u00e1 de acordo com os intervalos definidos n\u00famero de horas de gotejamento intermitente. Fluxo de gotas \u00fanicas 00-99ml ajust\u00e1vel, intervalo de tempo ajust\u00e1vel 00-99 horas, e o outro com modo anti-interfer\u00eancia autom\u00e1tico, ao mesmo tempo que h\u00e1 duas ou mais necessidades de cabe\u00e7a caindo, a cabe\u00e7a da bomba \u00e9 automaticamente convertida para o modo anti-interfer\u00eancia, a cabe\u00e7a da bomba ser\u00e1 diferente na fila de gotejamento ap\u00f3s a cabe\u00e7a anterior, uma cabe\u00e7a depois de esperar dois minutos ap\u00f3s o gotejamento, gotejamento evitando diferentes elementos pode produzir uma variedade de rea\u00e7\u00f5es f\u00edsicas ou qu\u00edmicas e interfer\u00eancia. <\/p>\n<p>&amp;Nbsp; para <\/p>\n<p><a><img class=\" size-large=\"><\/a><\/p>\n<p><a><img class=\" size-large=\"><\/a><\/p>\n<p><strong><a><img class=\" size-large=\"><\/a><\/p>\n<p><a><img class=\" size-full=\"><\/a><br \/><a><img class=\" size-full=\"><\/a><\/p>\n<p><a><img class=\" size-full=\"><\/a><\/p>\n<p><a><img class=\" size-full=\"><\/a><\/p>\n<p><\/strong><\/p>\n<p><a><img class=\" size-full=\"><\/a><\/p>\n<p>&amp;Nbsp; para <\/p>\n<\/p><\/div>\n","protected":false},"excerpt":{"rendered":"<p>Bomba de titula\u00e7\u00e3o e suprimentos que suportam bomba de titula\u00e7\u00e3o de tr\u00eas canais DSP-1<\/p>\n","protected":false},"featured_media":6184,"comment_status":"open","ping_status":"closed","template":"","meta":[],"product_brand":[],"product_cat":[1272],"product_tag":[],"class_list":{"0":"post-37065","1":"product","2":"type-product","3":"status-publish","4":"has-post-thumbnail","6":"product_cat-escumadores-de-proteina","8":"first","9":"instock","10":"shipping-taxable","11":"purchasable","12":"product-type-simple"},"_links":{"self":[{"href":"https:\/\/www.myaquastore.com\/pt-br\/wp-json\/wp\/v2\/product\/37065","targetHints":{"allow":["GET"]}}],"collection":[{"href":"https:\/\/www.myaquastore.com\/pt-br\/wp-json\/wp\/v2\/product"}],"about":[{"href":"https:\/\/www.myaquastore.com\/pt-br\/wp-json\/wp\/v2\/types\/product"}],"replies":[{"embeddable":true,"href":"https:\/\/www.myaquastore.com\/pt-br\/wp-json\/wp\/v2\/comments?post=37065"}],"wp:featuredmedia":[{"embeddable":true,"href":"https:\/\/www.myaquastore.com\/pt-br\/wp-json\/wp\/v2\/media\/6184"}],"wp:attachment":[{"href":"https:\/\/www.myaquastore.com\/pt-br\/wp-json\/wp\/v2\/media?parent=37065"}],"wp:term":[{"taxonomy":"product_brand","embeddable":true,"href":"https:\/\/www.myaquastore.com\/pt-br\/wp-json\/wp\/v2\/product_brand?post=37065"},{"taxonomy":"product_cat","embeddable":true,"href":"https:\/\/www.myaquastore.com\/pt-br\/wp-json\/wp\/v2\/product_cat?post=37065"},{"taxonomy":"product_tag","embeddable":true,"href":"https:\/\/www.myaquastore.com\/pt-br\/wp-json\/wp\/v2\/product_tag?post=37065"}],"curies":[{"name":"wp","href":"https:\/\/api.w.org\/{rel}","templated":true}]}}