{"id":37071,"date":"2016-12-27T16:03:42","date_gmt":"2016-12-27T16:03:42","guid":{"rendered":"https:\/\/www.myaquastore.com\/product\/material-de-filtro-mspf-03-para-remover-algodao-nitrito-nitrato\/"},"modified":"2025-03-16T08:46:01","modified_gmt":"2025-03-16T08:46:01","slug":"material-de-filtro-mspf-03-para-remover-algodao-nitrito-nitrato","status":"publish","type":"product","link":"https:\/\/www.myaquastore.com\/pt-br\/produto\/material-de-filtro-mspf-03-para-remover-algodao-nitrito-nitrato\/","title":{"rendered":"Material de filtro MSPF-03 para remover algod\u00e3o nitrito nitrato"},"content":{"rendered":"<h2>Descri\u00e7\u00e3o do produto <\/h2>\n<div class=\" mod=\">\n<div>\n<div>\n<div class=\" detail-inside=\">\n<div>\n<div>\n<div class=\" regi\u00e3o-custom=\">\n<div class=\" widget-custom=\">\n<div>\n<div class=\" mod-detail-description=\" data-mod-config='{\"showOn\":[\"mod-detail-description\"],\"title\":\"\ufffd\ufffd\u03f8\ufffd\ufffd\u03e2\",\"tabConfig\":{\"trace\":\"tabdetail\",\"showKey\":\"mod-detail-description\"}}'>\n<div class=\" de-description-detail=\">\n<div>\n<p><a><img class=\"alignnone=\"><\/a><\/p>\n<p>Especifica\u00e7\u00f5es: 320\/125 mm <\/p>\n<p>Espessura: cerca de 15 ~ 16 MM <\/p>\n<p>E a fonte de algod\u00e3o de filtro multimarca eficiente <\/p>\n<p>&amp;Nbsp; para <\/p>\n<p>Voc\u00ea pode cortar livremente, \u00e1gua salobra \u00e9 adequada para todos os tipos de pequenos e m\u00e9dios colocados no filtro de aqu\u00e1rio do tanque de f\u00f3sforo ou na grade do filtro. Voc\u00ea pode misturar e combinar diferentes ra\u00e7as usadas juntas, tamb\u00e9m pode ser usado sozinho. <\/p>\n<p>&amp;Nbsp; para <\/p>\n<p>&amp;Nbsp; para <\/p>\n<p>MSPF-3: ESPONJA ABSORVENTE DE NITRITO E NITRATO para filtros de nitrato \/ nitrito de algod\u00e3o <br \/> A inovadora t\u00e9cnica de nano spray, uma mistura de resinas naturais e sint\u00e9ticas de troca de lon elimina e remove rapidamente nitrito e nitrato na \u00e1gua. Ajuda a controlar picos repentinos de am\u00f4nia e nitrito causados \u200b\u200bpela adi\u00e7\u00e3o de novos peixes ou sempre que nitrito ou nitrato \u00e9 detectado <\/p>\n<p>MSPF-3 usando uma tecnologia exclusiva de nano-revestimento, a mistura de \u00edons moleculares naturais pode ter remo\u00e7\u00e3o r\u00e1pida e reduzir o teor de nitrato e nitrito na \u00e1gua, am\u00f4nia e pode controlar rapidamente o elemento devido ao novo elemento adicional causado biologicamente \/ <span>am\u00f4nia <\/span>Um aumento repentino (am\u00f4nia, ou seja, am\u00f4nia) e valores de nitrato Tamb\u00e9m pode controlar e suprimir a gera\u00e7\u00e3o e reduzir os n\u00edveis de nitrato ou nitrito em circunst\u00e2ncias normais Sua estrutura de arranjo molecular exclusivo tamb\u00e9m ajuda a filtragem de aqu\u00e1rio e purifica\u00e7\u00e3o de impurezas para <\/p>\n<p>Caracter\u00edsticas do produto: <\/p>\n<p>E a fonte de algod\u00e3o de filtro bioqu\u00edmico de FONTES MARINHAS, resist\u00eancia suficiente, estrutura molecular compacta, distribui\u00e7\u00e3o de princ\u00edpio de nano-spray, v\u00e1rios efeitos de filtragem e adsor\u00e7\u00e3o de \u00edons. efic\u00e1cia significativa e duradoura. MSPF seu conjunto completo de filtros de algod\u00e3o pode ser cortado livremente, o sistema de \u00e1gua salobra \u00e9 adequado, adequado para todos os tipos de filtros de algod\u00e3o colocados em uma variedade de tanques de filtragem de aqu\u00e1rio ou grade de filtro\/filtro de lago de peixes. <\/p>\n<p>&amp;Nbsp; para <\/p>\n<p>Correspond\u00eancia de recomenda\u00e7\u00e3o <\/p>\n<p>A gama completa de todos os tipos de filtros de algod\u00e3o MSPF pode ser usada em conjunto (usado sozinho ou pode ser), melhor. <\/p>\n<p>Em geral, nosso conselho \u00e9: <\/p>\n<p>Primeira camada: filtro base de fibra de algod\u00e3o. Modelo: MSPF-00 <\/p>\n<p>Segunda camada: algod\u00e3o com filtro de carv\u00e3o ativado de alta qualidade. Modelo: MSPF-01 <\/p>\n<p>Terceira camada: filtros de algod\u00e3o de v\u00e1rios tipos de ordem alfab\u00e9tica sequencial multifuncional <\/p>\n<p>Al\u00e9m da filtra\u00e7\u00e3o de \u00e1cido fosf\u00f3rico. Modelo: MSPF-02 <\/p>\n<p>Algod\u00e3o para remo\u00e7\u00e3o de nitrato\/nitrito. Modelo: MSPF-03 <\/p>\n<p>Maior absor\u00e7\u00e3o de algod\u00e3o amoniacal. Modelo: MSPF-04 <\/p>\n<p>&amp;Nbsp; para <\/p>\n<p><a><img class=\"alignnone=\"><\/a><\/p>\n<p>Instru\u00e7\u00f5es de uso: <\/p>\n<p>1 em resposta ao filtro do tanque de aqu\u00e1rio\/grade de filtro\/tamanho do filtro cortado na forma e tamanho apropriados, geralmente requer a maior \u00e1rea poss\u00edvel da \u00e1gua que flui atrav\u00e9s do algod\u00e3o do filtro \u00e9 melhor. <\/p>\n<p>2 antes de usar um enx\u00e1gue simples que pode ser usado diretamente. <\/p>\n<p>3 esponja com material adsorvente de part\u00edculas finas exclusivo da nanotecnologia, n\u00e3o causar\u00e1 nenhum dano ao sistema do tanque <\/p>\n<p>Os filtros de efeitos especiais do algod\u00e3o 4 devem ser substitu\u00eddos regularmente de 2 a 3 meses. E verifique regularmente se est\u00e1 liso, se estiver bloqueado, o peixe geralmente ter\u00e1 impurezas, podendo ser reutilizado ap\u00f3s a limpeza. <\/p>\n<p>5 Por favor, coloque a preserva\u00e7\u00e3o da sombra. Mantenha todos os medicamentos longe do alcance de crian\u00e7as e animais de estima\u00e7\u00e3o. <\/p>\n<p>&amp;Nbsp; para <\/p>\n<p><strong>Outros recursos filtram a introdu\u00e7\u00e3o da s\u00e9rie de algod\u00e3o: <\/strong><\/p>\n<p>&amp;Nbsp; para <\/p>\n<p>MSPF-0: algod\u00e3o de filtro de fibra \u00e0 base de ESPONJA DE POLIFIBRA <\/p>\n<p>Ajuda a remover res\u00edduos e detritos flutuantes antes que os poluentes possam se transformar em toxinas Pode ser cortado para caber:?? Estruturas de cartucho de filtro Filtros suspensos Filtros de gotejamento Bandejas de gotejamento de filtro \u00famido\/seco Acess\u00f3rios de cabe\u00e7a motorizada Filtros de vasilha Filtros de lago???? <\/p>\n<p>MSPF-0: o sistema de aqu\u00e1rio \u00e9 o filtro de algod\u00e3o mais b\u00e1sico, pode ser livre para cortar qualquer formato e tamanho, colocado em qualquer recipiente de filtro \/ tanque de filtro \/ balde de filtro \/ grade de filtro \/ filtros superiores de tanque, etc., com suavidade atrav\u00e9s da \u00e1gua, cujo arranjo de alta densidade de estrutura molecular especial pode efetivamente absorver todos os tipos de impurezas do aqu\u00e1rio, como excrementos de peixes, <span>Res\u00edduos de alimenta\u00e7\u00e3o, melhorar a limpeza do filtro de \u00e1gua. Os melhores resultados. Reduzir a mortalidade dos peixes. <\/span><\/p>\n<p>&amp;Nbsp; para <\/p>\n<p>MSPF-1: algod\u00e3o com filtro de carv\u00e3o ativado CARBON SPONGE <br \/> O produto ideal para limpar e prevenir \u00e1gua turva <br \/> Prendendo part\u00edculas de sujeira flutuantes, materiais pesados, pat\u00f3genos, cloro, fl\u00faor e outros contaminantes <\/p>\n<p>MSPF-1 isola pequenas part\u00edculas de s\u00f3lidos suspensos na filtragem da \u00e1gua e limpa as impurezas do cilindro. otimizar a microcircula\u00e7\u00e3o ecol\u00f3gica do aqu\u00e1rio desempenha um bom papel. \u00c9 um dos suprimentos essenciais do aqu\u00e1rio. <\/p>\n<p>&amp;Nbsp; para <\/p>\n<p>MSPF-2: FOSFATO MENOS ESPONJA, exceto algod\u00e3o com filtro de fosfato <br \/> O produto ideal para reduzir o nutriente fosfato que as algas necessitam para estimular o crescimento. Al\u00e9m disso, ajuda a prevenir a \u00e1gua verde e as ervas daninhas e \u00e9 seguro para os peixes. <\/p>\n<p>MSPF-2, pode efetivamente reduzir os n\u00edveis de fosfato na \u00e1gua do aqu\u00e1rio para evitar algas ou musgo e outras produ\u00e7\u00f5es de v\u00e1rios graus, qualidade est\u00e1vel, evitando a deteriora\u00e7\u00e3o, removendo produtos qu\u00edmicos de fosfato. Sua estrutura \u00fanica de arranjo molecular tamb\u00e9m ajuda na filtragem do aqu\u00e1rio e na purifica\u00e7\u00e3o de impurezas. <\/p>\n<p>&amp;Nbsp; para <\/p>\n<p>MSPF-3: ESPONJA ABSORVENTE DE NITRITO E NITRATO para filtros de nitrato \/ nitrito de algod\u00e3o <br \/> A inovadora t\u00e9cnica de nano spray, uma mistura de resinas naturais e sint\u00e9ticas de troca de lon elimina e remove rapidamente nitrito e nitrato na \u00e1gua. Ajuda a controlar picos repentinos de am\u00f4nia e nitrito causados \u200b\u200bpela adi\u00e7\u00e3o de novos peixes ou sempre que nitrito ou nitrato \u00e9 detectado <\/p>\n<p>MSPF-3 usando uma tecnologia exclusiva de nano-revestimento, a mistura de \u00edons moleculares naturais pode ter remo\u00e7\u00e3o r\u00e1pida e reduzir o teor de nitrato e nitrito na \u00e1gua, am\u00f4nia e pode controlar rapidamente o elemento devido ao novo elemento adicional causado biologicamente \/ <span>am\u00f4nia <\/span>Um aumento repentino (am\u00f4nia, ou seja, am\u00f4nia) e valores de nitrato Ele tamb\u00e9m pode controlar e suprimir a gera\u00e7\u00e3o e reduzir os n\u00edveis de nitrato ou nitrito em circunst\u00e2ncias normais Sua estrutura de arranjo molecular exclusivo tamb\u00e9m ajuda a filtra\u00e7\u00e3o de aqu\u00e1rio e purifica\u00e7\u00e3o de impurezas para <\/p>\n<p>MSPF-4: ESPONJA DE REDU\u00c7\u00c3O DE AM\u00d4NIA potente absorvente de am\u00f4nia <br \/> O produto ideal para reduzir a toxicidade de am\u00f4nia em uma \u00e1gua de aqu\u00e1rio. resina que retira am\u00f4nia da \u00e1gua evitando a troca entre NO2 e NO3 Ajuda a controlar as toxinas associadas \u00e0 introdu\u00e7\u00e3o de novos peixes em um aqu\u00e1rio, superalimenta\u00e7\u00e3o e superlota\u00e7\u00e3o. <\/p>\n<p>MSPF-4 usando uma tecnologia exclusiva de nano-revestimento, pode ter um elemento eficaz de absor\u00e7\u00e3o de am\u00f4nia \/ <span>am\u00f4nia <\/span>(Am\u00f4nia, ou seja, am\u00f4nia) que pode prevenir o risco de di\u00f3xido de nitrog\u00eanio e tri\u00f3xido de nitrog\u00eanio. troca de materiais gerada e capaz de absorver a preven\u00e7\u00e3o e controle da adi\u00e7\u00e3o de novos peixes de aqu\u00e1rio, ou acasalamento, etc., subst\u00e2ncias perigosas geradas. Sua estrutura \u00fanica de arranjo molecular tamb\u00e9m ajuda na filtragem do aqu\u00e1rio e na purifica\u00e7\u00e3o de impurezas. <\/p>\n<\/p><\/div><\/div><\/div><\/div><\/div>\n<div class=\" widget-custom=\"><\/div><\/div><\/div><\/div><\/div><\/div><\/div><\/div>\n<div class=\" mod=\">\n<div>\n<div>\n<div class=\" detail-inside=\">\n<div>\n<div>\n<div class=\" regi\u00e3o-custom=\">\n<div class=\" widget-custom=\">\n<div> &lt;div class=&quot; mod-detail-dealrecord=&quot; mod-info&quot;=&quot; id=&quot; mod-detail-dealrecord&quot;=&quot; style=&quot; margin:=&quot; 0px=&quot; 0px=&quot; 32px;=&quot; posi\u00e7\u00e3o:=&quot; relativo;&quot;=&quot; data-mod-config=&#039;{&quot;showOn&quot;:[&quot;mod-detail-description&quot;,&quot;mod-detail-dealrecord&quot;],&quot;title&quot;:&quot;\ufffd\u027d\ufffd<em>0<\/em>&#8220;,&#8221;tabConfig&#8221;:{&#8220;trace&#8221;:&#8221;tabdealrecord&#8221;,&#8221;showKey&#8221;:&#8221;mod-detail-dealrecord &#8220;},&#8221;remarkListUrl&#8221;:&#8221;http:\/\/rate.1688.com\/remark\/offerDetail\/saleRecords.json?offerId=41188401245&#8243;,&#8221;total&#8221;:&#8221;0&#8243;,&#8221;halfYearTotal&#8221;:&#8221;0&#8243;,&#8221;totalRate&#8221;:&#8221;0&#8243;,&#8221;isTgcSKUOffer&#8221;:&#8221;false&#8221;}&#8217;&gt; <\/p>\n<div class=\" header=\">\n<h2>Registro de transa\u00e7\u00e3o <\/h2>\n<\/p><\/div><\/div><\/div><\/div><\/div><\/div><\/div><\/div><\/div><\/div><\/div><\/div>\n","protected":false},"excerpt":{"rendered":"<p>Material de filtro MSPF-03 para remover algod\u00e3o nitrito nitrato<\/p>\n","protected":false},"featured_media":6203,"comment_status":"open","ping_status":"closed","template":"","meta":[],"product_brand":[],"product_cat":[1272],"product_tag":[],"class_list":{"0":"post-37071","1":"product","2":"type-product","3":"status-publish","4":"has-post-thumbnail","6":"product_cat-escumadores-de-proteina","8":"first","9":"instock","10":"shipping-taxable","11":"purchasable","12":"product-type-simple"},"_links":{"self":[{"href":"https:\/\/www.myaquastore.com\/pt-br\/wp-json\/wp\/v2\/product\/37071","targetHints":{"allow":["GET"]}}],"collection":[{"href":"https:\/\/www.myaquastore.com\/pt-br\/wp-json\/wp\/v2\/product"}],"about":[{"href":"https:\/\/www.myaquastore.com\/pt-br\/wp-json\/wp\/v2\/types\/product"}],"replies":[{"embeddable":true,"href":"https:\/\/www.myaquastore.com\/pt-br\/wp-json\/wp\/v2\/comments?post=37071"}],"wp:featuredmedia":[{"embeddable":true,"href":"https:\/\/www.myaquastore.com\/pt-br\/wp-json\/wp\/v2\/media\/6203"}],"wp:attachment":[{"href":"https:\/\/www.myaquastore.com\/pt-br\/wp-json\/wp\/v2\/media?parent=37071"}],"wp:term":[{"taxonomy":"product_brand","embeddable":true,"href":"https:\/\/www.myaquastore.com\/pt-br\/wp-json\/wp\/v2\/product_brand?post=37071"},{"taxonomy":"product_cat","embeddable":true,"href":"https:\/\/www.myaquastore.com\/pt-br\/wp-json\/wp\/v2\/product_cat?post=37071"},{"taxonomy":"product_tag","embeddable":true,"href":"https:\/\/www.myaquastore.com\/pt-br\/wp-json\/wp\/v2\/product_tag?post=37071"}],"curies":[{"name":"wp","href":"https:\/\/api.w.org\/{rel}","templated":true}]}}