{"id":38094,"date":"2016-12-27T16:03:42","date_gmt":"2016-12-27T16:03:42","guid":{"rendered":"https:\/\/www.myaquastore.com\/product\/anel-ceramico-infravermelho-distante-de-qualidade-de-material-de-filtro-vulcanico\/"},"modified":"2025-03-16T08:52:03","modified_gmt":"2025-03-16T08:52:03","slug":"anel-ceramico-infravermelho-distante-de-qualidade-de-material-de-filtro-vulcanico","status":"publish","type":"product","link":"https:\/\/www.myaquastore.com\/pt-br\/produto\/anel-ceramico-infravermelho-distante-de-qualidade-de-material-de-filtro-vulcanico\/","title":{"rendered":"Anel cer\u00e2mico infravermelho distante de qualidade de material de filtro vulc\u00e2nico"},"content":{"rendered":"<h2>Descri\u00e7\u00e3o do produto <\/h2>\n<p><img><br class=\"\"><br class=\"\"><\/p>\n<p><br class=\"\"><br class=\"\"><img decoding=\"async\" width=\"\" height=\"\" class=\"\" alt=\"\" src=\"\"><br class=\"\"><br class=\"\"><br class=\"\"><br class=\"\"><\/p>\n<p align=\"\">\n<p align=\"\"><strong>Fonte Mar \/ Mar \ufffd\ufffd fonte \/ FONTES MARINHAS Colecion\u00e1veis \u200b\u200binfravermelho distante vulc\u00e2nico poroso anel cer\u00e2mico casa de bact\u00e9rias <\/strong>\u00c9 a vers\u00e3o de exporta\u00e7\u00e3o do filtro de n\u00edvel superior, \u00e9 uma casa de bact\u00e9rias de infravermelho distante rica em recursos, acompanhada por poros finos caracter\u00edsticos mais respir\u00e1veis. Sua estrutura de favo de mel porosa fina, bact\u00e9rias mais ben\u00e9ficas. Ao utilizar um min\u00e9rio poroso, bact\u00e9rias biol\u00f3gicas, ricas em minerais e cinzas vulc\u00e2nicas microporosas e refinadas. Oferece aos microrganismos parasitas mais adequados um bom ambiente, pode treinar um grande n\u00famero de bact\u00e9rias ben\u00e9ficas, reconstruir a qualidade ecol\u00f3gica original da \u00e1gua, decomposi\u00e7\u00e3o mais r\u00e1pida devido \u00e0 superalimenta\u00e7\u00e3o ou aumentar a alimenta\u00e7\u00e3o dos peixes, aumentando a carga causada pelo nitrito. adequado para todo o uso a longo prazo de cilindro de tanque de \u00e1gua doce e \u00e1gua do mar. e pode promover o metabolismo dos peixes e do corpo de subst\u00e2ncias nocivas. efetivamente aumentar a quantidade de oxig\u00eanio dissolvido na \u00e1gua. a \u00e1gua e a remo\u00e7\u00e3o de elementos nocivos de metais pesados. fornecer a maior resid\u00eancia de bact\u00e9rias digestivas ben\u00e9ficas. Calor de 1600 graus ap\u00f3s apreender o processamento da qualidade da \u00e1gua e depois ser ativado. induzir a cor do cabelo dos peixes. \u00e9 um material de filtro ideal <\/p>\n<p align=\"\">\n<p align=\"\">O efeito de filtragem \u00e9 o efeito da casa de bact\u00e9rias comuns 10 vezes, mudar a \u00e1gua pode prolongar o tempo para manter a \u00e1gua do aqu\u00e1rio limpa. <\/p>\n<p align=\"\">\n<p align=\"\"><strong>Perfil de efic\u00e1cia: <\/strong><\/p>\n<p align=\"\">Vulc\u00e3o vermelho de anel de cer\u00e2mica infravermelho distante, vulc\u00e2nico adiciona elementos especiais e an\u00e9is de biovidro tradicionais e outros an\u00e9is de filtro de cer\u00e2mica branca, comparados cont\u00eam minerais e oligoelementos mais abundantes, para fornecer um n\u00edvel mais est\u00e1vel de valor de PH, pode efetivamente manter a sa\u00fade do amor. Atrav\u00e9s da superf\u00edcie porosa do processo de sinteriza\u00e7\u00e3o de alta temperatura, a \u00e1rea de superf\u00edcie espec\u00edfica da cultura de bact\u00e9rias foi 100 vezes maior que a do filtro cer\u00e2mico geral, acelerando efetivamente o estabelecimento do sistema de nitrifica\u00e7\u00e3o e regenera\u00e7\u00e3o com estrutura de poros de alta penetra\u00e7\u00e3o para facilitar a r\u00e1pida cobertura de satura\u00e7\u00e3o de \u00e1gua, proporcionando espa\u00e7o aer\u00f3bico e anaer\u00f3bico, popula\u00e7\u00f5es bacterianas aer\u00f3bicas e anaer\u00f3bicas ativas da flora bacteriana, controlando efetivamente o ac\u00famulo de nitrito e nitrato. <\/p>\n<p align=\"\">\n<p align=\"\"> <strong>Comparado com o filtro geral: <\/strong><\/p>\n<p align=\"\"><strong>&amp;Nbsp; para <\/strong><\/p>\n<ul>\n<li>J\u00e1 que os poros ficaram de formato aberto, mesmo ap\u00f3s uso prolongado entupimento. <\/li>\n<li>Elemento espec\u00edfico vulc\u00e2nico adicionado, conte\u00fado mineral mais rico, valor de PH \u00e9 mais est\u00e1vel. <\/li>\n<li>O efeito de filtragem \u00e9 o efeito da casa de bact\u00e9rias comuns 10 vezes, mudar a \u00e1gua pode prolongar o tempo para manter a \u00e1gua do aqu\u00e1rio limpa. <\/li>\n<li>A decomposi\u00e7\u00e3o de subst\u00e2ncias nocivas \u00e9 mais de 10 vezes a velocidade do vidro normal ou do anel cer\u00e2mico! <\/li>\n<li>A \u00e1rea de superf\u00edcie biol\u00f3gica \u00e9 300 vezes maior que a bola! <\/li>\n<li>Estrutura capilar intrincada fixa\u00e7\u00e3o mais eficaz de bact\u00e9rias nitrificantes! <\/li>\n<li>Um grande n\u00famero de poros ultrafinos fornece terreno ideal para bact\u00e9rias desnitrificantes. <\/li>\n<li>Superf\u00edcie coberta com poros muito finos, \u00e9 mais do que um ciclo de cultura de bact\u00e9rias desnitrificantes biol\u00f3gicas comuns 10 vezes o n\u00famero <\/li>\n<li>Embalagem para a vers\u00e3o de exporta\u00e7\u00e3o da embalagem de caixa super-dura, bonita e melhor resist\u00eancia \u00e0 compress\u00e3o (produtos n\u00e3o comerciais e embalagens de caixa macia baratas, mais capazes de proteger a integridade do anel cer\u00e2mico) <\/li>\n<\/ul>\n<p align=\"\">\n<p align=\"\">Tamanho da part\u00edcula: cerca de 16 X 16 MM <\/p>\n<p align=\"\">Embalagem: Capacidade do filtro: 1L \/ 2,5L <\/p>\n<p align=\"\">\n<p align=\"\">Por favor, enx\u00e1gue com \u00e1gua e fique encharcado por meia hora ap\u00f3s desembalar 1: Lembrete <\/p>\n<p align=\"\">2 Como o filtro \u00e9 um item fr\u00e1gil, colide na produ\u00e7\u00e3o, transporte pode causar incompletude ou lascamento do anel cer\u00e2mico, isso \u00e9 normal e n\u00e3o afeta o uso normal do produto <\/p>\n<p><br class=\"\"><br class=\"\"><img decoding=\"async\" width=\"\" height=\"\" class=\"\" alt=\"\" src=\"\"><\/p>\n<p><br class=\"\"><br class=\"\"><img decoding=\"async\" width=\"\" height=\"\" class=\"\" alt=\"\" src=\"\"><br class=\"\"><br class=\"\"><br class=\"\"><img decoding=\"async\" width=\"\" height=\"\" class=\"\" alt=\"\" src=\"\"><\/p>\n<\/p><\/div>\n<p>&#8220;<\/p>\n","protected":false},"excerpt":{"rendered":"<p>Anel cer\u00e2mico infravermelho distante de qualidade de material de filtro vulc\u00e2nico<\/p>\n","protected":false},"featured_media":6215,"comment_status":"open","ping_status":"closed","template":"","meta":[],"product_brand":[],"product_cat":[1272],"product_tag":[],"class_list":{"0":"post-38094","1":"product","2":"type-product","3":"status-publish","4":"has-post-thumbnail","6":"product_cat-escumadores-de-proteina","8":"first","9":"instock","10":"shipping-taxable","11":"purchasable","12":"product-type-simple"},"_links":{"self":[{"href":"https:\/\/www.myaquastore.com\/pt-br\/wp-json\/wp\/v2\/product\/38094","targetHints":{"allow":["GET"]}}],"collection":[{"href":"https:\/\/www.myaquastore.com\/pt-br\/wp-json\/wp\/v2\/product"}],"about":[{"href":"https:\/\/www.myaquastore.com\/pt-br\/wp-json\/wp\/v2\/types\/product"}],"replies":[{"embeddable":true,"href":"https:\/\/www.myaquastore.com\/pt-br\/wp-json\/wp\/v2\/comments?post=38094"}],"wp:featuredmedia":[{"embeddable":true,"href":"https:\/\/www.myaquastore.com\/pt-br\/wp-json\/wp\/v2\/media\/6215"}],"wp:attachment":[{"href":"https:\/\/www.myaquastore.com\/pt-br\/wp-json\/wp\/v2\/media?parent=38094"}],"wp:term":[{"taxonomy":"product_brand","embeddable":true,"href":"https:\/\/www.myaquastore.com\/pt-br\/wp-json\/wp\/v2\/product_brand?post=38094"},{"taxonomy":"product_cat","embeddable":true,"href":"https:\/\/www.myaquastore.com\/pt-br\/wp-json\/wp\/v2\/product_cat?post=38094"},{"taxonomy":"product_tag","embeddable":true,"href":"https:\/\/www.myaquastore.com\/pt-br\/wp-json\/wp\/v2\/product_tag?post=38094"}],"curies":[{"name":"wp","href":"https:\/\/api.w.org\/{rel}","templated":true}]}}