{"id":38097,"date":"2016-12-27T16:03:42","date_gmt":"2016-12-27T16:03:42","guid":{"rendered":"https:\/\/www.myaquastore.com\/product\/sal-marinho-de-coral-fonte-de-sal-coral-tambores-de-20-kg\/"},"modified":"2025-03-16T08:52:05","modified_gmt":"2025-03-16T08:52:05","slug":"sal-marinho-de-coral-fonte-de-sal-coral-tambores-de-20-kg","status":"publish","type":"product","link":"https:\/\/www.myaquastore.com\/pt-br\/produto\/sal-marinho-de-coral-fonte-de-sal-coral-tambores-de-20-kg\/","title":{"rendered":"Sal marinho de coral, fonte de sal coral, tambores de 20 kg"},"content":{"rendered":"<h2>Descri\u00e7\u00e3o do produto <\/h2>\n<p><a><img class=\" size-large=\"><\/a><\/p>\n<p>FONTES MARINHAS Fonte \ufffd\ufffd Coral Sea salt usando uma formula\u00e7\u00e3o alem\u00e3 modificada mais recente desenvolvida, est\u00e1 empenhada em replicar o padr\u00e3o natural de coral da \u00e1gua do mar, que cont\u00e9m os elementos b\u00e1sicos e oligoelementos necess\u00e1rios para as \u00e1guas naturais dos recifes de coral. Vers\u00e3o atualizada de c\u00e1lcio, magn\u00e9sio e estr\u00f4ncio pode ser fornecida para atender a todas as necessidades de crescimento dos corais e pode acelerar o crescimento da estrutura do esqueleto do coral, melhorar a vitalidade e a resist\u00eancia dos corais. <br \/> Dissolu\u00e7\u00e3o r\u00e1pida, fosfato e nitrato livres. <br \/> Aviso: apenas para uso em aquicultura. <br \/> Mantenha fora do alcance dos bens infantis do local! <br \/> Especifica\u00e7\u00f5es: barril de 20 kg <br \/> Componente de configura\u00e7\u00e3o: 20 kg aplicam-se a 525 ~ 550 litros de \u00e1gua do mar <\/p>\n<p>&amp;Nbsp; para <\/p>\n<p><a><img class=\" size-full=\"><\/a><\/p>\n<p><\/p>\n<p><a><img class=\" size-full=\"><\/a><\/p>\n<p><a><img class=\" size-full=\"><\/a><\/p>\n<p><a><img class=\" size-full=\"><\/a><\/p>\n<\/p><\/div>\n","protected":false},"excerpt":{"rendered":"<p>Sal marinho de coral, fonte de sal coral, tambores de 20 kg<\/p>\n","protected":false},"featured_media":6224,"comment_status":"open","ping_status":"closed","template":"","meta":[],"product_brand":[],"product_cat":[1272],"product_tag":[],"class_list":{"0":"post-38097","1":"product","2":"type-product","3":"status-publish","4":"has-post-thumbnail","6":"product_cat-escumadores-de-proteina","8":"first","9":"instock","10":"shipping-taxable","11":"purchasable","12":"product-type-simple"},"_links":{"self":[{"href":"https:\/\/www.myaquastore.com\/pt-br\/wp-json\/wp\/v2\/product\/38097","targetHints":{"allow":["GET"]}}],"collection":[{"href":"https:\/\/www.myaquastore.com\/pt-br\/wp-json\/wp\/v2\/product"}],"about":[{"href":"https:\/\/www.myaquastore.com\/pt-br\/wp-json\/wp\/v2\/types\/product"}],"replies":[{"embeddable":true,"href":"https:\/\/www.myaquastore.com\/pt-br\/wp-json\/wp\/v2\/comments?post=38097"}],"wp:featuredmedia":[{"embeddable":true,"href":"https:\/\/www.myaquastore.com\/pt-br\/wp-json\/wp\/v2\/media\/6224"}],"wp:attachment":[{"href":"https:\/\/www.myaquastore.com\/pt-br\/wp-json\/wp\/v2\/media?parent=38097"}],"wp:term":[{"taxonomy":"product_brand","embeddable":true,"href":"https:\/\/www.myaquastore.com\/pt-br\/wp-json\/wp\/v2\/product_brand?post=38097"},{"taxonomy":"product_cat","embeddable":true,"href":"https:\/\/www.myaquastore.com\/pt-br\/wp-json\/wp\/v2\/product_cat?post=38097"},{"taxonomy":"product_tag","embeddable":true,"href":"https:\/\/www.myaquastore.com\/pt-br\/wp-json\/wp\/v2\/product_tag?post=38097"}],"curies":[{"name":"wp","href":"https:\/\/api.w.org\/{rel}","templated":true}]}}