{"id":38106,"date":"2016-12-27T16:03:42","date_gmt":"2016-12-27T16:03:42","guid":{"rendered":"https:\/\/www.myaquastore.com\/product\/caixa-de-transbordamento-caixa-de-transbordamento-sob-1-fluxo-maximo-2500l-h\/"},"modified":"2025-03-16T08:52:09","modified_gmt":"2025-03-16T08:52:09","slug":"caixa-de-transbordamento-caixa-de-transbordamento-sob-1-fluxo-maximo-2500l-h","status":"publish","type":"product","link":"https:\/\/www.myaquastore.com\/pt-br\/produto\/caixa-de-transbordamento-caixa-de-transbordamento-sob-1-fluxo-maximo-2500l-h\/","title":{"rendered":"Caixa de transbordamento Caixa de transbordamento SOB-1 Fluxo m\u00e1ximo 2500L \/ H"},"content":{"rendered":"<h2>Descri\u00e7\u00e3o do produto <\/h2>\n<div><strong>E a fonte da caixa de transbordamento MARINE SOURCES <\/strong>Conecte a borda do tanque e, em seguida, conecte-a ao fundo do sistema de filtragem do aqu\u00e1rio. Ap\u00f3s o in\u00edcio e a fonte da caixa de transbordamento de fontes marinhas, a a\u00e7\u00e3o da bomba de circula\u00e7\u00e3o de \u00e1gua do aqu\u00e1rio por uma bomba no tanque, em seguida, flui atrav\u00e9s do fundo do tanque de transbordamento da caixa, para que voc\u00ea n\u00e3o possa virar o fundo do buraco no tanque ser\u00e1 o ciclo de implementa\u00e7\u00e3o mais simples do aqu\u00e1rio. <\/div>\n<div><\/div>\n<div>Modelo: SOB-1 <\/div>\n<div>Fluxo: 2500L \/ H <\/div>\n<div>Especifica\u00e7\u00f5es:( comprimento\/largura\/altura): 18,7 \/ 0,19,7 \/ 26CM <\/div>\n<div><a><img class=\" size-full=\"><\/a><\/div>\n<div><a><img class=\" size-full=\"><\/a><\/p>\n<p><strong>Fontes marinhas <\/strong><strong>E a fonte da caixa de transbordamento <\/strong>Recurso <\/p>\n<p><div>1 usa material acr\u00edlico avan\u00e7ado (acr\u00edlico) produzido. <\/div>\n<div>2 est\u00e1 equipado com um pente de prote\u00e7\u00e3o de trilho de caixa de transbordamento, pode fluir uniformemente disperso e pode parar os peixes, plantas e outros detritos na caixa de transbordamento do tanque. <\/div>\n<div>3 caixas transbordando com atividades de armazenamento de \u00e1gua podem tampar, podem efetivamente reduzir o ru\u00eddo e evitar que detritos entrem na caixa de transbordamento. <\/div>\n<div>4 design exclusivo de tubo de sa\u00edda dupla, pode ser conectado \u00e0 fonte do silenciador do skimmer do mar, que pode alcan\u00e7ar uma caixa de transbordamento de exaust\u00e3o interna r\u00e1pida e simples. <\/div>\n<div>PS: agora s\u00f3 preto. <\/div>\n<div><\/div>\n<div><strong>Diagrama de instala\u00e7\u00e3o da caixa de jun\u00e7\u00e3o <\/strong><\/p>\n<\/div>\n<div><strong><a><img class=\" size-full=\"><\/a><\/p>\n<p><\/strong><\/div>\n<div><\/div>\n<div>A figura \u00e9 o pente de transbordamento, para que a \u00e1gua possa ser dispersada uniformemente e possa parar os peixes, plantas e outros detritos na caixa de transbordamento do tanque. <\/div>\n<div><a><img class=\" size-full=\"><\/a><\/p>\n<\/div>\n<div>\n<\/div>\n<div>SOB-1 (2500L) e SOB-2 (5000L) Display de contraste <\/div>\n<div><a><img class=\" size-full=\"><\/a><\/p>\n<p><a><img class=\" size-full=\"><\/a><\/p>\n<\/div>\n<div><\/div><\/div><\/div>\n","protected":false},"excerpt":{"rendered":"<p>Caixa de transbordamento Caixa de transbordamento SOB-1 Fluxo m\u00e1ximo 2500L \/ H<\/p>\n","protected":false},"featured_media":6243,"comment_status":"open","ping_status":"closed","template":"","meta":[],"product_brand":[],"product_cat":[1272],"product_tag":[],"class_list":{"0":"post-38106","1":"product","2":"type-product","3":"status-publish","4":"has-post-thumbnail","6":"product_cat-escumadores-de-proteina","8":"first","9":"instock","10":"shipping-taxable","11":"purchasable","12":"product-type-simple"},"_links":{"self":[{"href":"https:\/\/www.myaquastore.com\/pt-br\/wp-json\/wp\/v2\/product\/38106","targetHints":{"allow":["GET"]}}],"collection":[{"href":"https:\/\/www.myaquastore.com\/pt-br\/wp-json\/wp\/v2\/product"}],"about":[{"href":"https:\/\/www.myaquastore.com\/pt-br\/wp-json\/wp\/v2\/types\/product"}],"replies":[{"embeddable":true,"href":"https:\/\/www.myaquastore.com\/pt-br\/wp-json\/wp\/v2\/comments?post=38106"}],"wp:featuredmedia":[{"embeddable":true,"href":"https:\/\/www.myaquastore.com\/pt-br\/wp-json\/wp\/v2\/media\/6243"}],"wp:attachment":[{"href":"https:\/\/www.myaquastore.com\/pt-br\/wp-json\/wp\/v2\/media?parent=38106"}],"wp:term":[{"taxonomy":"product_brand","embeddable":true,"href":"https:\/\/www.myaquastore.com\/pt-br\/wp-json\/wp\/v2\/product_brand?post=38106"},{"taxonomy":"product_cat","embeddable":true,"href":"https:\/\/www.myaquastore.com\/pt-br\/wp-json\/wp\/v2\/product_cat?post=38106"},{"taxonomy":"product_tag","embeddable":true,"href":"https:\/\/www.myaquastore.com\/pt-br\/wp-json\/wp\/v2\/product_tag?post=38106"}],"curies":[{"name":"wp","href":"https:\/\/api.w.org\/{rel}","templated":true}]}}