{"id":38108,"date":"2016-12-27T16:03:43","date_gmt":"2016-12-27T16:03:43","guid":{"rendered":"https:\/\/www.myaquastore.com\/product\/alem-da-caixa-de-fonte-silenciador-de-espuma-do-mar-caixa-silenciadora-de-desembacador-btb-1\/"},"modified":"2025-03-16T08:52:10","modified_gmt":"2025-03-16T08:52:10","slug":"alem-da-caixa-de-fonte-silenciador-de-espuma-do-mar-caixa-silenciadora-de-desembacador-btb-1","status":"publish","type":"product","link":"https:\/\/www.myaquastore.com\/pt-br\/produto\/alem-da-caixa-de-fonte-silenciador-de-espuma-do-mar-caixa-silenciadora-de-desembacador-btb-1\/","title":{"rendered":"Al\u00e9m da caixa de fonte Silenciador de espuma do mar, caixa silenciadora de desemba\u00e7ador BTB-1"},"content":{"rendered":"<h2>Descri\u00e7\u00e3o do produto <\/h2>\n<p>Al\u00e9m de lan\u00e7ar caixa silenciadora de espuma <\/p>\n<div>Especifica\u00e7\u00f5es: <\/div>\n<div>Modelo: BTB-1 <\/div>\n<div>Vaz\u00e3o: 1800 L\/H <\/div>\n<div>Altura t: 550MM <\/div>\n<div>Especifica\u00e7\u00f5es da cobertura: 145MM \/ 122MM <\/div>\n<div>Especifica\u00e7\u00e3o de entrada: 32MM <\/div>\n<div>Especifica\u00e7\u00f5es de sa\u00edda t: 40MM <\/div>\n<div><\/div>\n<div><a><img class=\" size-full=\"><\/a><\/div>\n<div><\/div>\n<div>MS lan\u00e7a sele\u00e7\u00e3o de caixa silenciadora de espuma de produ\u00e7\u00e3o de materiais acr\u00edlicos de alta qualidade processos, conectando tubos de \u00e1gua de aqu\u00e1rio, podem efetivamente resolver problemas comuns al\u00e9m do seguinte <\/div>\n<div>1 para reduzir a sa\u00edda de um grande n\u00famero de espuma <\/div>\n<div>2 reduzir respingos de sal marinho <\/div>\n<div>3 reduzir efetivamente o volume de \u00e1gua <\/div>\n<div>4 atingindo um corpo de \u00e1gua, aumentar o conte\u00fado de oxig\u00eanio. <\/div>\n<div> 700&#8243;=&#8221; height=&#8221; 677&#8243;=&#8221; class=&#8221; size-full=&#8221; wp-image-3129=&#8221; aligncenter&#8221;=&#8221; alt=&#8221; 957856366_983171743&#8243;=&#8221; src=&#8221; http:\/\/myaquastore.com\/img\/ms\/957856366_983171743.jpg&#8221;=&#8221;&gt;<\/a><\/div>\n<div><\/div>\n<div>\n<\/div>\n<div><\/div><\/div>\n<div>Esquema <\/div>\n<div><a><img class=\"alignnone=\"><\/a><\/div>\n<div><\/div>\n<div><\/div>\n<div><\/div><\/div>\n","protected":false},"excerpt":{"rendered":"<p>Al\u00e9m da caixa de fonte Silenciador de espuma do mar, caixa silenciadora de desemba\u00e7ador BTB-1<\/p>\n","protected":false},"featured_media":6248,"comment_status":"open","ping_status":"closed","template":"","meta":[],"product_brand":[],"product_cat":[1272],"product_tag":[],"class_list":{"0":"post-38108","1":"product","2":"type-product","3":"status-publish","4":"has-post-thumbnail","6":"product_cat-escumadores-de-proteina","8":"first","9":"instock","10":"shipping-taxable","11":"purchasable","12":"product-type-simple"},"_links":{"self":[{"href":"https:\/\/www.myaquastore.com\/pt-br\/wp-json\/wp\/v2\/product\/38108","targetHints":{"allow":["GET"]}}],"collection":[{"href":"https:\/\/www.myaquastore.com\/pt-br\/wp-json\/wp\/v2\/product"}],"about":[{"href":"https:\/\/www.myaquastore.com\/pt-br\/wp-json\/wp\/v2\/types\/product"}],"replies":[{"embeddable":true,"href":"https:\/\/www.myaquastore.com\/pt-br\/wp-json\/wp\/v2\/comments?post=38108"}],"wp:featuredmedia":[{"embeddable":true,"href":"https:\/\/www.myaquastore.com\/pt-br\/wp-json\/wp\/v2\/media\/6248"}],"wp:attachment":[{"href":"https:\/\/www.myaquastore.com\/pt-br\/wp-json\/wp\/v2\/media?parent=38108"}],"wp:term":[{"taxonomy":"product_brand","embeddable":true,"href":"https:\/\/www.myaquastore.com\/pt-br\/wp-json\/wp\/v2\/product_brand?post=38108"},{"taxonomy":"product_cat","embeddable":true,"href":"https:\/\/www.myaquastore.com\/pt-br\/wp-json\/wp\/v2\/product_cat?post=38108"},{"taxonomy":"product_tag","embeddable":true,"href":"https:\/\/www.myaquastore.com\/pt-br\/wp-json\/wp\/v2\/product_tag?post=38108"}],"curies":[{"name":"wp","href":"https:\/\/api.w.org\/{rel}","templated":true}]}}