{"id":38110,"date":"2016-12-27T16:03:43","date_gmt":"2016-12-27T16:03:43","guid":{"rendered":"https:\/\/www.myaquastore.com\/product\/qbox-mini-aquario-acrilico-aquario-acrilico-qb2\/"},"modified":"2025-03-16T08:52:10","modified_gmt":"2025-03-16T08:52:10","slug":"qbox-mini-aquario-acrilico-aquario-acrilico-qb2","status":"publish","type":"product","link":"https:\/\/www.myaquastore.com\/pt-br\/produto\/qbox-mini-aquario-acrilico-aquario-acrilico-qb2\/","title":{"rendered":"Qbox Mini Aqu\u00e1rio Acr\u00edlico Aqu\u00e1rio Acr\u00edlico QB2"},"content":{"rendered":"<h2>Descri\u00e7\u00e3o do produto <\/h2>\n<p>&amp;Nbsp; para <\/p>\n<div>\n<div>\n<div class=\" page-offerdetail=\">\n<div>\n<div class=\" segment=\">\n<div>\n<div class=\" main-wrap=\">\n<div class=\" mod=\">\n<div>\n<div>\n<div class=\" detail-inside=\">\n<div>\n<div>\n<div class=\" regi\u00e3o-custom=\">\n<div class=\" widget-custom=\">\n<div>\n<div class=\" mod-detail-description=\" data-mod-config='{\"showOn\":[\"mod-detail-description\"],\"title\":\"\ufffd\ufffd\u03f8\ufffd\ufffd\u03e2\",\"tabConfig\":{\"trace\":\"tabdetail\",\"showKey\":\"mod-detail-description\"}}'>\n<div class=\" de-description-detail=\">\n<div>\n<p><a><img class=\" size-large=\"><\/a><a><br \/> <\/a><\/p>\n<p>S\u00e9rie de fontes Acr\u00edlico Aquarium Sea QBOX usando produ\u00e7\u00e3o avan\u00e7ada de material acr\u00edlico importado, n\u00e3o apenas a apar\u00eancia de multa, e o tanque \u00e9 equipado com equipamentos b\u00e1sicos de piscicultura di\u00e1rios necess\u00e1rio, como um sistema de filtragem completo. Tanque de luz LED e bomba de \u00e1gua circulante. Especialmente indicado para fam\u00edlias, empresas e outros espa\u00e7os de lazer. <\/p>\n<p>modelo. QB2 <br \/> Especifica\u00e7\u00f5es do aqu\u00e1rio: L 220 \/ W 180 \/ H 245 MM (excluindo l\u00e2mpada de clipe) <br \/> Sele\u00e7\u00e3o de cores preto \/ branco <br \/> Pot\u00eancia da bomba de suporte: 2,5 W <br \/> Pot\u00eancia da l\u00e2mpada de clipe pequeno LED 1,6 W <\/p>\n<p>1 uso de material acr\u00edlico importado, alta transmit\u00e2ncia de luz, do que a luz m\u00e9dia do aqu\u00e1rio de vidro mais de 50% <\/p>\n<p>design compacto de 2 tanques estilo, corpo feito de acr\u00edlico, sem cantos vivos, seguro e confi\u00e1vel. <\/p>\n<p>(O peso tradicional do aqu\u00e1rio, a superf\u00edcie e a parte de liga\u00e7\u00e3o da superf\u00edcie t\u00eam cantos afiados, facilmente machucados, especialmente crian\u00e7as, e o aqu\u00e1rio facilmente quebrado, h\u00e1 um certo risco) <\/p>\n<p>3 O uso do aqu\u00e1rio de fundo tem um estilo de tijolo realmente c\u00f4ncavo, simples e elegante, adequado para qualquer estilo de mobili\u00e1rio. <\/p>\n<p>4 suporta um sistema de filtragem e vem com dois tipos de esponjas, peixes, etc., pode filtrar efetivamente impurezas e excrementos. <\/p>\n<p>Interruptor de 5 toques com luzes LED bicolores azuis e brancas. <\/p>\n<p>6 vem com um fluxo ajust\u00e1vel de bomba de \u00e1gua circulante. <\/p>\n<p>7 design de economia de energia, um tanque cheio contendo bomba de \u00e1gua e luz LED, o consumo de energia \u00e9 de apenas 4,1 W <\/p>\n<p>&amp;Nbsp; para <\/p>\n<p><a><img class=\" size-full=\"><\/a> <a><img class=\" size-full=\"><\/a> <a><img class=\" size-large=\"><\/a> <a><img class=\" size-large=\"><\/a>&amp;Nbsp; para <a><img class=\" size-large=\"><\/a><\/p>\n<\/p><\/div><\/div><\/div><\/div><\/div><\/div><\/div><\/div><\/div><\/div><\/div><\/div><\/div><\/div><\/div><\/div><\/div><\/div><\/div><\/div>\n","protected":false},"excerpt":{"rendered":"<p>Qbox Mini Aqu\u00e1rio Acr\u00edlico Aqu\u00e1rio Acr\u00edlico QB2<\/p>\n","protected":false},"featured_media":6254,"comment_status":"open","ping_status":"closed","template":"","meta":[],"product_brand":[],"product_cat":[1272],"product_tag":[],"class_list":{"0":"post-38110","1":"product","2":"type-product","3":"status-publish","4":"has-post-thumbnail","6":"product_cat-escumadores-de-proteina","8":"first","9":"instock","10":"shipping-taxable","11":"purchasable","12":"product-type-simple"},"_links":{"self":[{"href":"https:\/\/www.myaquastore.com\/pt-br\/wp-json\/wp\/v2\/product\/38110","targetHints":{"allow":["GET"]}}],"collection":[{"href":"https:\/\/www.myaquastore.com\/pt-br\/wp-json\/wp\/v2\/product"}],"about":[{"href":"https:\/\/www.myaquastore.com\/pt-br\/wp-json\/wp\/v2\/types\/product"}],"replies":[{"embeddable":true,"href":"https:\/\/www.myaquastore.com\/pt-br\/wp-json\/wp\/v2\/comments?post=38110"}],"wp:featuredmedia":[{"embeddable":true,"href":"https:\/\/www.myaquastore.com\/pt-br\/wp-json\/wp\/v2\/media\/6254"}],"wp:attachment":[{"href":"https:\/\/www.myaquastore.com\/pt-br\/wp-json\/wp\/v2\/media?parent=38110"}],"wp:term":[{"taxonomy":"product_brand","embeddable":true,"href":"https:\/\/www.myaquastore.com\/pt-br\/wp-json\/wp\/v2\/product_brand?post=38110"},{"taxonomy":"product_cat","embeddable":true,"href":"https:\/\/www.myaquastore.com\/pt-br\/wp-json\/wp\/v2\/product_cat?post=38110"},{"taxonomy":"product_tag","embeddable":true,"href":"https:\/\/www.myaquastore.com\/pt-br\/wp-json\/wp\/v2\/product_tag?post=38110"}],"curies":[{"name":"wp","href":"https:\/\/api.w.org\/{rel}","templated":true}]}}