{"id":38113,"date":"2016-12-27T16:03:43","date_gmt":"2016-12-27T16:03:43","guid":{"rendered":"https:\/\/www.myaquastore.com\/product\/red-devil-dc-bomba-de-velocidade-variavel-dc-inversor-bomba-de-velocidade-variavel-escova-de-agulha-red-devil-frequencia-bomba-de-escova-de-agulha-dc10000s\/"},"modified":"2025-03-16T08:52:17","modified_gmt":"2025-03-16T08:52:17","slug":"red-devil-dc-bomba-de-velocidade-variavel-dc-inversor-bomba-de-velocidade-variavel-escova-de-agulha-red-devil-frequencia-bomba-de-escova-de-agulha-dc10000s","status":"publish","type":"product","link":"https:\/\/www.myaquastore.com\/pt-br\/produto\/red-devil-dc-bomba-de-velocidade-variavel-dc-inversor-bomba-de-velocidade-variavel-escova-de-agulha-red-devil-frequencia-bomba-de-escova-de-agulha-dc10000s\/","title":{"rendered":"Red Devil DC bomba de velocidade vari\u00e1vel DC inversor bomba de velocidade vari\u00e1vel escova de agulha Red Devil freq\u00fc\u00eancia bomba de escova de agulha DC10000S"},"content":{"rendered":"<h2>Descri\u00e7\u00e3o do produto <\/h2>\n<p><a><img class=\" wp-image-3574=\" alt=\" dc=\"><\/a><\/p>\n<p><a><img class=\" size-large=\"><\/a><\/p>\n<p><\/p>\n<table>\n<tbody>\n<tr>\n<td>\n<div><strong>modelo <\/strong><\/div>\n<\/td>\n<td>\n<div><strong>Tipos de bomba <\/strong><\/div>\n<\/td>\n<td>\n<div><strong>Tens\u00e3o <\/strong><\/div>\n<\/td>\n<td>\n<div><strong>pot\u00eancia <\/strong><\/div>\n<\/td>\n<td>\n<div><strong>A quantidade m\u00e1xima de ingest\u00e3o <\/strong><\/div>\n<\/td>\n<\/tr>\n<tr>\n<td>\n<div><strong>DC10000S <\/strong><\/div>\n<\/td>\n<td>\n<div><strong>Bomba manual de minuto de ovo escovado <\/strong><\/div>\n<\/td>\n<td>\n<div><strong>100 ~ 240V convertido para 24V DC <\/strong><\/div>\n<\/td>\n<td>\n<div><strong>48W <\/strong><\/div>\n<\/td>\n<td>\n<div><strong>2800L <\/strong><strong>\/ H <\/strong><\/div>\n<\/td>\n<\/tr>\n<\/tbody>\n<\/table>\n<div><\/div>\n<div>\n<div>Especifica\u00e7\u00f5es de embalagem: 242\/222\/142 MM <\/div>\n<div><\/div>\n<p>Recursos da bomba de con\u00edferas de frequ\u00eancia Red Devil DC10000S: <\/p>\n<\/p><\/div>\n<div>\n<div>\n<div>1 cilindro de ovo taxa ajust\u00e1vel seis vezes, livre para manipular o desempenho do skimmer, de fraco a forte total de 10 arquivos (novo controlador) manipula\u00e7\u00e3o arbitr\u00e1ria. <\/div>\n<div>2 chip inteligente, superaquecimento da bomba desligada automaticamente para evitar problemas de queima bombas bomba sob condi\u00e7\u00f5es operacionais anormais causadas pela ocorr\u00eancia de for\u00e7a. <\/div>\n<div>3 bombas t\u00eam modo de alimenta\u00e7\u00e3o de 10 minutos, alimentando os peixes quando o modo \u00e9 ligado skimmer parar automaticamente de funcionar por 10 minutos, pode efetivamente impedir o processo de alimenta\u00e7\u00e3o devido a mudan\u00e7as na qualidade da \u00e1gua causadas pelo funcionamento anormal do skimmer ou overshoot de explos\u00e3o. <\/div>\n<div>4 com um novo design profissional e um novo impulsor de agulha Venturi VENTURII bocal de suc\u00e7\u00e3o no skimmer sobre o uso e desempenho superior. <\/div>\n<div>\n<div>5 n\u00e3o cont\u00e9m cobre, n\u00e3o libera subst\u00e2ncias e elementos nocivos para a \u00e1gua do mar. <\/div>\n<div>6 A tecnologia europeia de inversor de baixa tens\u00e3o, economia de energia, opera\u00e7\u00e3o silenciosa. <\/div>\n<div>7 acabamento de eixo de cer\u00e2mica resistente ao desgaste polimento, opera\u00e7\u00e3o est\u00e1vel, sem ru\u00eddo, longa vida \u00fatil. 686&#8243;=&#8221; class=&#8221; size-large=&#8221; wp-image-3590=&#8221; aligncenter&#8221;=&#8221; alt=&#8221; 1033949163_983171743&#8243;=&#8221; src=&#8221; http:\/\/myaquastore.com\/img\/ms\/1033949163_983171743.jpg&#8221;=&#8221;&gt;<\/a><\/div>\n<p><a><br \/> <\/a><\/p>\n<p><a><img class=\" size-large=\"><\/a><\/p>\n<p><strong>Voc\u00ea pode escolher dire\u00e7\u00f5es de sa\u00edda diferentes <\/strong><\/p>\n<p><strong><a><img class=\" size-large=\"><\/a><\/p>\n<p><\/strong><\/p>\n<p><a><img class=\" size-full=\"><\/a><\/p>\n<\/p>\n<div>\n<div><\/div>\n<div>\n<\/div><\/div>\n<div>&amp;Nbsp; para <img><br class=\"\"><br class=\"\"><img decoding=\"async\" class=\"\" alt=\"\" src=\"\"><\/div>\n<p>&amp;Nbsp;<\/p>\n","protected":false},"excerpt":{"rendered":"<p>Red Devil DC bomba de velocidade vari\u00e1vel DC inversor bomba de velocidade vari\u00e1vel escova de agulha Red Devil freq\u00fc\u00eancia bomba de escova de agulha DC10000S<\/p>\n","protected":false},"featured_media":6294,"comment_status":"open","ping_status":"closed","template":"","meta":[],"product_brand":[],"product_cat":[1272],"product_tag":[],"class_list":{"0":"post-38113","1":"product","2":"type-product","3":"status-publish","4":"has-post-thumbnail","6":"product_cat-escumadores-de-proteina","8":"first","9":"instock","10":"shipping-taxable","11":"purchasable","12":"product-type-simple"},"_links":{"self":[{"href":"https:\/\/www.myaquastore.com\/pt-br\/wp-json\/wp\/v2\/product\/38113","targetHints":{"allow":["GET"]}}],"collection":[{"href":"https:\/\/www.myaquastore.com\/pt-br\/wp-json\/wp\/v2\/product"}],"about":[{"href":"https:\/\/www.myaquastore.com\/pt-br\/wp-json\/wp\/v2\/types\/product"}],"replies":[{"embeddable":true,"href":"https:\/\/www.myaquastore.com\/pt-br\/wp-json\/wp\/v2\/comments?post=38113"}],"wp:featuredmedia":[{"embeddable":true,"href":"https:\/\/www.myaquastore.com\/pt-br\/wp-json\/wp\/v2\/media\/6294"}],"wp:attachment":[{"href":"https:\/\/www.myaquastore.com\/pt-br\/wp-json\/wp\/v2\/media?parent=38113"}],"wp:term":[{"taxonomy":"product_brand","embeddable":true,"href":"https:\/\/www.myaquastore.com\/pt-br\/wp-json\/wp\/v2\/product_brand?post=38113"},{"taxonomy":"product_cat","embeddable":true,"href":"https:\/\/www.myaquastore.com\/pt-br\/wp-json\/wp\/v2\/product_cat?post=38113"},{"taxonomy":"product_tag","embeddable":true,"href":"https:\/\/www.myaquastore.com\/pt-br\/wp-json\/wp\/v2\/product_tag?post=38113"}],"curies":[{"name":"wp","href":"https:\/\/api.w.org\/{rel}","templated":true}]}}