{"id":38122,"date":"2016-12-27T16:03:48","date_gmt":"2016-12-27T16:03:48","guid":{"rendered":"https:\/\/www.myaquastore.com\/product\/acessorios-de-instalacao-aquario-acrilico-anexo-tlb-1-tampa-do-tanque-um-pacote-de-4-baias\/"},"modified":"2025-03-16T08:52:58","modified_gmt":"2025-03-16T08:52:58","slug":"acessorios-de-instalacao-aquario-acrilico-anexo-tlb-1-tampa-do-tanque-um-pacote-de-4-baias","status":"publish","type":"product","link":"https:\/\/www.myaquastore.com\/pt-br\/produto\/acessorios-de-instalacao-aquario-acrilico-anexo-tlb-1-tampa-do-tanque-um-pacote-de-4-baias\/","title":{"rendered":"Acess\u00f3rios de instala\u00e7\u00e3o aqu\u00e1rio acr\u00edlico anexo TLB-1 tampa do tanque um pacote de 4 baias"},"content":{"rendered":"<h2>Descri\u00e7\u00e3o do produto <\/h2>\n<p><a><img class=\"alignnone=\"><\/a><\/p>\n<p>E a fonte da bandeja de cobertura do tanque MARINE FONTES produto importado madeira de plexiglass transparente Tu <\/p>\n<p>Exposi\u00e7\u00e3o para uma variedade de cilindro ultra-branco, tanque, cilindro de grama e a necessidade de isolamento Tanque Guiyi, aqu\u00e1rio e outros animais de estima\u00e7\u00e3o <\/p>\n<p>&amp;Nbsp; para <\/p>\n<p>Este produto \u00e9 um conjunto de quatro, como o suporte da tampa, a for\u00e7a mais uniformemente <\/p>\n<p>Caracter\u00edsticas: <\/p>\n<p>Para uma variedade de exposi\u00e7\u00e3o sem refor\u00e7o, deve ser tanque de placa estampada \/ canil <\/p>\n<p>Dobra de folha acr\u00edlica importada. a\u00e7o, bonito e dur\u00e1vel <\/p>\n<p>Pode ser pendurado em vidro de 6 a 12 mm de espessura, dois parafusos de acr\u00edlico podem ser apertados para torn\u00e1-lo mais est\u00e1vel <\/p>\n<\/p><\/div>\n","protected":false},"excerpt":{"rendered":"<p>Acess\u00f3rios de instala\u00e7\u00e3o aqu\u00e1rio acr\u00edlico anexo TLB-1 tampa do tanque um pacote de 4 baias<\/p>\n","protected":false},"featured_media":6435,"comment_status":"open","ping_status":"closed","template":"","meta":[],"product_brand":[],"product_cat":[1272],"product_tag":[],"class_list":{"0":"post-38122","1":"product","2":"type-product","3":"status-publish","4":"has-post-thumbnail","6":"product_cat-escumadores-de-proteina","8":"first","9":"instock","10":"shipping-taxable","11":"purchasable","12":"product-type-simple"},"_links":{"self":[{"href":"https:\/\/www.myaquastore.com\/pt-br\/wp-json\/wp\/v2\/product\/38122","targetHints":{"allow":["GET"]}}],"collection":[{"href":"https:\/\/www.myaquastore.com\/pt-br\/wp-json\/wp\/v2\/product"}],"about":[{"href":"https:\/\/www.myaquastore.com\/pt-br\/wp-json\/wp\/v2\/types\/product"}],"replies":[{"embeddable":true,"href":"https:\/\/www.myaquastore.com\/pt-br\/wp-json\/wp\/v2\/comments?post=38122"}],"wp:featuredmedia":[{"embeddable":true,"href":"https:\/\/www.myaquastore.com\/pt-br\/wp-json\/wp\/v2\/media\/6435"}],"wp:attachment":[{"href":"https:\/\/www.myaquastore.com\/pt-br\/wp-json\/wp\/v2\/media?parent=38122"}],"wp:term":[{"taxonomy":"product_brand","embeddable":true,"href":"https:\/\/www.myaquastore.com\/pt-br\/wp-json\/wp\/v2\/product_brand?post=38122"},{"taxonomy":"product_cat","embeddable":true,"href":"https:\/\/www.myaquastore.com\/pt-br\/wp-json\/wp\/v2\/product_cat?post=38122"},{"taxonomy":"product_tag","embeddable":true,"href":"https:\/\/www.myaquastore.com\/pt-br\/wp-json\/wp\/v2\/product_tag?post=38122"}],"curies":[{"name":"wp","href":"https:\/\/api.w.org\/{rel}","templated":true}]}}