{"id":38124,"date":"2016-12-27T16:03:47","date_gmt":"2016-12-27T16:03:47","guid":{"rendered":"https:\/\/www.myaquastore.com\/product\/instalacao-do-aquario-conexao-de-tubo-de-plastico-para-fixar-o-interruptor-da-valvula\/"},"modified":"2025-03-16T08:52:44","modified_gmt":"2025-03-16T08:52:44","slug":"instalacao-do-aquario-conexao-de-tubo-de-plastico-para-fixar-o-interruptor-da-valvula","status":"publish","type":"product","link":"https:\/\/www.myaquastore.com\/pt-br\/produto\/instalacao-do-aquario-conexao-de-tubo-de-plastico-para-fixar-o-interruptor-da-valvula\/","title":{"rendered":"Instala\u00e7\u00e3o do aqu\u00e1rio Conex\u00e3o de tubo de pl\u00e1stico para fixar o interruptor da v\u00e1lvula"},"content":{"rendered":"<h2>Descri\u00e7\u00e3o do produto <\/h2>\n<p>&amp;Nbsp; para <\/p>\n<p><a><img class=\"alignnone=\"><\/a><\/p>\n<p>Par\u00e2metros t\u00e9cnicos <\/p>\n<p>Modelo: WV1010 <\/p>\n<p>Especifica\u00e7\u00f5es: Di\u00e2metro: \uffa6\uffb510 x \uffa6\uffb510MM <\/p>\n<p>WV1010 v\u00e1lvulas, aplic\u00e1veis \u200b\u200ba todos os tipos de sistemas de conex\u00e3o de tubos de aqu\u00e1rios, todos os tipos de bombas e equipamentos de controle de fluxo <\/p>\n<p><a><img class=\" size-large=\"><\/a><\/p>\n<p>Par\u00e2metros t\u00e9cnicos <\/p>\n<p>Modelo: WV1212 <\/p>\n<p>Especifica\u00e7\u00f5es: Di\u00e2metro: \uffa6\uffb512 x \uffa6\uffb512MM <\/p>\n<p>V\u00e1lvulas WV1212, aplic\u00e1veis \u200b\u200ba todos os tipos de conex\u00e3o de tubo de tanque de peixes de aqu\u00e1rio sistema, todos os tipos de bombas e equipamentos de controle de fluxo <\/p>\n<p><a><img class=\" size-large=\"><\/a><\/p>\n<p>Par\u00e2metros t\u00e9cnicos <\/p>\n<p>Modelo: WV1616 <\/p>\n<p>Especifica\u00e7\u00f5es: Di\u00e2metro: \uffa6\uffb516 x \uffa6\uffb516MM <\/p>\n<p>V\u00e1lvulas WV1616, aplic\u00e1veis \u200b\u200ba todos os tipos de tubo de tanque de peixes de aqu\u00e1rio sistema de conex\u00e3o, todos os tipos de bombas e equipamentos de controle de fluxo <\/p>\n<p><a><img class=\" size-full=\"><\/a><\/p>\n<p>Par\u00e2metros t\u00e9cnicos <\/p>\n<p>Modelo: WV2020 <\/p>\n<p>Especifica\u00e7\u00f5es: Di\u00e2metro: \uffa6\uffb520 x \uffa6\uffb520MM <\/p>\n<p>V\u00e1lvulas WV2020, aplic\u00e1veis \u200b\u200ba todos os tipos de sistemas de conex\u00e3o de tubos de aqu\u00e1rios, todos os tipos de bombas e equipamentos de controle de fluxo <\/p>\n<p><a><img class=\" size-full=\"><\/a><\/p>\n<p>Par\u00e2metros t\u00e9cnicos <\/p>\n<p>Modelo: WV2525 <\/p>\n<p>Especifica\u00e7\u00f5es: Di\u00e2metro:\uffa6\uffb525 x \uffa6\uffb525MM <\/p>\n<p>V\u00e1lvulas WV2525, aplic\u00e1veis \u200b\u200ba todos os tipos de sistema de conex\u00e3o de tubula\u00e7\u00e3o de aqu\u00e1rio, todos os tipos de bombas e equipamentos de controle de fluxo <\/p>\n<p><a><img class=\" size-full=\"><\/a><\/p>\n<p>Par\u00e2metros t\u00e9cnicos <\/p>\n<p>Modelo: WV1610 <\/p>\n<p>Especifica\u00e7\u00f5es: Di\u00e2metro: \uffa6\uffb516 x \uffa6\uffb510MM <\/p>\n<p>V\u00e1lvulas WV1610, aplic\u00e1veis \u200b\u200ba todos os tipos de sistema de conex\u00e3o de tubula\u00e7\u00e3o de aqu\u00e1rio, todos os tipos de bombas e equipamentos de controle de fluxo <\/p>\n<p><a><img class=\" size-full=\"><\/a><\/p>\n<\/p>\n<\/div>\n","protected":false},"excerpt":{"rendered":"<p>Instala\u00e7\u00e3o do aqu\u00e1rio Conex\u00e3o de tubo de pl\u00e1stico para fixar o interruptor da v\u00e1lvula<\/p>\n","protected":false},"featured_media":6444,"comment_status":"open","ping_status":"closed","template":"","meta":[],"product_brand":[],"product_cat":[1272],"product_tag":[],"class_list":{"0":"post-38124","1":"product","2":"type-product","3":"status-publish","4":"has-post-thumbnail","6":"product_cat-escumadores-de-proteina","8":"first","9":"instock","10":"shipping-taxable","11":"purchasable","12":"product-type-simple"},"_links":{"self":[{"href":"https:\/\/www.myaquastore.com\/pt-br\/wp-json\/wp\/v2\/product\/38124","targetHints":{"allow":["GET"]}}],"collection":[{"href":"https:\/\/www.myaquastore.com\/pt-br\/wp-json\/wp\/v2\/product"}],"about":[{"href":"https:\/\/www.myaquastore.com\/pt-br\/wp-json\/wp\/v2\/types\/product"}],"replies":[{"embeddable":true,"href":"https:\/\/www.myaquastore.com\/pt-br\/wp-json\/wp\/v2\/comments?post=38124"}],"wp:featuredmedia":[{"embeddable":true,"href":"https:\/\/www.myaquastore.com\/pt-br\/wp-json\/wp\/v2\/media\/6444"}],"wp:attachment":[{"href":"https:\/\/www.myaquastore.com\/pt-br\/wp-json\/wp\/v2\/media?parent=38124"}],"wp:term":[{"taxonomy":"product_brand","embeddable":true,"href":"https:\/\/www.myaquastore.com\/pt-br\/wp-json\/wp\/v2\/product_brand?post=38124"},{"taxonomy":"product_cat","embeddable":true,"href":"https:\/\/www.myaquastore.com\/pt-br\/wp-json\/wp\/v2\/product_cat?post=38124"},{"taxonomy":"product_tag","embeddable":true,"href":"https:\/\/www.myaquastore.com\/pt-br\/wp-json\/wp\/v2\/product_tag?post=38124"}],"curies":[{"name":"wp","href":"https:\/\/api.w.org\/{rel}","templated":true}]}}